{"id":217571,"date":"2023-08-31T12:13:45","date_gmt":"2023-08-31T12:13:45","guid":{"rendered":"https:\/\/bdm-stg.mda.pl\/ocenen-a-vyznamenn\/"},"modified":"2025-08-01T12:42:37","modified_gmt":"2025-08-01T11:42:37","slug":"ocenen-a-vyznamenn","status":"publish","type":"page","link":"https:\/\/bdm-stg.mda.pl\/cs\/ocenen-a-vyznamenn\/","title":{"rendered":"Ocen\u011bn&iacute; a vyznamen&aacute;n&iacute;"},"content":{"rendered":"\n<section id=\"block_5fcef5c253abbaf90a024b2dab1fb945\" class=\"text-block   section-margin-56\">\n    <div class=\"container\">\n        <div class=\"row\">\n            <div class=\"col-24 col-lg-18\">\n                                                    <div class=\"text-block__top-texts under-h2\">\n                        <h2 class=\"text-block__title\">Ceny<\/h2>\n                                            <\/div>\n                                                                    <div class=\"text-block__entry-text text-editor under-h5\"><p>Na\u0161e pr\u00e1ce je\u00a0zaznamen\u00e1na a\u00a0oce\u0148ov\u00e1na trhem a\u00a0obchodn\u00edmi partnery.Investice realizovan\u00e9 skupinou Budimex se\u00a0oce\u0148uj\u00ed v\u00a0p\u0159edn\u00edch \u017eeb\u0159\u00ed\u010dc\u00edch a\u00a0oborov\u00fdch sout\u011b\u017e\u00edch.<\/p><\/div>\n                                                    <div class=\"text-block__text text-editor\"><p><strong>Stavba roku<\/strong><\/p>\n<p>Spole\u010dnost je\u00a0n\u011bkolikan\u00e1sobn\u00fdm v\u00edt\u011bzem ocen\u011bn\u00ed ud\u011blovan\u00e9ho Polsk\u00fdm svazem stavebn\u00edch in\u017een\u00fdr\u016f a\u00a0technik\u016f. V\u00a0r\u00e1mci sout\u011b\u017ee jsou ocen\u011bny nejlep\u0161\u00ed stavebn\u00ed projekty v\u00a0Polsku dokon\u010den\u00e9 v\u00a0dan\u00e9m roce z\u00a0hlediska in\u017een\u00fdringu. Spole\u010dnost Budimex jej z\u00edskala za\u00a0takov\u00e9 investice, jako jsou: V\u00fdzkumn\u00e9 a\u00a0v\u00fdvojov\u00e9 centrum spole\u010dnosti PKN Orlen v\u00a0P\u0142ocku, \u0141agiewnick\u00e1 cesta a\u00a0Institut tepeln\u00e9 technologie Var\u0161avsk\u00e9 technick\u00e9 univerzity ve Var\u0161av\u011b.<\/p>\n<p><strong>Stavebn\u00ed firma roku<\/strong><\/p>\n<p>Ji\u017e n\u011bkolik let je\u00a0spole\u010dnost ka\u017edoro\u010dn\u011b ocen\u011bna titulem &#8220;Stavebn\u00ed firma roku&#8221; redakc\u00ed \u010dasopisu Builder. Ocen\u011bn\u00ed se\u00a0ud\u011bluje spole\u010dnostem ze\u00a0stavebn\u00edho pr\u016fmyslu za\u00a0dynamick\u00fd rozvoj a\u00a0dosa\u017eenou pozici na\u00a0trhu, jako\u017e i\u00a0za\u00a0zvl\u00e1\u0161tn\u00ed \u00fasp\u011bchy v\u00a0dan\u00e9m roce.<\/p><\/div>\n                            <\/div>\n                                                                                                                                <\/div>\n    <\/div>\n<\/section> \n<section id=\"block_c49d42c092a7506f32b4755cc4456b1d\" class=\"video-section section-margin-72\" data-video-section>\n    <div class=\"container\">\n        <div class=\"row\">\n            <div class=\"col-24\">\n                <div class=\"video-section__video\">\n                    <button class=\"video-section__toggle play\" data-video-section-toggle>\n                        <span class=\"icon icon-play-media\"><\/span>\n                    <\/button>\n                    <video\n                        controls\n                        src=\"https:\/\/www.youtube.com\/watch?v=_tEGRtojoB8\"\n                        class=\"video-js vjs-16-9\"\n                        data-video-js\n                        data-setup='{ \"techOrder\": [\"youtube\"], \"sources\": [{ \"type\": \"video\/youtube\", \"src\": \"https:\/\/www.youtube.com\/watch?v=_tEGRtojoB8\"}] }'\n                        playsinline\n                    ><\/video>\n                <\/div>\n            <\/div>\n        <\/div>\n    <\/div>\n<\/section>  \n<section id=\"wyroznienia\" class=\"press-list  section-margin-120\" data-press-list data-press-list-settings='{\"per_page\":\"6\",\"post_type\":\"highlights\",\"is_first_highlighted\":false,\"is_show_date\":true,\"are_childrens\":false,\"current_page\":217571,\"is_gray_card\":false}'>\n    <div class=\"container\">\n                    <h2 class=\"under-h2\">Zpravodajstv&iacute;<\/h2>\n                        <div class=\"row press-list__posts\">\n            <div class=\"press-list__loader hide\" data-press-list-loader>\n                <div class=\"loader  loader--theme-default \">\n    <div><\/div>\n    <div><\/div>\n    <div><\/div>\n    <div><\/div>\n<\/div>            <\/div>\n            <div class=\"col-24\">\n                                <div class=\"row press-list__row\" data-press-list-wrapper>\n                                    <\/div>\n            <\/div>\n        <\/div>\n        <div class=\"row\">\n            <div class=\"col-24\">\n                <div class=\"press-list__pagination\">\n                    <div class=\"pagination\" data-pagination data-settings='{\"max_pages\":0,\"pages_visible\":4}'>\n    <div class=\"pagination__wrapper\">\n        <button class=\"pagination__nav pagination__nav--prev\"><i class=\"icon icon-arrow-left d-flex\"><\/i><\/button>\n        <div class=\"pagination__pages-wrapper\">\n            <div class=\"pagination__numbers\"><\/div>\n        <\/div>\n        <button class=\"pagination__nav pagination__nav--next\"><i class=\"icon icon-arrow-right d-flex\"><\/i><\/button>\n    <\/div>\n<\/div>                <\/div>\n            <\/div>\n        <\/div>\n    <\/div>\n<\/section> ","protected":false},"excerpt":{"rendered":"","protected":false},"author":0,"featured_media":0,"parent":0,"menu_order":0,"comment_status":"closed","ping_status":"closed","template":"","meta":{"_acf_changed":false,"inline_featured_image":false,"footnotes":""},"acf":[],"yoast_head":"<!-- This site is optimized with the Yoast SEO plugin v22.5 - https:\/\/yoast.com\/wordpress\/plugins\/seo\/ -->\n<title>Ocen\u011bn&iacute; a vyznamen&aacute;n&iacute; - Budimex<\/title>\n<meta name=\"robots\" content=\"noindex, follow, max-snippet:-1, max-image-preview:large, max-video-preview:-1\" \/>\n<meta property=\"og:locale\" content=\"cs_CZ\" \/>\n<meta property=\"og:type\" content=\"article\" \/>\n<meta property=\"og:title\" content=\"Ocen\u011bn&iacute; a vyznamen&aacute;n&iacute; - Budimex\" \/>\n<meta property=\"og:url\" content=\"https:\/\/bdm-stg.mda.pl\/cs\/ocenen-a-vyznamenn\/\" \/>\n<meta property=\"og:site_name\" content=\"Budimex\" \/>\n<meta property=\"article:modified_time\" content=\"2025-08-01T11:42:37+00:00\" \/>\n<meta name=\"twitter:card\" content=\"summary_large_image\" \/>\n<script type=\"application\/ld+json\" class=\"yoast-schema-graph\">{\"@context\":\"https:\/\/schema.org\",\"@graph\":[{\"@type\":\"WebPage\",\"@id\":\"https:\/\/bdm-stg.mda.pl\/cs\/ocenen-a-vyznamenn\/\",\"url\":\"https:\/\/bdm-stg.mda.pl\/cs\/ocenen-a-vyznamenn\/\",\"name\":\"Ocen\u011bn&iacute; a vyznamen&aacute;n&iacute; - Budimex\",\"isPartOf\":{\"@id\":\"https:\/\/bdm-stg.mda.pl\/cs\/#website\"},\"datePublished\":\"2023-08-31T12:13:45+00:00\",\"dateModified\":\"2025-08-01T11:42:37+00:00\",\"breadcrumb\":{\"@id\":\"https:\/\/bdm-stg.mda.pl\/cs\/ocenen-a-vyznamenn\/#breadcrumb\"},\"inLanguage\":\"cs-CZ\",\"potentialAction\":[{\"@type\":\"ReadAction\",\"target\":[\"https:\/\/bdm-stg.mda.pl\/cs\/ocenen-a-vyznamenn\/\"]}]},{\"@type\":\"BreadcrumbList\",\"@id\":\"https:\/\/bdm-stg.mda.pl\/cs\/ocenen-a-vyznamenn\/#breadcrumb\",\"itemListElement\":[{\"@type\":\"ListItem\",\"position\":1,\"name\":\"Strona g\u0142\u00f3wna\",\"item\":\"https:\/\/bdm-stg.mda.pl\/cs\/\"},{\"@type\":\"ListItem\",\"position\":2,\"name\":\"Ocen\u011bn&iacute; a vyznamen&aacute;n&iacute;\"}]},{\"@type\":\"WebSite\",\"@id\":\"https:\/\/bdm-stg.mda.pl\/cs\/#website\",\"url\":\"https:\/\/bdm-stg.mda.pl\/cs\/\",\"name\":\"Budimex\",\"description\":\"\",\"potentialAction\":[{\"@type\":\"SearchAction\",\"target\":{\"@type\":\"EntryPoint\",\"urlTemplate\":\"https:\/\/bdm-stg.mda.pl\/cs\/?s={search_term_string}\"},\"query-input\":\"required name=search_term_string\"}],\"inLanguage\":\"cs-CZ\"}]}<\/script>\n<!-- \/ Yoast SEO plugin. -->","yoast_head_json":{"title":"Ocen\u011bn&iacute; a vyznamen&aacute;n&iacute; - Budimex","robots":{"index":"noindex","follow":"follow","max-snippet":"max-snippet:-1","max-image-preview":"max-image-preview:large","max-video-preview":"max-video-preview:-1"},"og_locale":"cs_CZ","og_type":"article","og_title":"Ocen\u011bn&iacute; a vyznamen&aacute;n&iacute; - Budimex","og_url":"https:\/\/bdm-stg.mda.pl\/cs\/ocenen-a-vyznamenn\/","og_site_name":"Budimex","article_modified_time":"2025-08-01T11:42:37+00:00","twitter_card":"summary_large_image","schema":{"@context":"https:\/\/schema.org","@graph":[{"@type":"WebPage","@id":"https:\/\/bdm-stg.mda.pl\/cs\/ocenen-a-vyznamenn\/","url":"https:\/\/bdm-stg.mda.pl\/cs\/ocenen-a-vyznamenn\/","name":"Ocen\u011bn&iacute; a vyznamen&aacute;n&iacute; - Budimex","isPartOf":{"@id":"https:\/\/bdm-stg.mda.pl\/cs\/#website"},"datePublished":"2023-08-31T12:13:45+00:00","dateModified":"2025-08-01T11:42:37+00:00","breadcrumb":{"@id":"https:\/\/bdm-stg.mda.pl\/cs\/ocenen-a-vyznamenn\/#breadcrumb"},"inLanguage":"cs-CZ","potentialAction":[{"@type":"ReadAction","target":["https:\/\/bdm-stg.mda.pl\/cs\/ocenen-a-vyznamenn\/"]}]},{"@type":"BreadcrumbList","@id":"https:\/\/bdm-stg.mda.pl\/cs\/ocenen-a-vyznamenn\/#breadcrumb","itemListElement":[{"@type":"ListItem","position":1,"name":"Strona g\u0142\u00f3wna","item":"https:\/\/bdm-stg.mda.pl\/cs\/"},{"@type":"ListItem","position":2,"name":"Ocen\u011bn&iacute; a vyznamen&aacute;n&iacute;"}]},{"@type":"WebSite","@id":"https:\/\/bdm-stg.mda.pl\/cs\/#website","url":"https:\/\/bdm-stg.mda.pl\/cs\/","name":"Budimex","description":"","potentialAction":[{"@type":"SearchAction","target":{"@type":"EntryPoint","urlTemplate":"https:\/\/bdm-stg.mda.pl\/cs\/?s={search_term_string}"},"query-input":"required name=search_term_string"}],"inLanguage":"cs-CZ"}]}},"_links":{"self":[{"href":"https:\/\/bdm-stg.mda.pl\/cs\/wp-json\/wp\/v2\/pages\/217571"}],"collection":[{"href":"https:\/\/bdm-stg.mda.pl\/cs\/wp-json\/wp\/v2\/pages"}],"about":[{"href":"https:\/\/bdm-stg.mda.pl\/cs\/wp-json\/wp\/v2\/types\/page"}],"replies":[{"embeddable":true,"href":"https:\/\/bdm-stg.mda.pl\/cs\/wp-json\/wp\/v2\/comments?post=217571"}],"version-history":[{"count":2,"href":"https:\/\/bdm-stg.mda.pl\/cs\/wp-json\/wp\/v2\/pages\/217571\/revisions"}],"predecessor-version":[{"id":217581,"href":"https:\/\/bdm-stg.mda.pl\/cs\/wp-json\/wp\/v2\/pages\/217571\/revisions\/217581"}],"wp:attachment":[{"href":"https:\/\/bdm-stg.mda.pl\/cs\/wp-json\/wp\/v2\/media?parent=217571"}],"curies":[{"name":"wp","href":"https:\/\/api.w.org\/{rel}","templated":true}]}}