{"id":171262,"date":"2024-03-01T11:42:49","date_gmt":"2024-03-01T11:42:49","guid":{"rendered":"https:\/\/bdm-stg.mda.pl\/vertragsmanager-akademie\/"},"modified":"2024-07-11T15:06:24","modified_gmt":"2024-07-11T15:06:24","slug":"vertragsmanager-akademie","status":"publish","type":"page","link":"https:\/\/bdm-stg.mda.pl\/de\/entwicklung-bei-budimex\/vertragsmanager-akademie\/","title":{"rendered":"Vertragsmanager-Akademie"},"content":{"rendered":"\n<section id=\"block_6e7a2c737f1140e2f69980d198b4d23e\" class=\"title-section section-margin-56\">\n    <div class=\"container\">\n        <div class=\"row\">\n            <div class=\"col-24\">\n                <div class=\"title-section__title\">\n                    <h2 class=\"typo-h2\">Vertragsmanager-Akademie<\/h2>\n                <\/div>\n            <\/div>\n        <\/div>\n    <\/div>\n<\/section> \n<section id=\"block_dc2a98c6b1e0d321d312b3660ecf665f\" class=\"photo-section section-margin-40\">\n    <div class=\"container\">\n        <div class=\"row\">\n            <div class=\"col-24 col-lg-18\">\n                                                <div class=\"photo-section__photo\">\n                    <img decoding=\"async\" src=\"https:\/\/bdm-stg.mda.pl\/app\/uploads\/2024\/04\/Rectangle-1228.png\" alt=\"\">\n                <\/div>\n                            <\/div>\n        <\/div>\n    <\/div>\n<\/section> \n<section id=\"block_fa121c7f1ea120c1fdb61f1952cca7ec\" class=\"text-block   -hide-dots section-margin-72\">\n    <div class=\"container\">\n        <div class=\"row\">\n            <div class=\"col-24 col-lg-18\">\n                                                                                    <div class=\"text-block__entry-text text-editor under-h5\"><p style=\"text-align: justify\">Dieses Projekt wurde entwickelt, um die Entwicklung von inhaltlichen Kompetenzen und praktischen Fertigkeiten zu unterst\u00fctzen und das vorhandene Wissen von Vertragsmanagern zu konsolidieren.<\/p>\n<p style=\"text-align: justify\">Hauptziele:<\/p>\n<ul style=\"text-align: ausrichten\">\n<li>Bewusstseinsbildung f\u00fcr die Rolle und die damit verbundene Verantwortung<\/li>\n<li>Einarbeitung der Teilnehmer in\u00a0Anforderungen, Standards und Verfahren<\/li>\n<li>Vermittlung von sachlichen und praktischen Kenntnissen in\u00a0den Bereichen Erlangung, Durchf\u00fchrung und Abwicklung von Vertr\u00e4gen, Gesundheit und Sicherheit, Baustellenorganisation, Vertragsbedingungen, wirtschaftliche Aspekte, Teambildung, Beziehungsmanagement oder Verhandlungen mit Subunternehmern<\/li>\n<li>\u00dcberpr\u00fcfung der F\u00e4higkeiten im\u00a0Rahmen der Arbeit an <em>einer Fallstudie<\/em><\/li>\n<\/ul>\n<p style=\"text-align: justify\">Das Programm besteht aus f\u00fcnf Trainingsstufen mit unterschiedlichen Themen. Das Lernen an der Akademie dauert 110 Stunden und umfasst \u00fcber 25 Expertenrunden. Es\u00a0wird auch von 30 internen Spezialisten besucht.<\/p><\/div>\n                                            <\/div>\n                                                                                                                                <\/div>\n    <\/div>\n<\/section> \n    <section id=\"block_3cccd6be09b95ecbcf030cc0efe1a4b3\" class=\"gallery-section section-margin-120\" data-per-page=\"8\" data-per-row=\"4\" data-type=\"zdjecia\">\n        <div class=\"container\">\n            <div class=\"row\">\n                                    <div class=\"col-24\">\n                        <h2 class=\"gallery-section__title under-h2\">Galerie<\/h2>\n                    <\/div>\n                            <\/div>\n            <div class=\"row\">\n                <div class=\"col-24\">\n                                                                        <div class=\"gallery-section__grid gallery-section__grid--4\">\n                                \n                        <div class=\"gallery-section__image gallery-section__image--single\">\n                <a href=\"https:\/\/bdm-stg.mda.pl\/app\/uploads\/2024\/03\/pracownicy_budimex_4_-scaled.jpg\">\n                                        <img loading=\"lazy\" decoding=\"async\" width=\"2560\" height=\"1707\" src=\"https:\/\/bdm-stg.mda.pl\/app\/uploads\/2024\/03\/pracownicy_budimex_4_-scaled.jpg\" class=\"attachment-full size-full\" alt=\"\" \/>                                    <\/a>\n                            <\/div>\n                                <div class=\"gallery-section__image gallery-section__image--single\">\n                <a href=\"https:\/\/bdm-stg.mda.pl\/app\/uploads\/2024\/03\/pracownicy_budimex_1_-scaled.jpg\">\n                                        <img loading=\"lazy\" decoding=\"async\" width=\"2560\" height=\"1707\" src=\"https:\/\/bdm-stg.mda.pl\/app\/uploads\/2024\/03\/pracownicy_budimex_1_-scaled.jpg\" class=\"attachment-full size-full\" alt=\"\" \/>                                    <\/a>\n                            <\/div>\n                                <div class=\"gallery-section__image gallery-section__image--single\">\n                <a href=\"https:\/\/bdm-stg.mda.pl\/app\/uploads\/2024\/03\/pracownicy_budimex_6_-scaled.jpg\">\n                                        <img loading=\"lazy\" decoding=\"async\" width=\"2560\" height=\"1710\" src=\"https:\/\/bdm-stg.mda.pl\/app\/uploads\/2024\/03\/pracownicy_budimex_6_-scaled.jpg\" class=\"attachment-full size-full\" alt=\"\" \/>                                    <\/a>\n                            <\/div>\n                                <div class=\"gallery-section__image gallery-section__image--single\">\n                <a href=\"https:\/\/bdm-stg.mda.pl\/app\/uploads\/2024\/03\/pracownicy_budimex_7_-scaled.jpg\">\n                                        <img loading=\"lazy\" decoding=\"async\" width=\"2560\" height=\"1707\" src=\"https:\/\/bdm-stg.mda.pl\/app\/uploads\/2024\/03\/pracownicy_budimex_7_-scaled.jpg\" class=\"attachment-full size-full\" alt=\"\" \/>                                    <\/a>\n                            <\/div>\n            \n                            <\/div>\n                                                                                        <\/div>\n            <\/div>\n        <\/div>\n    <\/section>\n \n<section id=\"block_5af4463ca333bdbec2b50f4043ca4150\" class=\"cta section-margin -center\">\n                <div class=\"cta__overlay cta__overlay--center\"><\/div>\n                    <img decoding=\"async\" width=\"1920\" height=\"540\" src=\"https:\/\/bdm-stg.mda.pl\/app\/uploads\/2024\/02\/Rectangle-1209-1.png\" class=\"cta__background-image\" alt=\"\" loading=\"lazy\" srcset=\"https:\/\/bdm-stg.mda.pl\/app\/uploads\/2024\/02\/Rectangle-1209-1.png 1920w, https:\/\/bdm-stg.mda.pl\/app\/uploads\/2024\/02\/Rectangle-1209-1-1024x288.png 1024w, https:\/\/bdm-stg.mda.pl\/app\/uploads\/2024\/02\/Rectangle-1209-1-1536x432.png 1536w\" sizes=\"(max-width: 1920px) 100vw, 1920px\" \/>                <div class=\"cta__content-wrapper\">\n                <div class=\"container\">\n                        <div class=\"row align-items-center\">\n                <div class=\"col-24 offset-lg-6 col-lg-12\">\n                    <div class=\"cta__text-wrapper d-flex  flex-column\">\n                                                    <h2 class=\"cta__title under-h3  cta__title--clipped\">Bauen Sie Ihre Karriere bei uns auf!<\/h2>\n                                                                            <div class=\"cta__description under-h4 color-dark-100 cta__description--light\">\n                                <p>Realisieren Sie die gr\u00f6\u00dften Projekte, wachsen undBeeinflussen Sie die Realit\u00e4t um Sie herum.<\/p>                            <\/div>\n                                                                    <\/div>\n                    <div class=\"cta__button-wrapper\">\n                                                    <a class=\"button -wcag-yellow  button--new-gold \" href=\"https:\/\/bdm-stg.mda.pl\/kariera\/oferty-pracy\/\">Mehr<\/a>\n                                                                                                            <a class=\"button button--new-border -wcag-yellow-outline\" target=\"\" href=\"#\">Zobacz wi\u0119cej<\/a>\n                                                                            <\/div>\n                <\/div>\n                            <\/div>\n        <\/div>\n    <\/div>\n<\/section> ","protected":false},"excerpt":{"rendered":"","protected":false},"author":0,"featured_media":121438,"parent":171864,"menu_order":0,"comment_status":"closed","ping_status":"closed","template":"page-templates\/page-no-hero.php","meta":{"_acf_changed":false,"inline_featured_image":false,"footnotes":""},"acf":[],"yoast_head":"<!-- This site is optimized with the Yoast SEO plugin v22.5 - https:\/\/yoast.com\/wordpress\/plugins\/seo\/ -->\n<title>Vertragsmanager-Akademie - Budimex<\/title>\n<meta name=\"robots\" content=\"noindex, follow, max-snippet:-1, max-image-preview:large, max-video-preview:-1\" \/>\n<meta property=\"og:locale\" content=\"de_DE\" \/>\n<meta property=\"og:type\" content=\"article\" \/>\n<meta property=\"og:title\" content=\"Vertragsmanager-Akademie - Budimex\" \/>\n<meta property=\"og:url\" content=\"https:\/\/bdm-stg.mda.pl\/de\/entwicklung-bei-budimex\/vertragsmanager-akademie\/\" \/>\n<meta property=\"og:site_name\" content=\"Budimex\" \/>\n<meta property=\"article:modified_time\" content=\"2024-07-11T15:06:24+00:00\" \/>\n<meta property=\"og:image\" content=\"https:\/\/bdm-stg.mda.pl\/app\/uploads\/2024\/04\/Rectangle-445-5.webp\" \/>\n\t<meta property=\"og:image:width\" content=\"424\" \/>\n\t<meta property=\"og:image:height\" content=\"450\" \/>\n\t<meta property=\"og:image:type\" content=\"image\/webp\" \/>\n<meta name=\"twitter:card\" content=\"summary_large_image\" \/>\n<script type=\"application\/ld+json\" class=\"yoast-schema-graph\">{\"@context\":\"https:\/\/schema.org\",\"@graph\":[{\"@type\":\"WebPage\",\"@id\":\"https:\/\/bdm-stg.mda.pl\/de\/entwicklung-bei-budimex\/vertragsmanager-akademie\/\",\"url\":\"https:\/\/bdm-stg.mda.pl\/de\/entwicklung-bei-budimex\/vertragsmanager-akademie\/\",\"name\":\"Vertragsmanager-Akademie - Budimex\",\"isPartOf\":{\"@id\":\"https:\/\/bdm-stg.mda.pl\/de\/#website\"},\"primaryImageOfPage\":{\"@id\":\"https:\/\/bdm-stg.mda.pl\/de\/entwicklung-bei-budimex\/vertragsmanager-akademie\/#primaryimage\"},\"image\":{\"@id\":\"https:\/\/bdm-stg.mda.pl\/de\/entwicklung-bei-budimex\/vertragsmanager-akademie\/#primaryimage\"},\"thumbnailUrl\":\"https:\/\/bdm-stg.mda.pl\/app\/uploads\/2024\/04\/Rectangle-445-5.webp\",\"datePublished\":\"2024-03-01T11:42:49+00:00\",\"dateModified\":\"2024-07-11T15:06:24+00:00\",\"breadcrumb\":{\"@id\":\"https:\/\/bdm-stg.mda.pl\/de\/entwicklung-bei-budimex\/vertragsmanager-akademie\/#breadcrumb\"},\"inLanguage\":\"de-DE\",\"potentialAction\":[{\"@type\":\"ReadAction\",\"target\":[\"https:\/\/bdm-stg.mda.pl\/de\/entwicklung-bei-budimex\/vertragsmanager-akademie\/\"]}]},{\"@type\":\"ImageObject\",\"inLanguage\":\"de-DE\",\"@id\":\"https:\/\/bdm-stg.mda.pl\/de\/entwicklung-bei-budimex\/vertragsmanager-akademie\/#primaryimage\",\"url\":\"https:\/\/bdm-stg.mda.pl\/app\/uploads\/2024\/04\/Rectangle-445-5.webp\",\"contentUrl\":\"https:\/\/bdm-stg.mda.pl\/app\/uploads\/2024\/04\/Rectangle-445-5.webp\",\"width\":424,\"height\":450},{\"@type\":\"BreadcrumbList\",\"@id\":\"https:\/\/bdm-stg.mda.pl\/de\/entwicklung-bei-budimex\/vertragsmanager-akademie\/#breadcrumb\",\"itemListElement\":[{\"@type\":\"ListItem\",\"position\":1,\"name\":\"Strona g\u0142\u00f3wna\",\"item\":\"https:\/\/bdm-stg.mda.pl\/de\/\"},{\"@type\":\"ListItem\",\"position\":2,\"name\":\"Entwicklung bei Budimex\",\"item\":\"https:\/\/bdm-stg.mda.pl\/de\/kariera\/rozwoj-w-budimex\/\"},{\"@type\":\"ListItem\",\"position\":3,\"name\":\"Vertragsmanager-Akademie\"}]},{\"@type\":\"WebSite\",\"@id\":\"https:\/\/bdm-stg.mda.pl\/de\/#website\",\"url\":\"https:\/\/bdm-stg.mda.pl\/de\/\",\"name\":\"Budimex\",\"description\":\"\",\"potentialAction\":[{\"@type\":\"SearchAction\",\"target\":{\"@type\":\"EntryPoint\",\"urlTemplate\":\"https:\/\/bdm-stg.mda.pl\/de\/?s={search_term_string}\"},\"query-input\":\"required name=search_term_string\"}],\"inLanguage\":\"de-DE\"}]}<\/script>\n<!-- \/ Yoast SEO plugin. -->","yoast_head_json":{"title":"Vertragsmanager-Akademie - Budimex","robots":{"index":"noindex","follow":"follow","max-snippet":"max-snippet:-1","max-image-preview":"max-image-preview:large","max-video-preview":"max-video-preview:-1"},"og_locale":"de_DE","og_type":"article","og_title":"Vertragsmanager-Akademie - Budimex","og_url":"https:\/\/bdm-stg.mda.pl\/de\/entwicklung-bei-budimex\/vertragsmanager-akademie\/","og_site_name":"Budimex","article_modified_time":"2024-07-11T15:06:24+00:00","og_image":[{"width":424,"height":450,"url":"https:\/\/bdm-stg.mda.pl\/app\/uploads\/2024\/04\/Rectangle-445-5.webp","type":"image\/webp"}],"twitter_card":"summary_large_image","schema":{"@context":"https:\/\/schema.org","@graph":[{"@type":"WebPage","@id":"https:\/\/bdm-stg.mda.pl\/de\/entwicklung-bei-budimex\/vertragsmanager-akademie\/","url":"https:\/\/bdm-stg.mda.pl\/de\/entwicklung-bei-budimex\/vertragsmanager-akademie\/","name":"Vertragsmanager-Akademie - Budimex","isPartOf":{"@id":"https:\/\/bdm-stg.mda.pl\/de\/#website"},"primaryImageOfPage":{"@id":"https:\/\/bdm-stg.mda.pl\/de\/entwicklung-bei-budimex\/vertragsmanager-akademie\/#primaryimage"},"image":{"@id":"https:\/\/bdm-stg.mda.pl\/de\/entwicklung-bei-budimex\/vertragsmanager-akademie\/#primaryimage"},"thumbnailUrl":"https:\/\/bdm-stg.mda.pl\/app\/uploads\/2024\/04\/Rectangle-445-5.webp","datePublished":"2024-03-01T11:42:49+00:00","dateModified":"2024-07-11T15:06:24+00:00","breadcrumb":{"@id":"https:\/\/bdm-stg.mda.pl\/de\/entwicklung-bei-budimex\/vertragsmanager-akademie\/#breadcrumb"},"inLanguage":"de-DE","potentialAction":[{"@type":"ReadAction","target":["https:\/\/bdm-stg.mda.pl\/de\/entwicklung-bei-budimex\/vertragsmanager-akademie\/"]}]},{"@type":"ImageObject","inLanguage":"de-DE","@id":"https:\/\/bdm-stg.mda.pl\/de\/entwicklung-bei-budimex\/vertragsmanager-akademie\/#primaryimage","url":"https:\/\/bdm-stg.mda.pl\/app\/uploads\/2024\/04\/Rectangle-445-5.webp","contentUrl":"https:\/\/bdm-stg.mda.pl\/app\/uploads\/2024\/04\/Rectangle-445-5.webp","width":424,"height":450},{"@type":"BreadcrumbList","@id":"https:\/\/bdm-stg.mda.pl\/de\/entwicklung-bei-budimex\/vertragsmanager-akademie\/#breadcrumb","itemListElement":[{"@type":"ListItem","position":1,"name":"Strona g\u0142\u00f3wna","item":"https:\/\/bdm-stg.mda.pl\/de\/"},{"@type":"ListItem","position":2,"name":"Entwicklung bei Budimex","item":"https:\/\/bdm-stg.mda.pl\/de\/kariera\/rozwoj-w-budimex\/"},{"@type":"ListItem","position":3,"name":"Vertragsmanager-Akademie"}]},{"@type":"WebSite","@id":"https:\/\/bdm-stg.mda.pl\/de\/#website","url":"https:\/\/bdm-stg.mda.pl\/de\/","name":"Budimex","description":"","potentialAction":[{"@type":"SearchAction","target":{"@type":"EntryPoint","urlTemplate":"https:\/\/bdm-stg.mda.pl\/de\/?s={search_term_string}"},"query-input":"required name=search_term_string"}],"inLanguage":"de-DE"}]}},"_links":{"self":[{"href":"https:\/\/bdm-stg.mda.pl\/de\/wp-json\/wp\/v2\/pages\/171262"}],"collection":[{"href":"https:\/\/bdm-stg.mda.pl\/de\/wp-json\/wp\/v2\/pages"}],"about":[{"href":"https:\/\/bdm-stg.mda.pl\/de\/wp-json\/wp\/v2\/types\/page"}],"replies":[{"embeddable":true,"href":"https:\/\/bdm-stg.mda.pl\/de\/wp-json\/wp\/v2\/comments?post=171262"}],"version-history":[{"count":1,"href":"https:\/\/bdm-stg.mda.pl\/de\/wp-json\/wp\/v2\/pages\/171262\/revisions"}],"predecessor-version":[{"id":171275,"href":"https:\/\/bdm-stg.mda.pl\/de\/wp-json\/wp\/v2\/pages\/171262\/revisions\/171275"}],"up":[{"embeddable":true,"href":"https:\/\/bdm-stg.mda.pl\/de\/wp-json\/wp\/v2\/pages\/171864"}],"wp:featuredmedia":[{"embeddable":true,"href":"https:\/\/bdm-stg.mda.pl\/de\/wp-json\/wp\/v2\/media\/121438"}],"wp:attachment":[{"href":"https:\/\/bdm-stg.mda.pl\/de\/wp-json\/wp\/v2\/media?parent=171262"}],"curies":[{"name":"wp","href":"https:\/\/api.w.org\/{rel}","templated":true}]}}