{"id":171315,"date":"2024-02-27T11:35:51","date_gmt":"2024-02-27T11:35:51","guid":{"rendered":"https:\/\/bdm-stg.mda.pl\/fragebogen-zur-qualifizierung\/"},"modified":"2024-07-11T15:06:30","modified_gmt":"2024-07-11T15:06:30","slug":"fragebogen-zur-qualifizierung","status":"publish","type":"page","link":"https:\/\/bdm-stg.mda.pl\/de\/fragebogen-zur-qualifizierung\/","title":{"rendered":"Fragebogen zur Qualifizierung"},"content":{"rendered":"\n<section id=\"block_2e3d55e6e4b7574271fe914964a8511e\" class=\"text-block   section-margin-72\">\n    <div class=\"container\">\n        <div class=\"row\">\n            <div class=\"col-24 col-lg-18\">\n                                                    <div class=\"text-block__top-texts under-h2\">\n                        <h2 class=\"text-block__title\">Fragebogen zur Qualifizierung<\/h2>\n                                            <\/div>\n                                                                                    <div class=\"text-block__text text-editor\"><p>Budimex SA arbeitet mit Lieferanten und Subunternehmern aus allen Branchen zusammen, die am\u00a0Bauprozess beteiligt sind, m.in.\u00a0Kubatur, Infrastruktur, Umwelt und Spezialeinrichtungen. In\u00a0\u00dcbereinstimmung mit den Verfahren des Integrierten Managementsystems des Unternehmens f\u00fchrt Budimex einen st\u00e4ndigen Prozess der Qualifizierung und Bewertung von Lieferanten, Waren und Dienstleistungen durch.Die Zusammenarbeit mit Auftragnehmern basiert auf partnerschaftlichen Beziehungen. Ihr Hauptziel ist es, die h\u00f6chsten Standards in\u00a0Bezug auf Gesundheit und Sicherheit, Qualit\u00e4t, Umwelt und hohe Effizienz zu gew\u00e4hrleisten.Unternehmen, die an einer Zusammenarbeit interessiert sind, werden gebeten, den untenstehenden Fragebogen auszuf\u00fcllen. Ziel ist es, Daten zu sammeln, die es\u00a0erm\u00f6glichen, einen potenziellen Auftragnehmer in\u00a0Bezug auf die Bed\u00fcrfnisse und Erwartungen von Budimex zu \u00fcberpr\u00fcfen.Die Daten aus der Befragung werden in\u00a0unsere Datenbank eingespeist und von Baustellen als Informationsquelle bei der Suche nach Partnern f\u00fcr ihre Investitionen genutzt.<\/p><\/div>\n                            <\/div>\n                                                                                        <div class=\"col-24 col-lg-5 offset-lg-1\">\n                    <div class=\"text-block__texts\">\n                        <p><span style=\"color:#ffcc00\"><a style=\"color:#ffcc00\" href=\"https:\/\/bdm-stg.mda.pl\/esg\/zintegrowany-system-zarzadzania\/\"><span style=\"text-decoration: underline\"><strong>Integriertes Managementsystem<\/strong> <\/span><\/a><\/span>\u2013 ist ein umfassendes Tool, das verschiedene Managementsysteme integriert, um verschiedene Aspekte der Abl\u00e4ufe einer Organisation effektiv und effizient zu verwalten.<\/p>                    <\/div>\n                <\/div>\n                                                                    <\/div>\n    <\/div>\n<\/section> \n<section id=\"block_d78d4bfc8b96197f21216937eed82ad0\" class=\"contractor section-margin-120\">\n    <div class=\"container\">\n        <div class=\"row\">\n            <div class=\"col-24\">\n                                    <div class=\"contractor__link-wrapper\">\n                        <a href=\"https:\/\/budimex.3e.pl\/pl\/kontrahenci\/ankieta?callback=https:\/\/bdm-stg.mda.pl\/de\/fragebogen-zur-qualifizierung\/?success\" class=\"button button--new-gray button--arrow-right -wcag-black\">Wype\u0142nij formularz<\/a>\n                    <\/div>\n                                            <\/div>\n        <\/div>\n    <\/div>\n<\/section> ","protected":false},"excerpt":{"rendered":"","protected":false},"author":0,"featured_media":0,"parent":0,"menu_order":20,"comment_status":"closed","ping_status":"closed","template":"page-templates\/gutenberg-text-hero.php","meta":{"_acf_changed":false,"inline_featured_image":false,"footnotes":""},"acf":[],"yoast_head":"<!-- This site is optimized with the Yoast SEO plugin v22.5 - https:\/\/yoast.com\/wordpress\/plugins\/seo\/ -->\n<title>Fragebogen zur Qualifizierung - Budimex<\/title>\n<meta name=\"robots\" content=\"noindex, nofollow\" \/>\n<meta property=\"og:locale\" content=\"de_DE\" \/>\n<meta property=\"og:type\" content=\"article\" \/>\n<meta property=\"og:title\" content=\"Fragebogen zur Qualifizierung - Budimex\" \/>\n<meta property=\"og:url\" content=\"https:\/\/bdm-stg.mda.pl\/de\/fragebogen-zur-qualifizierung\/\" \/>\n<meta property=\"og:site_name\" content=\"Budimex\" \/>\n<meta property=\"article:modified_time\" content=\"2024-07-11T15:06:30+00:00\" \/>\n<meta name=\"twitter:card\" content=\"summary_large_image\" \/>\n<script type=\"application\/ld+json\" class=\"yoast-schema-graph\">{\"@context\":\"https:\/\/schema.org\",\"@graph\":[{\"@type\":\"WebPage\",\"@id\":\"https:\/\/bdm-stg.mda.pl\/de\/fragebogen-zur-qualifizierung\/\",\"url\":\"https:\/\/bdm-stg.mda.pl\/de\/fragebogen-zur-qualifizierung\/\",\"name\":\"Fragebogen zur Qualifizierung - Budimex\",\"isPartOf\":{\"@id\":\"https:\/\/bdm-stg.mda.pl\/de\/#website\"},\"datePublished\":\"2024-02-27T11:35:51+00:00\",\"dateModified\":\"2024-07-11T15:06:30+00:00\",\"breadcrumb\":{\"@id\":\"https:\/\/bdm-stg.mda.pl\/de\/fragebogen-zur-qualifizierung\/#breadcrumb\"},\"inLanguage\":\"de-DE\",\"potentialAction\":[{\"@type\":\"ReadAction\",\"target\":[\"https:\/\/bdm-stg.mda.pl\/de\/fragebogen-zur-qualifizierung\/\"]}]},{\"@type\":\"BreadcrumbList\",\"@id\":\"https:\/\/bdm-stg.mda.pl\/de\/fragebogen-zur-qualifizierung\/#breadcrumb\",\"itemListElement\":[{\"@type\":\"ListItem\",\"position\":1,\"name\":\"Strona g\u0142\u00f3wna\",\"item\":\"https:\/\/bdm-stg.mda.pl\/de\/\"},{\"@type\":\"ListItem\",\"position\":2,\"name\":\"Fragebogen zur Qualifizierung\"}]},{\"@type\":\"WebSite\",\"@id\":\"https:\/\/bdm-stg.mda.pl\/de\/#website\",\"url\":\"https:\/\/bdm-stg.mda.pl\/de\/\",\"name\":\"Budimex\",\"description\":\"\",\"potentialAction\":[{\"@type\":\"SearchAction\",\"target\":{\"@type\":\"EntryPoint\",\"urlTemplate\":\"https:\/\/bdm-stg.mda.pl\/de\/?s={search_term_string}\"},\"query-input\":\"required name=search_term_string\"}],\"inLanguage\":\"de-DE\"}]}<\/script>\n<!-- \/ Yoast SEO plugin. -->","yoast_head_json":{"title":"Fragebogen zur Qualifizierung - Budimex","robots":{"index":"noindex","follow":"nofollow"},"og_locale":"de_DE","og_type":"article","og_title":"Fragebogen zur Qualifizierung - Budimex","og_url":"https:\/\/bdm-stg.mda.pl\/de\/fragebogen-zur-qualifizierung\/","og_site_name":"Budimex","article_modified_time":"2024-07-11T15:06:30+00:00","twitter_card":"summary_large_image","schema":{"@context":"https:\/\/schema.org","@graph":[{"@type":"WebPage","@id":"https:\/\/bdm-stg.mda.pl\/de\/fragebogen-zur-qualifizierung\/","url":"https:\/\/bdm-stg.mda.pl\/de\/fragebogen-zur-qualifizierung\/","name":"Fragebogen zur Qualifizierung - Budimex","isPartOf":{"@id":"https:\/\/bdm-stg.mda.pl\/de\/#website"},"datePublished":"2024-02-27T11:35:51+00:00","dateModified":"2024-07-11T15:06:30+00:00","breadcrumb":{"@id":"https:\/\/bdm-stg.mda.pl\/de\/fragebogen-zur-qualifizierung\/#breadcrumb"},"inLanguage":"de-DE","potentialAction":[{"@type":"ReadAction","target":["https:\/\/bdm-stg.mda.pl\/de\/fragebogen-zur-qualifizierung\/"]}]},{"@type":"BreadcrumbList","@id":"https:\/\/bdm-stg.mda.pl\/de\/fragebogen-zur-qualifizierung\/#breadcrumb","itemListElement":[{"@type":"ListItem","position":1,"name":"Strona g\u0142\u00f3wna","item":"https:\/\/bdm-stg.mda.pl\/de\/"},{"@type":"ListItem","position":2,"name":"Fragebogen zur Qualifizierung"}]},{"@type":"WebSite","@id":"https:\/\/bdm-stg.mda.pl\/de\/#website","url":"https:\/\/bdm-stg.mda.pl\/de\/","name":"Budimex","description":"","potentialAction":[{"@type":"SearchAction","target":{"@type":"EntryPoint","urlTemplate":"https:\/\/bdm-stg.mda.pl\/de\/?s={search_term_string}"},"query-input":"required name=search_term_string"}],"inLanguage":"de-DE"}]}},"_links":{"self":[{"href":"https:\/\/bdm-stg.mda.pl\/de\/wp-json\/wp\/v2\/pages\/171315"}],"collection":[{"href":"https:\/\/bdm-stg.mda.pl\/de\/wp-json\/wp\/v2\/pages"}],"about":[{"href":"https:\/\/bdm-stg.mda.pl\/de\/wp-json\/wp\/v2\/types\/page"}],"replies":[{"embeddable":true,"href":"https:\/\/bdm-stg.mda.pl\/de\/wp-json\/wp\/v2\/comments?post=171315"}],"version-history":[{"count":3,"href":"https:\/\/bdm-stg.mda.pl\/de\/wp-json\/wp\/v2\/pages\/171315\/revisions"}],"predecessor-version":[{"id":172171,"href":"https:\/\/bdm-stg.mda.pl\/de\/wp-json\/wp\/v2\/pages\/171315\/revisions\/172171"}],"wp:attachment":[{"href":"https:\/\/bdm-stg.mda.pl\/de\/wp-json\/wp\/v2\/media?parent=171315"}],"curies":[{"name":"wp","href":"https:\/\/api.w.org\/{rel}","templated":true}]}}