{"id":171320,"date":"2024-02-27T09:15:16","date_gmt":"2024-02-27T09:15:16","guid":{"rendered":"https:\/\/bdm-stg.mda.pl\/informationssicherheit\/"},"modified":"2024-07-11T15:06:31","modified_gmt":"2024-07-11T15:06:31","slug":"informationssicherheit","status":"publish","type":"page","link":"https:\/\/bdm-stg.mda.pl\/de\/informationssicherheit\/","title":{"rendered":"Informationssicherheit"},"content":{"rendered":"\n<section id=\"block_f49b74a28ddec8745e50e7aef5b7ea89\" class=\"text-block   section-margin-56\">\n    <div class=\"container\">\n        <div class=\"row\">\n            <div class=\"col-24 col-lg-18\">\n                                                    <div class=\"text-block__top-texts under-h5\">\n                        <h5 class=\"text-block__title\">Informationen sind ein Gesch\u00e4ftsgut, das effektiv verwaltet und gesch\u00fctzt werden muss.<\/h5>\n                                            <\/div>\n                                                                                    <div class=\"text-block__text text-editor\"><p>Budimex unternimmt alle Anstrengungen, um den effektiven und sicheren Betrieb des Unternehmens zu gew\u00e4hrleisten, um die Bed\u00fcrfnisse der Kunden, Aktion\u00e4re und Mitarbeiter des Unternehmens bestm\u00f6glich zu erf\u00fcllen.Eine besondere Sorgfalt des Managements unserer Organisation ist die Minimierung des operationellen Risikos durch die Gew\u00e4hrleistung eines angemessenen Sicherheitsniveaus der verarbeiteten Informationen.Die Informationssicherheit bei Budimex wird im\u00a0Rahmen des Informationssicherheitsmanagementsystems (ISMS) eingerichtet, gepflegt, \u00fcberwacht und \u00fcberwacht, das f\u00fcr die Einhaltung der internationalen Norm ISO\/IEC 27001:2013 zertifiziert ist.Die Konformit\u00e4t des ISMS mit ISO\/IEC 27001 beweist, dass m.in:<\/p>\n<ul>\n<li>Wir verstehen die Bedeutung und Wichtigkeit von Informationen als eine wichtige Ressource, die das Erreichen von Gesch\u00e4ftszielen erm\u00f6glicht,<\/li>\n<li>Wir k\u00f6nnen uns um die in\u00a0elektronischer und Papierform gespeicherten Informationen k\u00fcmmern,<\/li>\n<li>Wir sind ein vertrauensw\u00fcrdiger Partner, dem Kunden, Lieferanten und Konsortiumsmitglieder sensible Informationen anvertrauen k\u00f6nnen,<\/li>\n<li>Wir zeichnen uns durch Professionalit\u00e4t und organisatorische Reife aus, die notwendig sind, um eine f\u00fchrende Rolle auf dem Markt zu spielen.<\/li>\n<\/ul><\/div>\n                            <\/div>\n                                                                                                                                <\/div>\n    <\/div>\n<\/section> \n    <section id=\"block_7d83c61ff700cce94b2140f4108adde9\" class=\"url-boxes \">\n        <div class=\"container\">\n            <div class=\"row\">\n                <div class=\"col-24\">\n                    <div class=\"url-boxes__list\">\n                                                    <div class=\"url-boxes__box\">\n                                <div class=\"url-boxes__title-wrapper\">\n                                                                            <h3 class=\"under-h3\">Sicherheitspolitik der Informationssysteme der Lieferanten von Budimex SA<\/h3>\n                                                                                                        <\/div>\n                                <div class=\"url-boxes__bottom\">\n                                                                            <div class=\"url-boxes__description -margin\">\n                                            <p>Unser Ziel ist es, die Sicherheit der Informationen zu gew\u00e4hrleisten, die wir mit Lieferanten teilen. Aus diesem Grund haben wir eine Reihe der wichtigsten Grunds\u00e4tze ver\u00f6ffentlicht, die wir von unseren Partnern verlangen, wenn sie Informationen verarbeiten, die f\u00fcr uns wichtig sind. Wir laden Sie ein, sich mit der unten beigef\u00fcgten Dokumentation vertraut zu machen:<\/p>                                        <\/div>\n                                                                                                                <a href=\"https:\/\/bdm-stg.mda.pl\/polityka-bezpieczenstwa-systemow-informacyjnych-dostawcow-budimex-s-a\/\" class=\"button button--new-gold small -wcag-yellow\" >Details<\/a>\n                                                                    <\/div>\n                            <\/div>\n                                                    <div class=\"url-boxes__box\">\n                                <div class=\"url-boxes__title-wrapper\">\n                                                                            <h3 class=\"under-h3\">Liste der Domains der Budimex-Gruppe<\/h3>\n                                                                                                        <\/div>\n                                <div class=\"url-boxes__bottom\">\n                                                                            <div class=\"url-boxes__description -margin\">\n                                            <p>Ein wichtiges Element der Informationssicherheit ist die effektive Verwaltung von Internet-Domains.Im untenstehenden Hyperlink finden Sie Domains, die sich im&nbsp;Besitz von Unternehmen der Budimex-Gruppe befinden und von denen aus unsere Kommunikation initiiert und durchgef\u00fchrt werden kann.<\/p>                                        <\/div>\n                                                                                                                <a href=\"https:\/\/bdm-stg.mda.pl\/lista-domen-grupy-budimex\/\" class=\"button button--new-gold small -wcag-yellow\" >Details<\/a>\n                                                                    <\/div>\n                            <\/div>\n                                            <\/div>\n                <\/div>\n            <\/div>\n        <\/div>\n    <\/section>\n\n ","protected":false},"excerpt":{"rendered":"","protected":false},"author":0,"featured_media":0,"parent":0,"menu_order":5,"comment_status":"closed","ping_status":"closed","template":"","meta":{"_acf_changed":false,"inline_featured_image":false,"footnotes":""},"acf":[],"yoast_head":"<!-- This site is optimized with the Yoast SEO plugin v22.5 - https:\/\/yoast.com\/wordpress\/plugins\/seo\/ -->\n<title>Informationssicherheit - Budimex<\/title>\n<meta name=\"robots\" content=\"noindex, nofollow\" \/>\n<meta property=\"og:locale\" content=\"de_DE\" \/>\n<meta property=\"og:type\" content=\"article\" \/>\n<meta property=\"og:title\" content=\"Informationssicherheit - Budimex\" \/>\n<meta property=\"og:url\" content=\"https:\/\/bdm-stg.mda.pl\/de\/informationssicherheit\/\" \/>\n<meta property=\"og:site_name\" content=\"Budimex\" \/>\n<meta property=\"article:modified_time\" content=\"2024-07-11T15:06:31+00:00\" \/>\n<meta name=\"twitter:card\" content=\"summary_large_image\" \/>\n<script type=\"application\/ld+json\" class=\"yoast-schema-graph\">{\"@context\":\"https:\/\/schema.org\",\"@graph\":[{\"@type\":\"WebPage\",\"@id\":\"https:\/\/bdm-stg.mda.pl\/de\/informationssicherheit\/\",\"url\":\"https:\/\/bdm-stg.mda.pl\/de\/informationssicherheit\/\",\"name\":\"Informationssicherheit - Budimex\",\"isPartOf\":{\"@id\":\"https:\/\/bdm-stg.mda.pl\/de\/#website\"},\"datePublished\":\"2024-02-27T09:15:16+00:00\",\"dateModified\":\"2024-07-11T15:06:31+00:00\",\"breadcrumb\":{\"@id\":\"https:\/\/bdm-stg.mda.pl\/de\/informationssicherheit\/#breadcrumb\"},\"inLanguage\":\"de-DE\",\"potentialAction\":[{\"@type\":\"ReadAction\",\"target\":[\"https:\/\/bdm-stg.mda.pl\/de\/informationssicherheit\/\"]}]},{\"@type\":\"BreadcrumbList\",\"@id\":\"https:\/\/bdm-stg.mda.pl\/de\/informationssicherheit\/#breadcrumb\",\"itemListElement\":[{\"@type\":\"ListItem\",\"position\":1,\"name\":\"Strona g\u0142\u00f3wna\",\"item\":\"https:\/\/bdm-stg.mda.pl\/de\/\"},{\"@type\":\"ListItem\",\"position\":2,\"name\":\"Informationssicherheit\"}]},{\"@type\":\"WebSite\",\"@id\":\"https:\/\/bdm-stg.mda.pl\/de\/#website\",\"url\":\"https:\/\/bdm-stg.mda.pl\/de\/\",\"name\":\"Budimex\",\"description\":\"\",\"potentialAction\":[{\"@type\":\"SearchAction\",\"target\":{\"@type\":\"EntryPoint\",\"urlTemplate\":\"https:\/\/bdm-stg.mda.pl\/de\/?s={search_term_string}\"},\"query-input\":\"required name=search_term_string\"}],\"inLanguage\":\"de-DE\"}]}<\/script>\n<!-- \/ Yoast SEO plugin. -->","yoast_head_json":{"title":"Informationssicherheit - Budimex","robots":{"index":"noindex","follow":"nofollow"},"og_locale":"de_DE","og_type":"article","og_title":"Informationssicherheit - Budimex","og_url":"https:\/\/bdm-stg.mda.pl\/de\/informationssicherheit\/","og_site_name":"Budimex","article_modified_time":"2024-07-11T15:06:31+00:00","twitter_card":"summary_large_image","schema":{"@context":"https:\/\/schema.org","@graph":[{"@type":"WebPage","@id":"https:\/\/bdm-stg.mda.pl\/de\/informationssicherheit\/","url":"https:\/\/bdm-stg.mda.pl\/de\/informationssicherheit\/","name":"Informationssicherheit - Budimex","isPartOf":{"@id":"https:\/\/bdm-stg.mda.pl\/de\/#website"},"datePublished":"2024-02-27T09:15:16+00:00","dateModified":"2024-07-11T15:06:31+00:00","breadcrumb":{"@id":"https:\/\/bdm-stg.mda.pl\/de\/informationssicherheit\/#breadcrumb"},"inLanguage":"de-DE","potentialAction":[{"@type":"ReadAction","target":["https:\/\/bdm-stg.mda.pl\/de\/informationssicherheit\/"]}]},{"@type":"BreadcrumbList","@id":"https:\/\/bdm-stg.mda.pl\/de\/informationssicherheit\/#breadcrumb","itemListElement":[{"@type":"ListItem","position":1,"name":"Strona g\u0142\u00f3wna","item":"https:\/\/bdm-stg.mda.pl\/de\/"},{"@type":"ListItem","position":2,"name":"Informationssicherheit"}]},{"@type":"WebSite","@id":"https:\/\/bdm-stg.mda.pl\/de\/#website","url":"https:\/\/bdm-stg.mda.pl\/de\/","name":"Budimex","description":"","potentialAction":[{"@type":"SearchAction","target":{"@type":"EntryPoint","urlTemplate":"https:\/\/bdm-stg.mda.pl\/de\/?s={search_term_string}"},"query-input":"required name=search_term_string"}],"inLanguage":"de-DE"}]}},"_links":{"self":[{"href":"https:\/\/bdm-stg.mda.pl\/de\/wp-json\/wp\/v2\/pages\/171320"}],"collection":[{"href":"https:\/\/bdm-stg.mda.pl\/de\/wp-json\/wp\/v2\/pages"}],"about":[{"href":"https:\/\/bdm-stg.mda.pl\/de\/wp-json\/wp\/v2\/types\/page"}],"replies":[{"embeddable":true,"href":"https:\/\/bdm-stg.mda.pl\/de\/wp-json\/wp\/v2\/comments?post=171320"}],"version-history":[{"count":1,"href":"https:\/\/bdm-stg.mda.pl\/de\/wp-json\/wp\/v2\/pages\/171320\/revisions"}],"predecessor-version":[{"id":171324,"href":"https:\/\/bdm-stg.mda.pl\/de\/wp-json\/wp\/v2\/pages\/171320\/revisions\/171324"}],"wp:attachment":[{"href":"https:\/\/bdm-stg.mda.pl\/de\/wp-json\/wp\/v2\/media?parent=171320"}],"curies":[{"name":"wp","href":"https:\/\/api.w.org\/{rel}","templated":true}]}}