{"id":171416,"date":"2024-03-01T11:42:40","date_gmt":"2024-03-01T11:42:40","guid":{"rendered":"https:\/\/bdm-stg.mda.pl\/interessenvertretung-der-mitarbeiter\/"},"modified":"2024-07-11T15:06:24","modified_gmt":"2024-07-11T15:06:24","slug":"interessenvertretung-der-mitarbeiter","status":"publish","type":"page","link":"https:\/\/bdm-stg.mda.pl\/de\/entwicklung-bei-budimex\/interessenvertretung-der-mitarbeiter\/","title":{"rendered":"Interessenvertretung der Mitarbeiter"},"content":{"rendered":"\n<section id=\"block_b8f760a349cbc7b9fa56c693a631872a\" class=\"title-section section-margin-56\">\n    <div class=\"container\">\n        <div class=\"row\">\n            <div class=\"col-24\">\n                <div class=\"title-section__title\">\n                    <h2 class=\"typo-h2\">Interessenvertretung der Mitarbeiter<\/h2>\n                <\/div>\n            <\/div>\n        <\/div>\n    <\/div>\n<\/section> \n<section id=\"block_ea20cd3630d614a53f369a5ac200c975\" class=\"photo-section section-margin-40\">\n    <div class=\"container\">\n        <div class=\"row\">\n            <div class=\"col-24 col-lg-18\">\n                                                <div class=\"photo-section__photo\">\n                    <img decoding=\"async\" src=\"https:\/\/bdm-stg.mda.pl\/app\/uploads\/2024\/04\/Rectangle-27.svg\" alt=\"\">\n                <\/div>\n                            <\/div>\n        <\/div>\n    <\/div>\n<\/section> \n<section id=\"block_b95f99f9035b3e53e37ce38d0886a253\" class=\"text-block   -hide-dots section-margin-72\">\n    <div class=\"container\">\n        <div class=\"row\">\n            <div class=\"col-24 col-lg-18\">\n                                                                                    <div class=\"text-block__entry-text text-editor under-h5\"><p style=\"text-align: justify\">EkipaBX ist eine Gruppe von 24 engagierten Mitarbeitern, die die Rolle der Budimex-Botschafter \u00fcbernommen haben. Sie zeigen ihre t\u00e4gliche Arbeit und teilen wertvolle Erfahrungen \u2013 sowohl au\u00dferhalb als auch innerhalb der Organisation. Die gr\u00f6\u00dfte St\u00e4rke dieser Gruppe ist die Vielfalt. Es\u00a0handelt sich um Menschen aus ganz Polen, von verschiedenen Baustellen und Unterst\u00fctzungsb\u00fcros. Einige sind schon seit mehreren Jahren im\u00a0Unternehmen, andere haben erst vor wenigen Monaten angefangen zu arbeiten. Sie teilen jedoch eine berufliche Leidenschaft und den Wunsch, andere damit anzustecken!<\/p><\/div>\n                                            <\/div>\n                                                                                                                                <\/div>\n    <\/div>\n<\/section> \n    <section id=\"block_8a88ac9678494942a6b4e6026e052e35\" class=\"gallery-section section-margin-120\" data-per-page=\"8\" data-per-row=\"4\" data-type=\"zdjecia\">\n        <div class=\"container\">\n            <div class=\"row\">\n                                    <div class=\"col-24\">\n                        <h2 class=\"gallery-section__title under-h2\">Galerie<\/h2>\n                    <\/div>\n                            <\/div>\n            <div class=\"row\">\n                <div class=\"col-24\">\n                                                                        <div class=\"gallery-section__grid gallery-section__grid--4\">\n                                \n                        <div class=\"gallery-section__image gallery-section__image--single\">\n                <a href=\"https:\/\/bdm-stg.mda.pl\/app\/uploads\/2024\/03\/Budimex-2-scaled.jpg\">\n                                        <img loading=\"lazy\" decoding=\"async\" width=\"2560\" height=\"1707\" src=\"https:\/\/bdm-stg.mda.pl\/app\/uploads\/2024\/03\/Budimex-2-scaled.jpg\" class=\"attachment-full size-full\" alt=\"\" \/>                                    <\/a>\n                            <\/div>\n                                <div class=\"gallery-section__image gallery-section__image--single\">\n                <a href=\"https:\/\/bdm-stg.mda.pl\/app\/uploads\/2024\/03\/Budimex-10-scaled.jpg\">\n                                        <img loading=\"lazy\" decoding=\"async\" width=\"2560\" height=\"1707\" src=\"https:\/\/bdm-stg.mda.pl\/app\/uploads\/2024\/03\/Budimex-10-scaled.jpg\" class=\"attachment-full size-full\" alt=\"\" \/>                                    <\/a>\n                            <\/div>\n                                <div class=\"gallery-section__image gallery-section__image--single\">\n                <a href=\"https:\/\/bdm-stg.mda.pl\/app\/uploads\/2024\/03\/Budimex-18-scaled.jpg\">\n                                        <img loading=\"lazy\" decoding=\"async\" width=\"2560\" height=\"1707\" src=\"https:\/\/bdm-stg.mda.pl\/app\/uploads\/2024\/03\/Budimex-18-scaled.jpg\" class=\"attachment-full size-full\" alt=\"\" \/>                                    <\/a>\n                            <\/div>\n                                <div class=\"gallery-section__image gallery-section__image--single\">\n                <a href=\"https:\/\/bdm-stg.mda.pl\/app\/uploads\/2024\/03\/Budimex-41-scaled.jpg\">\n                                        <img loading=\"lazy\" decoding=\"async\" width=\"2560\" height=\"1707\" src=\"https:\/\/bdm-stg.mda.pl\/app\/uploads\/2024\/03\/Budimex-41-scaled.jpg\" class=\"attachment-full size-full\" alt=\"\" \/>                                    <\/a>\n                            <\/div>\n                                <div class=\"gallery-section__image gallery-section__image--single\">\n                <a href=\"https:\/\/bdm-stg.mda.pl\/app\/uploads\/2024\/03\/Budimex-49-scaled.jpg\">\n                                        <img loading=\"lazy\" decoding=\"async\" width=\"2560\" height=\"1707\" src=\"https:\/\/bdm-stg.mda.pl\/app\/uploads\/2024\/03\/Budimex-49-scaled.jpg\" class=\"attachment-full size-full\" alt=\"\" \/>                                    <\/a>\n                            <\/div>\n                                <div class=\"gallery-section__image gallery-section__image--single\">\n                <a href=\"https:\/\/bdm-stg.mda.pl\/app\/uploads\/2024\/03\/Budimex-51-scaled.jpg\">\n                                        <img loading=\"lazy\" decoding=\"async\" width=\"2560\" height=\"1707\" src=\"https:\/\/bdm-stg.mda.pl\/app\/uploads\/2024\/03\/Budimex-51-scaled.jpg\" class=\"attachment-full size-full\" alt=\"\" \/>                                    <\/a>\n                            <\/div>\n            \n                            <\/div>\n                                                                                        <\/div>\n            <\/div>\n        <\/div>\n    <\/section>\n \n<section id=\"block_320f63e0689c5ef3ab9f8d3e3005d77d\" class=\"cta section-margin -center\">\n                <div class=\"cta__overlay cta__overlay--center\"><\/div>\n                    <img decoding=\"async\" width=\"1920\" height=\"540\" src=\"https:\/\/bdm-stg.mda.pl\/app\/uploads\/2024\/02\/Rectangle-1209-1.png\" class=\"cta__background-image\" alt=\"\" loading=\"lazy\" srcset=\"https:\/\/bdm-stg.mda.pl\/app\/uploads\/2024\/02\/Rectangle-1209-1.png 1920w, https:\/\/bdm-stg.mda.pl\/app\/uploads\/2024\/02\/Rectangle-1209-1-1024x288.png 1024w, https:\/\/bdm-stg.mda.pl\/app\/uploads\/2024\/02\/Rectangle-1209-1-1536x432.png 1536w\" sizes=\"(max-width: 1920px) 100vw, 1920px\" \/>                <div class=\"cta__content-wrapper\">\n                <div class=\"container\">\n                        <div class=\"row align-items-center\">\n                <div class=\"col-24 offset-lg-6 col-lg-12\">\n                    <div class=\"cta__text-wrapper d-flex  flex-column\">\n                                                    <h2 class=\"cta__title under-h3  cta__title--clipped\">Bauen Sie Ihre Karriere bei uns auf!<\/h2>\n                                                                            <div class=\"cta__description under-h4 color-dark-100 cta__description--light\">\n                                <p>Realisieren Sie die gr\u00f6\u00dften Projekte, wachsen undBeeinflussen Sie die Realit\u00e4t um Sie herum.<\/p>                            <\/div>\n                                                                    <\/div>\n                    <div class=\"cta__button-wrapper\">\n                                                    <a class=\"button -wcag-yellow  button--new-gold \" href=\"https:\/\/bdm-stg.mda.pl\/kariera\/oferty-pracy\/\">Mehr<\/a>\n                                                                                                            <a class=\"button button--new-border -wcag-yellow-outline\" target=\"\" href=\"#\">Zobacz wi\u0119cej<\/a>\n                                                                            <\/div>\n                <\/div>\n                            <\/div>\n        <\/div>\n    <\/div>\n<\/section> ","protected":false},"excerpt":{"rendered":"","protected":false},"author":0,"featured_media":121415,"parent":171864,"menu_order":0,"comment_status":"closed","ping_status":"closed","template":"page-templates\/page-no-hero.php","meta":{"_acf_changed":false,"inline_featured_image":false,"footnotes":""},"acf":[],"yoast_head":"<!-- This site is optimized with the Yoast SEO plugin v22.5 - https:\/\/yoast.com\/wordpress\/plugins\/seo\/ -->\n<title>Interessenvertretung der Mitarbeiter - Budimex<\/title>\n<meta name=\"robots\" content=\"noindex, follow, max-snippet:-1, max-image-preview:large, max-video-preview:-1\" \/>\n<meta property=\"og:locale\" content=\"de_DE\" \/>\n<meta property=\"og:type\" content=\"article\" \/>\n<meta property=\"og:title\" content=\"Interessenvertretung der Mitarbeiter - Budimex\" \/>\n<meta property=\"og:url\" content=\"https:\/\/bdm-stg.mda.pl\/de\/entwicklung-bei-budimex\/interessenvertretung-der-mitarbeiter\/\" \/>\n<meta property=\"og:site_name\" content=\"Budimex\" \/>\n<meta property=\"article:modified_time\" content=\"2024-07-11T15:06:24+00:00\" \/>\n<meta property=\"og:image\" content=\"https:\/\/bdm-stg.mda.pl\/app\/uploads\/2024\/04\/Budimex-2-scaled-1-1.webp\" \/>\n\t<meta property=\"og:image:width\" content=\"2560\" \/>\n\t<meta property=\"og:image:height\" content=\"1707\" \/>\n\t<meta property=\"og:image:type\" content=\"image\/webp\" \/>\n<meta name=\"twitter:card\" content=\"summary_large_image\" \/>\n<script type=\"application\/ld+json\" class=\"yoast-schema-graph\">{\"@context\":\"https:\/\/schema.org\",\"@graph\":[{\"@type\":\"WebPage\",\"@id\":\"https:\/\/bdm-stg.mda.pl\/de\/entwicklung-bei-budimex\/interessenvertretung-der-mitarbeiter\/\",\"url\":\"https:\/\/bdm-stg.mda.pl\/de\/entwicklung-bei-budimex\/interessenvertretung-der-mitarbeiter\/\",\"name\":\"Interessenvertretung der Mitarbeiter - Budimex\",\"isPartOf\":{\"@id\":\"https:\/\/bdm-stg.mda.pl\/de\/#website\"},\"primaryImageOfPage\":{\"@id\":\"https:\/\/bdm-stg.mda.pl\/de\/entwicklung-bei-budimex\/interessenvertretung-der-mitarbeiter\/#primaryimage\"},\"image\":{\"@id\":\"https:\/\/bdm-stg.mda.pl\/de\/entwicklung-bei-budimex\/interessenvertretung-der-mitarbeiter\/#primaryimage\"},\"thumbnailUrl\":\"https:\/\/bdm-stg.mda.pl\/app\/uploads\/2024\/04\/Budimex-2-scaled-1-1.webp\",\"datePublished\":\"2024-03-01T11:42:40+00:00\",\"dateModified\":\"2024-07-11T15:06:24+00:00\",\"breadcrumb\":{\"@id\":\"https:\/\/bdm-stg.mda.pl\/de\/entwicklung-bei-budimex\/interessenvertretung-der-mitarbeiter\/#breadcrumb\"},\"inLanguage\":\"de-DE\",\"potentialAction\":[{\"@type\":\"ReadAction\",\"target\":[\"https:\/\/bdm-stg.mda.pl\/de\/entwicklung-bei-budimex\/interessenvertretung-der-mitarbeiter\/\"]}]},{\"@type\":\"ImageObject\",\"inLanguage\":\"de-DE\",\"@id\":\"https:\/\/bdm-stg.mda.pl\/de\/entwicklung-bei-budimex\/interessenvertretung-der-mitarbeiter\/#primaryimage\",\"url\":\"https:\/\/bdm-stg.mda.pl\/app\/uploads\/2024\/04\/Budimex-2-scaled-1-1.webp\",\"contentUrl\":\"https:\/\/bdm-stg.mda.pl\/app\/uploads\/2024\/04\/Budimex-2-scaled-1-1.webp\",\"width\":2560,\"height\":1707},{\"@type\":\"BreadcrumbList\",\"@id\":\"https:\/\/bdm-stg.mda.pl\/de\/entwicklung-bei-budimex\/interessenvertretung-der-mitarbeiter\/#breadcrumb\",\"itemListElement\":[{\"@type\":\"ListItem\",\"position\":1,\"name\":\"Strona g\u0142\u00f3wna\",\"item\":\"https:\/\/bdm-stg.mda.pl\/de\/\"},{\"@type\":\"ListItem\",\"position\":2,\"name\":\"Entwicklung bei Budimex\",\"item\":\"https:\/\/bdm-stg.mda.pl\/de\/kariera\/rozwoj-w-budimex\/\"},{\"@type\":\"ListItem\",\"position\":3,\"name\":\"Interessenvertretung der Mitarbeiter\"}]},{\"@type\":\"WebSite\",\"@id\":\"https:\/\/bdm-stg.mda.pl\/de\/#website\",\"url\":\"https:\/\/bdm-stg.mda.pl\/de\/\",\"name\":\"Budimex\",\"description\":\"\",\"potentialAction\":[{\"@type\":\"SearchAction\",\"target\":{\"@type\":\"EntryPoint\",\"urlTemplate\":\"https:\/\/bdm-stg.mda.pl\/de\/?s={search_term_string}\"},\"query-input\":\"required name=search_term_string\"}],\"inLanguage\":\"de-DE\"}]}<\/script>\n<!-- \/ Yoast SEO plugin. -->","yoast_head_json":{"title":"Interessenvertretung der Mitarbeiter - Budimex","robots":{"index":"noindex","follow":"follow","max-snippet":"max-snippet:-1","max-image-preview":"max-image-preview:large","max-video-preview":"max-video-preview:-1"},"og_locale":"de_DE","og_type":"article","og_title":"Interessenvertretung der Mitarbeiter - Budimex","og_url":"https:\/\/bdm-stg.mda.pl\/de\/entwicklung-bei-budimex\/interessenvertretung-der-mitarbeiter\/","og_site_name":"Budimex","article_modified_time":"2024-07-11T15:06:24+00:00","og_image":[{"width":2560,"height":1707,"url":"https:\/\/bdm-stg.mda.pl\/app\/uploads\/2024\/04\/Budimex-2-scaled-1-1.webp","type":"image\/webp"}],"twitter_card":"summary_large_image","schema":{"@context":"https:\/\/schema.org","@graph":[{"@type":"WebPage","@id":"https:\/\/bdm-stg.mda.pl\/de\/entwicklung-bei-budimex\/interessenvertretung-der-mitarbeiter\/","url":"https:\/\/bdm-stg.mda.pl\/de\/entwicklung-bei-budimex\/interessenvertretung-der-mitarbeiter\/","name":"Interessenvertretung der Mitarbeiter - Budimex","isPartOf":{"@id":"https:\/\/bdm-stg.mda.pl\/de\/#website"},"primaryImageOfPage":{"@id":"https:\/\/bdm-stg.mda.pl\/de\/entwicklung-bei-budimex\/interessenvertretung-der-mitarbeiter\/#primaryimage"},"image":{"@id":"https:\/\/bdm-stg.mda.pl\/de\/entwicklung-bei-budimex\/interessenvertretung-der-mitarbeiter\/#primaryimage"},"thumbnailUrl":"https:\/\/bdm-stg.mda.pl\/app\/uploads\/2024\/04\/Budimex-2-scaled-1-1.webp","datePublished":"2024-03-01T11:42:40+00:00","dateModified":"2024-07-11T15:06:24+00:00","breadcrumb":{"@id":"https:\/\/bdm-stg.mda.pl\/de\/entwicklung-bei-budimex\/interessenvertretung-der-mitarbeiter\/#breadcrumb"},"inLanguage":"de-DE","potentialAction":[{"@type":"ReadAction","target":["https:\/\/bdm-stg.mda.pl\/de\/entwicklung-bei-budimex\/interessenvertretung-der-mitarbeiter\/"]}]},{"@type":"ImageObject","inLanguage":"de-DE","@id":"https:\/\/bdm-stg.mda.pl\/de\/entwicklung-bei-budimex\/interessenvertretung-der-mitarbeiter\/#primaryimage","url":"https:\/\/bdm-stg.mda.pl\/app\/uploads\/2024\/04\/Budimex-2-scaled-1-1.webp","contentUrl":"https:\/\/bdm-stg.mda.pl\/app\/uploads\/2024\/04\/Budimex-2-scaled-1-1.webp","width":2560,"height":1707},{"@type":"BreadcrumbList","@id":"https:\/\/bdm-stg.mda.pl\/de\/entwicklung-bei-budimex\/interessenvertretung-der-mitarbeiter\/#breadcrumb","itemListElement":[{"@type":"ListItem","position":1,"name":"Strona g\u0142\u00f3wna","item":"https:\/\/bdm-stg.mda.pl\/de\/"},{"@type":"ListItem","position":2,"name":"Entwicklung bei Budimex","item":"https:\/\/bdm-stg.mda.pl\/de\/kariera\/rozwoj-w-budimex\/"},{"@type":"ListItem","position":3,"name":"Interessenvertretung der Mitarbeiter"}]},{"@type":"WebSite","@id":"https:\/\/bdm-stg.mda.pl\/de\/#website","url":"https:\/\/bdm-stg.mda.pl\/de\/","name":"Budimex","description":"","potentialAction":[{"@type":"SearchAction","target":{"@type":"EntryPoint","urlTemplate":"https:\/\/bdm-stg.mda.pl\/de\/?s={search_term_string}"},"query-input":"required name=search_term_string"}],"inLanguage":"de-DE"}]}},"_links":{"self":[{"href":"https:\/\/bdm-stg.mda.pl\/de\/wp-json\/wp\/v2\/pages\/171416"}],"collection":[{"href":"https:\/\/bdm-stg.mda.pl\/de\/wp-json\/wp\/v2\/pages"}],"about":[{"href":"https:\/\/bdm-stg.mda.pl\/de\/wp-json\/wp\/v2\/types\/page"}],"replies":[{"embeddable":true,"href":"https:\/\/bdm-stg.mda.pl\/de\/wp-json\/wp\/v2\/comments?post=171416"}],"version-history":[{"count":1,"href":"https:\/\/bdm-stg.mda.pl\/de\/wp-json\/wp\/v2\/pages\/171416\/revisions"}],"predecessor-version":[{"id":171439,"href":"https:\/\/bdm-stg.mda.pl\/de\/wp-json\/wp\/v2\/pages\/171416\/revisions\/171439"}],"up":[{"embeddable":true,"href":"https:\/\/bdm-stg.mda.pl\/de\/wp-json\/wp\/v2\/pages\/171864"}],"wp:featuredmedia":[{"embeddable":true,"href":"https:\/\/bdm-stg.mda.pl\/de\/wp-json\/wp\/v2\/media\/121415"}],"wp:attachment":[{"href":"https:\/\/bdm-stg.mda.pl\/de\/wp-json\/wp\/v2\/media?parent=171416"}],"curies":[{"name":"wp","href":"https:\/\/api.w.org\/{rel}","templated":true}]}}