{"id":171460,"date":"2024-02-22T12:28:38","date_gmt":"2024-02-22T12:28:38","guid":{"rendered":"https:\/\/bdm-stg.mda.pl\/kodeks-kontrahenta\/"},"modified":"2024-07-11T15:06:33","modified_gmt":"2024-07-11T15:06:33","slug":"kodeks-kontrahenta","status":"publish","type":"page","link":"https:\/\/bdm-stg.mda.pl\/de\/kodeks-kontrahenta\/","title":{"rendered":"Kodeks Kontrahenta"},"content":{"rendered":"\n<section id=\"block_5208ca535dd9b5f7c97bd84cbb98ac7e\" class=\"text-block   -hide-dots section-margin-40\">\n    <div class=\"container\">\n        <div class=\"row\">\n            <div class=\"col-24 col-lg-16\">\n                                                    <div class=\"text-block__top-texts under-h2\">\n                        <h2 class=\"text-block__title\">Verhaltensregeln f\u00fcr Auftragnehmer der Budimex SA<\/h2>\n                                            <\/div>\n                                                                    <div class=\"text-block__entry-text text-editor under-h5\"><p>Bei Budimex wollen wir ehrgeizige Gesch\u00e4ftsziele mit Partnern verfolgen, die unsere Werte teilen. Aus diesem Grund haben wir im\u00a0Auftragnehmerkodex Erwartungen an die Unternehmen, mit denen wir zusammenarbeiten, in\u00a0Bezug auf Rechtsstaatlichkeit, Ethik und Menschenrechte festgelegt. Hier sind unsere Regeln:<\/p><\/div>\n                                                    <div class=\"text-block__text text-editor\"><h4>Einhaltung gesetzlicher Vorschriften<\/h4>\n<p>Die gesch\u00e4ftliche und berufliche T\u00e4tigkeit des Auftragnehmers wird in\u00a0strikter \u00dcbereinstimmung mit dem an allen Orten seiner T\u00e4tigkeit geltenden Recht ausge\u00fcbt.<\/p>\n<h5>Ethische Integrit\u00e4t<\/h5>\n<p>Die gesch\u00e4ftliche und berufliche T\u00e4tigkeit des Auftragnehmers und seiner Mitarbeiter (und unter \u201cMitarbeitern\u201d verstehen wir sowohl Personen, die Arbeiten auf der Grundlage eines Arbeitsvertrags als auch auf der Grundlage von zivilrechtlichen Vertr\u00e4gen ausf\u00fchren) wird unter Achtung der Integrit\u00e4t, in\u00a0\u00dcbereinstimmung mit den Grunds\u00e4tzen der Ehrlichkeit, der Vermeidung jeder Form von Korruption sowie den Bedingungen und Bed\u00fcrfnissen der einzelnen daran beteiligten Unternehmen durchgef\u00fchrt.Der Auftragnehmer f\u00f6rdert bei seinen Mitarbeitern die Wertsch\u00e4tzung und den Respekt f\u00fcr das Handeln in\u00a0\u00dcbereinstimmung mit diesen Regeln.<\/p><\/div>\n                            <\/div>\n                                                                                                                                <\/div>\n    <\/div>\n<\/section> \n<section id=\"block_2828a4a67071c66627167c237aa9e627\" class=\"text-block   section-margin-120\">\n    <div class=\"container\">\n        <div class=\"row\">\n            <div class=\"col-24 col-lg-18\">\n                                                                                                    <div class=\"text-block__text text-editor\"><h5>Achtung der Menschenrechte<\/h5>\n<p>Alle Aktivit\u00e4ten des Auftragnehmers und seiner Mitarbeiter werden unter Achtung der Menschenrechte und \u00f6ffentlichen Freiheiten durchgef\u00fchrt, die in\u00a0der Allgemeinen Erkl\u00e4rung der Menschenrechte enthalten sind.<\/p>\n<h5>Diese Grundprinzipien spiegeln sich in\u00a0den folgenden Verpflichtungen wider:<\/h5>\n<h5>Beziehungen zu und zwischen den Mitarbeitern<\/h5>\n<ul>\n<li>Der Auftragnehmer \u00fcbernimmt die Verantwortung f\u00fcr die Schaffung eines Arbeitsumfelds, das frei von jeglicher Art von Diskriminierung und Verhalten ist, das durch jede Art von Gewalt gekennzeichnet ist.<\/li>\n<li>Alle Mitarbeiter werden von ihren Vorgesetzten, Untergebenen und Kollegen fair und respektvoll behandelt.<\/li>\n<li>Der Auftragnehmer stellt seinen Mitarbeitern ein sicheres Arbeitsumfeld zur Verf\u00fcgung und verpflichtet sich, die Unfallschutzma\u00dfnahmen st\u00e4ndig zu aktualisieren und die einschl\u00e4gigen Vorschriften an allen Orten, an denen er\u00a0t\u00e4tig ist, strikt einzuhalten.<\/li>\n<li>Alle Mitarbeiter sind f\u00fcr die strikte Einhaltung der Arbeitsschutzvorschriften verantwortlich. Sie sind auch verpflichtet, die ihnen zugewiesenen Ger\u00e4te bei der Durchf\u00fchrung gef\u00e4hrlicher Arbeiten angemessen zu verwenden, ihren Kollegen und Untergebenen Kenntnisse \u00fcber den Arbeitsschutz zu vermitteln und die Anwendung geeigneter Sicherheitsma\u00dfnahmen zu f\u00f6rdern.<\/li>\n<li>Der Auftragnehmer erlaubt oder nutzt weder die Arbeit von Minderj\u00e4hrigen noch verwendet er\u00a0in\u00a0seiner Gesch\u00e4ftst\u00e4tigkeit Produkte und Dienstleistungen, die sich aus ihrer Arbeit ergeben. Gleichzeitig k\u00fcmmert sie sich um die Erf\u00fcllung der Vorschriften der Internationalen Arbeitsorganisation in\u00a0Bezug auf Minderj\u00e4hrige.<\/li>\n<\/ul><\/div>\n                            <\/div>\n                                                                                                                                <\/div>\n    <\/div>\n<\/section> \n<section id=\"block_d2e1fb49769ea16210a70d2c202965c1\" class=\"pages-content section-margin-120\" data-pages-content>\n    <input type=\"hidden\" name=\"\" value=\"171460\" data-pages-content-post-id>\n    <input type=\"hidden\" name=\"\" value=\"default\" data-pages-content-card-theme>\n    <input type=\"hidden\" name=\"\" value=\"-1\" data-pages-content-main-cat>\n    <div class=\"container\">\n        <div class=\"row\">\n            <div class=\"col-24\">\n                <div class=\"pages-content__categories\">\n                    <div class=\"pages-content__loader d-none\" data-pages-content-loader>\n                        <div class=\"loader  loader--theme-default \">\n    <div><\/div>\n    <div><\/div>\n    <div><\/div>\n    <div><\/div>\n<\/div>                    <\/div>\n                    \n<div \n    class=\"filter-switcher \"\n    data-filter-switcher\n                >\n        <div class=\"filter-switcher__item current\">\n            <button class=\"filter-switcher__button\" data-filter-switcher-current>\n                                <div class=\"filter-switcher__buttonIcon\">\n                    <img decoding=\"async\" src=\"https:\/\/bdm-stg.mda.pl\/app\/themes\/main\/dist\/img\/icon-category.svg\" alt=\"ikonka kategorii\" data-filter-switcher-current-icon>\n                <\/div>\n                                <p class=\"filter-switcher__buttonText\" data-filter-switcher-current-text>\n                    Wybierz kategori\u0119                <\/p>\n                                    <div class=\"filter-switcher__toggle icon icon-arrow-down\"><\/div>\n                            <\/button>\n        <\/div>\n    <ul class=\"filter-switcher__wrapper columns-2\" data-filter-switcher-wrapper>\n                    <li class=\"filter-switcher__item\">\n            <button \n                class=\"filter-switcher__button \" \n                data-filter-switcher-item=\"172069\"\n                data-filter-switcher-settings=\"\"\n                data-filter-switcher-toggle-dependant=\"172069\"            >\n                                <p class=\"filter-switcher__buttonText\" data-filter-switcher-item-name>Verpflichtungen gegen\u00fcber Dritten und dem Markt<\/p>\n            <\/button>\n                    <\/li>\n                    <li class=\"filter-switcher__item\">\n            <button \n                class=\"filter-switcher__button \" \n                data-filter-switcher-item=\"172092\"\n                data-filter-switcher-settings=\"\"\n                data-filter-switcher-toggle-dependant=\"172092\"            >\n                                <p class=\"filter-switcher__buttonText\" data-filter-switcher-item-name>Engagement f\u00fcr die Umwelt<\/p>\n            <\/button>\n                    <\/li>\n        <\/ul>\n<\/div>                    <div class=\"pages-content__nested-categories\">\n                                            <\/div>\n                <\/div>\n            <\/div>\n        <\/div>\n    <\/div>\n    <div class=\"pages-content__content\">\n        <div class=\"pages-content__noResults d-none\" data-pages-content-no-results>\n            <div class=\"container\">\n                <span class=\"typo-h5 f-700 d-block under-h5\">Brak zawarto\u015bci do wy\u015bwietlenia.<\/span>\n            <\/div>\n        <\/div>\n        <div class=\"pages-content__grid\" data-pages-content-wrapper><\/div>\n    <\/div>\n<\/section> ","protected":false},"excerpt":{"rendered":"","protected":false},"author":0,"featured_media":0,"parent":0,"menu_order":20,"comment_status":"closed","ping_status":"closed","template":"page-templates\/gutenberg-text-hero.php","meta":{"_acf_changed":false,"inline_featured_image":false,"footnotes":""},"acf":[],"yoast_head":"<!-- This site is optimized with the Yoast SEO plugin v22.5 - https:\/\/yoast.com\/wordpress\/plugins\/seo\/ -->\n<title>Kodeks Kontrahenta - Budimex<\/title>\n<meta name=\"robots\" content=\"noindex, nofollow\" \/>\n<meta property=\"og:locale\" content=\"de_DE\" \/>\n<meta property=\"og:type\" content=\"article\" \/>\n<meta property=\"og:title\" content=\"Kodeks Kontrahenta - Budimex\" \/>\n<meta property=\"og:url\" content=\"https:\/\/bdm-stg.mda.pl\/de\/kodeks-kontrahenta\/\" \/>\n<meta property=\"og:site_name\" content=\"Budimex\" \/>\n<meta property=\"article:modified_time\" content=\"2024-07-11T15:06:33+00:00\" \/>\n<meta name=\"twitter:card\" content=\"summary_large_image\" \/>\n<script type=\"application\/ld+json\" class=\"yoast-schema-graph\">{\"@context\":\"https:\/\/schema.org\",\"@graph\":[{\"@type\":\"WebPage\",\"@id\":\"https:\/\/bdm-stg.mda.pl\/de\/kodeks-kontrahenta\/\",\"url\":\"https:\/\/bdm-stg.mda.pl\/de\/kodeks-kontrahenta\/\",\"name\":\"Kodeks Kontrahenta - Budimex\",\"isPartOf\":{\"@id\":\"https:\/\/bdm-stg.mda.pl\/de\/#website\"},\"datePublished\":\"2024-02-22T12:28:38+00:00\",\"dateModified\":\"2024-07-11T15:06:33+00:00\",\"breadcrumb\":{\"@id\":\"https:\/\/bdm-stg.mda.pl\/de\/kodeks-kontrahenta\/#breadcrumb\"},\"inLanguage\":\"de-DE\",\"potentialAction\":[{\"@type\":\"ReadAction\",\"target\":[\"https:\/\/bdm-stg.mda.pl\/de\/kodeks-kontrahenta\/\"]}]},{\"@type\":\"BreadcrumbList\",\"@id\":\"https:\/\/bdm-stg.mda.pl\/de\/kodeks-kontrahenta\/#breadcrumb\",\"itemListElement\":[{\"@type\":\"ListItem\",\"position\":1,\"name\":\"Strona g\u0142\u00f3wna\",\"item\":\"https:\/\/bdm-stg.mda.pl\/de\/\"},{\"@type\":\"ListItem\",\"position\":2,\"name\":\"Kodeks Kontrahenta\"}]},{\"@type\":\"WebSite\",\"@id\":\"https:\/\/bdm-stg.mda.pl\/de\/#website\",\"url\":\"https:\/\/bdm-stg.mda.pl\/de\/\",\"name\":\"Budimex\",\"description\":\"\",\"potentialAction\":[{\"@type\":\"SearchAction\",\"target\":{\"@type\":\"EntryPoint\",\"urlTemplate\":\"https:\/\/bdm-stg.mda.pl\/de\/?s={search_term_string}\"},\"query-input\":\"required name=search_term_string\"}],\"inLanguage\":\"de-DE\"}]}<\/script>\n<!-- \/ Yoast SEO plugin. -->","yoast_head_json":{"title":"Kodeks Kontrahenta - Budimex","robots":{"index":"noindex","follow":"nofollow"},"og_locale":"de_DE","og_type":"article","og_title":"Kodeks Kontrahenta - Budimex","og_url":"https:\/\/bdm-stg.mda.pl\/de\/kodeks-kontrahenta\/","og_site_name":"Budimex","article_modified_time":"2024-07-11T15:06:33+00:00","twitter_card":"summary_large_image","schema":{"@context":"https:\/\/schema.org","@graph":[{"@type":"WebPage","@id":"https:\/\/bdm-stg.mda.pl\/de\/kodeks-kontrahenta\/","url":"https:\/\/bdm-stg.mda.pl\/de\/kodeks-kontrahenta\/","name":"Kodeks Kontrahenta - Budimex","isPartOf":{"@id":"https:\/\/bdm-stg.mda.pl\/de\/#website"},"datePublished":"2024-02-22T12:28:38+00:00","dateModified":"2024-07-11T15:06:33+00:00","breadcrumb":{"@id":"https:\/\/bdm-stg.mda.pl\/de\/kodeks-kontrahenta\/#breadcrumb"},"inLanguage":"de-DE","potentialAction":[{"@type":"ReadAction","target":["https:\/\/bdm-stg.mda.pl\/de\/kodeks-kontrahenta\/"]}]},{"@type":"BreadcrumbList","@id":"https:\/\/bdm-stg.mda.pl\/de\/kodeks-kontrahenta\/#breadcrumb","itemListElement":[{"@type":"ListItem","position":1,"name":"Strona g\u0142\u00f3wna","item":"https:\/\/bdm-stg.mda.pl\/de\/"},{"@type":"ListItem","position":2,"name":"Kodeks Kontrahenta"}]},{"@type":"WebSite","@id":"https:\/\/bdm-stg.mda.pl\/de\/#website","url":"https:\/\/bdm-stg.mda.pl\/de\/","name":"Budimex","description":"","potentialAction":[{"@type":"SearchAction","target":{"@type":"EntryPoint","urlTemplate":"https:\/\/bdm-stg.mda.pl\/de\/?s={search_term_string}"},"query-input":"required name=search_term_string"}],"inLanguage":"de-DE"}]}},"_links":{"self":[{"href":"https:\/\/bdm-stg.mda.pl\/de\/wp-json\/wp\/v2\/pages\/171460"}],"collection":[{"href":"https:\/\/bdm-stg.mda.pl\/de\/wp-json\/wp\/v2\/pages"}],"about":[{"href":"https:\/\/bdm-stg.mda.pl\/de\/wp-json\/wp\/v2\/types\/page"}],"replies":[{"embeddable":true,"href":"https:\/\/bdm-stg.mda.pl\/de\/wp-json\/wp\/v2\/comments?post=171460"}],"version-history":[{"count":1,"href":"https:\/\/bdm-stg.mda.pl\/de\/wp-json\/wp\/v2\/pages\/171460\/revisions"}],"predecessor-version":[{"id":171475,"href":"https:\/\/bdm-stg.mda.pl\/de\/wp-json\/wp\/v2\/pages\/171460\/revisions\/171475"}],"wp:attachment":[{"href":"https:\/\/bdm-stg.mda.pl\/de\/wp-json\/wp\/v2\/media?parent=171460"}],"curies":[{"name":"wp","href":"https:\/\/api.w.org\/{rel}","templated":true}]}}