{"id":171521,"date":"2024-03-01T11:42:19","date_gmt":"2024-03-01T11:42:19","guid":{"rendered":"https:\/\/bdm-stg.mda.pl\/ein-garantierter-erfolg\/"},"modified":"2024-07-11T15:06:24","modified_gmt":"2024-07-11T15:06:24","slug":"ein-garantierter-erfolg","status":"publish","type":"page","link":"https:\/\/bdm-stg.mda.pl\/de\/entwicklung-bei-budimex\/ein-garantierter-erfolg\/","title":{"rendered":"Ein garantierter Erfolg"},"content":{"rendered":"\n<section id=\"block_35266660dd16c184ff42c9514da51325\" class=\"title-section section-margin-56\">\n    <div class=\"container\">\n        <div class=\"row\">\n            <div class=\"col-24\">\n                <div class=\"title-section__title\">\n                    <h2 class=\"typo-h2\">Ein garantierter Erfolg<\/h2>\n                <\/div>\n            <\/div>\n        <\/div>\n    <\/div>\n<\/section> \n<section id=\"block_3e558ceb4fd887253956dbd4cbd0b674\" class=\"photo-section section-margin-40\">\n    <div class=\"container\">\n        <div class=\"row\">\n            <div class=\"col-24 col-lg-18\">\n                                                <div class=\"photo-section__photo\">\n                    <img decoding=\"async\" src=\"https:\/\/bdm-stg.mda.pl\/app\/uploads\/2024\/04\/Rectangle-445-8.png\" alt=\"\">\n                <\/div>\n                            <\/div>\n        <\/div>\n    <\/div>\n<\/section> \n<section id=\"block_ea5278317aaef3f0a29a0dcd20ce6bf8\" class=\"text-block   -hide-dots section-margin-72\">\n    <div class=\"container\">\n        <div class=\"row\">\n            <div class=\"col-24 col-lg-18\">\n                                                                                    <div class=\"text-block__entry-text text-editor under-h5\"><p style=\"text-align: justify\">Ein Programm f\u00fcr Frauen, die an Bauauftr\u00e4gen und in\u00a0zentralen Positionen arbeiten. Es\u00a0bietet die M\u00f6glichkeit, Wissen zu erwerben und Kompetenzen zu entwickeln. Es\u00a0ist eine gro\u00dfartige Gelegenheit, Erfahrungen auszutauschen und sich gegenseitig zu inspirieren.<\/p>\n<p style=\"text-align: justify\">47 Teilnehmer nahmen an der dritten Ausgabe des Programms teil.<\/p>\n<p style=\"text-align: justify\">Das Programm besteht aus vier Workshops, zwischen denen die Teilnehmer Raum haben, die w\u00e4hrend des Trainings erworbenen F\u00e4higkeiten in\u00a0ihrer t\u00e4glichen Arbeit zu testen.<\/p><\/div>\n                                            <\/div>\n                                                                                                                                <\/div>\n    <\/div>\n<\/section> \n    <section id=\"block_7d3a349acb95aabaf083fce8f938d987\" class=\"gallery-section section-margin-120\" data-per-page=\"8\" data-per-row=\"4\" data-type=\"zdjecia\">\n        <div class=\"container\">\n            <div class=\"row\">\n                                    <div class=\"col-24\">\n                        <h2 class=\"gallery-section__title under-h2\">Galerie<\/h2>\n                    <\/div>\n                            <\/div>\n            <div class=\"row\">\n                <div class=\"col-24\">\n                                                                        <div class=\"gallery-section__grid gallery-section__grid--4\">\n                                \n                        <div class=\"gallery-section__image gallery-section__image--single\">\n                <a href=\"https:\/\/bdm-stg.mda.pl\/app\/uploads\/2024\/03\/kobiety4-scaled.jpg\">\n                                        <img loading=\"lazy\" decoding=\"async\" width=\"2560\" height=\"1707\" src=\"https:\/\/bdm-stg.mda.pl\/app\/uploads\/2024\/03\/kobiety4-scaled.jpg\" class=\"attachment-full size-full\" alt=\"\" \/>                                    <\/a>\n                            <\/div>\n                                <div class=\"gallery-section__image gallery-section__image--single\">\n                <a href=\"https:\/\/bdm-stg.mda.pl\/app\/uploads\/2024\/03\/kobiety5-scaled.jpg\">\n                                        <img loading=\"lazy\" decoding=\"async\" width=\"2560\" height=\"1900\" src=\"https:\/\/bdm-stg.mda.pl\/app\/uploads\/2024\/03\/kobiety5-scaled.jpg\" class=\"attachment-full size-full\" alt=\"\" \/>                                    <\/a>\n                            <\/div>\n                                <div class=\"gallery-section__image gallery-section__image--single\">\n                <a href=\"https:\/\/bdm-stg.mda.pl\/app\/uploads\/2024\/03\/kobiety6-scaled.jpg\">\n                                        <img loading=\"lazy\" decoding=\"async\" width=\"2560\" height=\"1707\" src=\"https:\/\/bdm-stg.mda.pl\/app\/uploads\/2024\/03\/kobiety6-scaled.jpg\" class=\"attachment-full size-full\" alt=\"\" \/>                                    <\/a>\n                            <\/div>\n                                <div class=\"gallery-section__image gallery-section__image--single\">\n                <a href=\"https:\/\/bdm-stg.mda.pl\/app\/uploads\/2024\/03\/kobiety8-scaled.jpg\">\n                                        <img loading=\"lazy\" decoding=\"async\" width=\"2560\" height=\"1707\" src=\"https:\/\/bdm-stg.mda.pl\/app\/uploads\/2024\/03\/kobiety8-scaled.jpg\" class=\"attachment-full size-full\" alt=\"\" \/>                                    <\/a>\n                            <\/div>\n                                <div class=\"gallery-section__image gallery-section__image--single\">\n                <a href=\"https:\/\/bdm-stg.mda.pl\/app\/uploads\/2024\/05\/AB1-scaled.jpg\">\n                                        <img loading=\"lazy\" decoding=\"async\" width=\"2560\" height=\"1920\" src=\"https:\/\/bdm-stg.mda.pl\/app\/uploads\/2024\/05\/AB1-scaled.jpg\" class=\"attachment-full size-full\" alt=\"\" \/>                                    <\/a>\n                            <\/div>\n                                <div class=\"gallery-section__image gallery-section__image--single\">\n                <a href=\"https:\/\/bdm-stg.mda.pl\/app\/uploads\/2024\/05\/AB2-scaled.jpg\">\n                                        <img loading=\"lazy\" decoding=\"async\" width=\"2560\" height=\"1920\" src=\"https:\/\/bdm-stg.mda.pl\/app\/uploads\/2024\/05\/AB2-scaled.jpg\" class=\"attachment-full size-full\" alt=\"\" \/>                                    <\/a>\n                            <\/div>\n                                <div class=\"gallery-section__image gallery-section__image--single\">\n                <a href=\"https:\/\/bdm-stg.mda.pl\/app\/uploads\/2024\/05\/AB3-scaled.jpg\">\n                                        <img loading=\"lazy\" decoding=\"async\" width=\"2560\" height=\"1920\" src=\"https:\/\/bdm-stg.mda.pl\/app\/uploads\/2024\/05\/AB3-scaled.jpg\" class=\"attachment-full size-full\" alt=\"\" \/>                                    <\/a>\n                            <\/div>\n                                <div class=\"gallery-section__image gallery-section__image--single\">\n                <a href=\"https:\/\/bdm-stg.mda.pl\/app\/uploads\/2024\/05\/AB4-scaled.jpg\">\n                                        <img loading=\"lazy\" decoding=\"async\" width=\"2560\" height=\"1920\" src=\"https:\/\/bdm-stg.mda.pl\/app\/uploads\/2024\/05\/AB4-scaled.jpg\" class=\"attachment-full size-full\" alt=\"\" \/>                                    <\/a>\n                            <\/div>\n            \n                            <\/div>\n                                                            <div class=\"gallery-section__button-wrapper\">\n                                    <button data-show-more data-ajax-wrapper=\"gallery-section__grid\" data-gallery-type=\"single\" type=\"button\" data-gallery-gallery='[{\"image\":171524,\"subtitle\":\"\",\"link\":{\"title\":null,\"url\":null,\"target\":null}},{\"image\":171525,\"subtitle\":\"\",\"link\":{\"title\":null,\"url\":null,\"target\":null}},{\"image\":171526,\"subtitle\":\"\",\"link\":{\"title\":null,\"url\":null,\"target\":null}},{\"image\":171527,\"subtitle\":\"\",\"link\":{\"title\":null,\"url\":null,\"target\":null}},{\"image\":171533,\"subtitle\":\"\",\"link\":{\"title\":null,\"url\":null,\"target\":null}},{\"image\":171534,\"subtitle\":\"\",\"link\":{\"title\":null,\"url\":null,\"target\":null}},{\"image\":171535,\"subtitle\":\"\",\"link\":{\"title\":null,\"url\":null,\"target\":null}},{\"image\":171536,\"subtitle\":\"\",\"link\":{\"title\":null,\"url\":null,\"target\":null}},{\"image\":171537,\"subtitle\":\"\",\"link\":{\"title\":null,\"url\":null,\"target\":null}},{\"image\":171538,\"subtitle\":\"\",\"link\":{\"title\":null,\"url\":null,\"target\":null}},{\"image\":171539,\"subtitle\":\"\",\"link\":{\"title\":null,\"url\":null,\"target\":null}},{\"image\":171540,\"subtitle\":\"\",\"link\":{\"title\":null,\"url\":null,\"target\":null}},{\"image\":171541,\"subtitle\":\"\",\"link\":{\"title\":null,\"url\":null,\"target\":null}},{\"image\":171542,\"subtitle\":\"\",\"link\":{\"title\":null,\"url\":null,\"target\":null}},{\"image\":171543,\"subtitle\":\"\",\"link\":{\"title\":null,\"url\":null,\"target\":null}},{\"image\":171544,\"subtitle\":\"\",\"link\":{\"title\":null,\"url\":null,\"target\":null}},{\"image\":171545,\"subtitle\":\"\",\"link\":{\"title\":null,\"url\":null,\"target\":null}},{\"image\":171546,\"subtitle\":\"\",\"link\":{\"title\":null,\"url\":null,\"target\":null}}]' data-gallery-page=\"1\" class=\"-wcag-black button button--new-gray button--medium button--full-xl\">Zobacz wi\u0119cej<\/button>\n                                <\/div>\n                                                                                        <\/div>\n            <\/div>\n        <\/div>\n    <\/section>\n \n<section id=\"block_a224f257bd638efe659f30be9149b4ca\" class=\"cta section-margin -center\">\n                <div class=\"cta__overlay cta__overlay--center\"><\/div>\n                    <img decoding=\"async\" width=\"1920\" height=\"540\" src=\"https:\/\/bdm-stg.mda.pl\/app\/uploads\/2024\/02\/Rectangle-1209-1.png\" class=\"cta__background-image\" alt=\"\" loading=\"lazy\" srcset=\"https:\/\/bdm-stg.mda.pl\/app\/uploads\/2024\/02\/Rectangle-1209-1.png 1920w, https:\/\/bdm-stg.mda.pl\/app\/uploads\/2024\/02\/Rectangle-1209-1-1024x288.png 1024w, https:\/\/bdm-stg.mda.pl\/app\/uploads\/2024\/02\/Rectangle-1209-1-1536x432.png 1536w\" sizes=\"(max-width: 1920px) 100vw, 1920px\" \/>                <div class=\"cta__content-wrapper\">\n                <div class=\"container\">\n                        <div class=\"row align-items-center\">\n                <div class=\"col-24 offset-lg-6 col-lg-12\">\n                    <div class=\"cta__text-wrapper d-flex  flex-column\">\n                                                    <h2 class=\"cta__title under-h3  cta__title--clipped\">Bauen Sie Ihre Karriere bei uns auf!<\/h2>\n                                                                            <div class=\"cta__description under-h4 color-dark-100 cta__description--light\">\n                                <p>Realisieren Sie die gr\u00f6\u00dften Projekte, wachsen undBeeinflussen Sie die Realit\u00e4t um Sie herum.<\/p>                            <\/div>\n                                                                    <\/div>\n                    <div class=\"cta__button-wrapper\">\n                                                    <a class=\"button -wcag-yellow  button--new-gold \" href=\"https:\/\/bdm-stg.mda.pl\/kariera\/oferty-pracy\/\">Mehr<\/a>\n                                                                                                            <a class=\"button button--new-border -wcag-yellow-outline\" target=\"\" href=\"#\">Zobacz wi\u0119cej<\/a>\n                                                                            <\/div>\n                <\/div>\n                            <\/div>\n        <\/div>\n    <\/div>\n<\/section> ","protected":false},"excerpt":{"rendered":"","protected":false},"author":0,"featured_media":121351,"parent":171864,"menu_order":0,"comment_status":"closed","ping_status":"closed","template":"page-templates\/page-no-hero.php","meta":{"_acf_changed":false,"inline_featured_image":false,"footnotes":""},"acf":[],"yoast_head":"<!-- This site is optimized with the Yoast SEO plugin v22.5 - https:\/\/yoast.com\/wordpress\/plugins\/seo\/ -->\n<title>Ein garantierter Erfolg - Budimex<\/title>\n<meta name=\"robots\" content=\"noindex, follow, max-snippet:-1, max-image-preview:large, max-video-preview:-1\" \/>\n<meta property=\"og:locale\" content=\"de_DE\" \/>\n<meta property=\"og:type\" content=\"article\" \/>\n<meta property=\"og:title\" content=\"Ein garantierter Erfolg - Budimex\" \/>\n<meta property=\"og:url\" content=\"https:\/\/bdm-stg.mda.pl\/de\/entwicklung-bei-budimex\/ein-garantierter-erfolg\/\" \/>\n<meta property=\"og:site_name\" content=\"Budimex\" \/>\n<meta property=\"article:modified_time\" content=\"2024-07-11T15:06:24+00:00\" \/>\n<meta property=\"og:image\" content=\"https:\/\/bdm-stg.mda.pl\/app\/uploads\/2024\/04\/Rectangle-445-7-1.webp\" \/>\n\t<meta property=\"og:image:width\" content=\"424\" \/>\n\t<meta property=\"og:image:height\" content=\"450\" \/>\n\t<meta property=\"og:image:type\" content=\"image\/webp\" \/>\n<meta name=\"twitter:card\" content=\"summary_large_image\" \/>\n<script type=\"application\/ld+json\" class=\"yoast-schema-graph\">{\"@context\":\"https:\/\/schema.org\",\"@graph\":[{\"@type\":\"WebPage\",\"@id\":\"https:\/\/bdm-stg.mda.pl\/de\/entwicklung-bei-budimex\/ein-garantierter-erfolg\/\",\"url\":\"https:\/\/bdm-stg.mda.pl\/de\/entwicklung-bei-budimex\/ein-garantierter-erfolg\/\",\"name\":\"Ein garantierter Erfolg - Budimex\",\"isPartOf\":{\"@id\":\"https:\/\/bdm-stg.mda.pl\/de\/#website\"},\"primaryImageOfPage\":{\"@id\":\"https:\/\/bdm-stg.mda.pl\/de\/entwicklung-bei-budimex\/ein-garantierter-erfolg\/#primaryimage\"},\"image\":{\"@id\":\"https:\/\/bdm-stg.mda.pl\/de\/entwicklung-bei-budimex\/ein-garantierter-erfolg\/#primaryimage\"},\"thumbnailUrl\":\"https:\/\/bdm-stg.mda.pl\/app\/uploads\/2024\/04\/Rectangle-445-7-1.webp\",\"datePublished\":\"2024-03-01T11:42:19+00:00\",\"dateModified\":\"2024-07-11T15:06:24+00:00\",\"breadcrumb\":{\"@id\":\"https:\/\/bdm-stg.mda.pl\/de\/entwicklung-bei-budimex\/ein-garantierter-erfolg\/#breadcrumb\"},\"inLanguage\":\"de-DE\",\"potentialAction\":[{\"@type\":\"ReadAction\",\"target\":[\"https:\/\/bdm-stg.mda.pl\/de\/entwicklung-bei-budimex\/ein-garantierter-erfolg\/\"]}]},{\"@type\":\"ImageObject\",\"inLanguage\":\"de-DE\",\"@id\":\"https:\/\/bdm-stg.mda.pl\/de\/entwicklung-bei-budimex\/ein-garantierter-erfolg\/#primaryimage\",\"url\":\"https:\/\/bdm-stg.mda.pl\/app\/uploads\/2024\/04\/Rectangle-445-7-1.webp\",\"contentUrl\":\"https:\/\/bdm-stg.mda.pl\/app\/uploads\/2024\/04\/Rectangle-445-7-1.webp\",\"width\":424,\"height\":450},{\"@type\":\"BreadcrumbList\",\"@id\":\"https:\/\/bdm-stg.mda.pl\/de\/entwicklung-bei-budimex\/ein-garantierter-erfolg\/#breadcrumb\",\"itemListElement\":[{\"@type\":\"ListItem\",\"position\":1,\"name\":\"Strona g\u0142\u00f3wna\",\"item\":\"https:\/\/bdm-stg.mda.pl\/de\/\"},{\"@type\":\"ListItem\",\"position\":2,\"name\":\"Entwicklung bei Budimex\",\"item\":\"https:\/\/bdm-stg.mda.pl\/de\/kariera\/rozwoj-w-budimex\/\"},{\"@type\":\"ListItem\",\"position\":3,\"name\":\"Ein garantierter Erfolg\"}]},{\"@type\":\"WebSite\",\"@id\":\"https:\/\/bdm-stg.mda.pl\/de\/#website\",\"url\":\"https:\/\/bdm-stg.mda.pl\/de\/\",\"name\":\"Budimex\",\"description\":\"\",\"potentialAction\":[{\"@type\":\"SearchAction\",\"target\":{\"@type\":\"EntryPoint\",\"urlTemplate\":\"https:\/\/bdm-stg.mda.pl\/de\/?s={search_term_string}\"},\"query-input\":\"required name=search_term_string\"}],\"inLanguage\":\"de-DE\"}]}<\/script>\n<!-- \/ Yoast SEO plugin. -->","yoast_head_json":{"title":"Ein garantierter Erfolg - Budimex","robots":{"index":"noindex","follow":"follow","max-snippet":"max-snippet:-1","max-image-preview":"max-image-preview:large","max-video-preview":"max-video-preview:-1"},"og_locale":"de_DE","og_type":"article","og_title":"Ein garantierter Erfolg - Budimex","og_url":"https:\/\/bdm-stg.mda.pl\/de\/entwicklung-bei-budimex\/ein-garantierter-erfolg\/","og_site_name":"Budimex","article_modified_time":"2024-07-11T15:06:24+00:00","og_image":[{"width":424,"height":450,"url":"https:\/\/bdm-stg.mda.pl\/app\/uploads\/2024\/04\/Rectangle-445-7-1.webp","type":"image\/webp"}],"twitter_card":"summary_large_image","schema":{"@context":"https:\/\/schema.org","@graph":[{"@type":"WebPage","@id":"https:\/\/bdm-stg.mda.pl\/de\/entwicklung-bei-budimex\/ein-garantierter-erfolg\/","url":"https:\/\/bdm-stg.mda.pl\/de\/entwicklung-bei-budimex\/ein-garantierter-erfolg\/","name":"Ein garantierter Erfolg - Budimex","isPartOf":{"@id":"https:\/\/bdm-stg.mda.pl\/de\/#website"},"primaryImageOfPage":{"@id":"https:\/\/bdm-stg.mda.pl\/de\/entwicklung-bei-budimex\/ein-garantierter-erfolg\/#primaryimage"},"image":{"@id":"https:\/\/bdm-stg.mda.pl\/de\/entwicklung-bei-budimex\/ein-garantierter-erfolg\/#primaryimage"},"thumbnailUrl":"https:\/\/bdm-stg.mda.pl\/app\/uploads\/2024\/04\/Rectangle-445-7-1.webp","datePublished":"2024-03-01T11:42:19+00:00","dateModified":"2024-07-11T15:06:24+00:00","breadcrumb":{"@id":"https:\/\/bdm-stg.mda.pl\/de\/entwicklung-bei-budimex\/ein-garantierter-erfolg\/#breadcrumb"},"inLanguage":"de-DE","potentialAction":[{"@type":"ReadAction","target":["https:\/\/bdm-stg.mda.pl\/de\/entwicklung-bei-budimex\/ein-garantierter-erfolg\/"]}]},{"@type":"ImageObject","inLanguage":"de-DE","@id":"https:\/\/bdm-stg.mda.pl\/de\/entwicklung-bei-budimex\/ein-garantierter-erfolg\/#primaryimage","url":"https:\/\/bdm-stg.mda.pl\/app\/uploads\/2024\/04\/Rectangle-445-7-1.webp","contentUrl":"https:\/\/bdm-stg.mda.pl\/app\/uploads\/2024\/04\/Rectangle-445-7-1.webp","width":424,"height":450},{"@type":"BreadcrumbList","@id":"https:\/\/bdm-stg.mda.pl\/de\/entwicklung-bei-budimex\/ein-garantierter-erfolg\/#breadcrumb","itemListElement":[{"@type":"ListItem","position":1,"name":"Strona g\u0142\u00f3wna","item":"https:\/\/bdm-stg.mda.pl\/de\/"},{"@type":"ListItem","position":2,"name":"Entwicklung bei Budimex","item":"https:\/\/bdm-stg.mda.pl\/de\/kariera\/rozwoj-w-budimex\/"},{"@type":"ListItem","position":3,"name":"Ein garantierter Erfolg"}]},{"@type":"WebSite","@id":"https:\/\/bdm-stg.mda.pl\/de\/#website","url":"https:\/\/bdm-stg.mda.pl\/de\/","name":"Budimex","description":"","potentialAction":[{"@type":"SearchAction","target":{"@type":"EntryPoint","urlTemplate":"https:\/\/bdm-stg.mda.pl\/de\/?s={search_term_string}"},"query-input":"required name=search_term_string"}],"inLanguage":"de-DE"}]}},"_links":{"self":[{"href":"https:\/\/bdm-stg.mda.pl\/de\/wp-json\/wp\/v2\/pages\/171521"}],"collection":[{"href":"https:\/\/bdm-stg.mda.pl\/de\/wp-json\/wp\/v2\/pages"}],"about":[{"href":"https:\/\/bdm-stg.mda.pl\/de\/wp-json\/wp\/v2\/types\/page"}],"replies":[{"embeddable":true,"href":"https:\/\/bdm-stg.mda.pl\/de\/wp-json\/wp\/v2\/comments?post=171521"}],"version-history":[{"count":1,"href":"https:\/\/bdm-stg.mda.pl\/de\/wp-json\/wp\/v2\/pages\/171521\/revisions"}],"predecessor-version":[{"id":171547,"href":"https:\/\/bdm-stg.mda.pl\/de\/wp-json\/wp\/v2\/pages\/171521\/revisions\/171547"}],"up":[{"embeddable":true,"href":"https:\/\/bdm-stg.mda.pl\/de\/wp-json\/wp\/v2\/pages\/171864"}],"wp:featuredmedia":[{"embeddable":true,"href":"https:\/\/bdm-stg.mda.pl\/de\/wp-json\/wp\/v2\/media\/121351"}],"wp:attachment":[{"href":"https:\/\/bdm-stg.mda.pl\/de\/wp-json\/wp\/v2\/media?parent=171521"}],"curies":[{"name":"wp","href":"https:\/\/api.w.org\/{rel}","templated":true}]}}