{"id":171548,"date":"2023-08-31T12:13:45","date_gmt":"2023-08-31T12:13:45","guid":{"rendered":"https:\/\/bdm-stg.mda.pl\/preise-und-auszeichnungen\/"},"modified":"2024-07-11T15:06:37","modified_gmt":"2024-07-11T15:06:37","slug":"preise-und-auszeichnungen","status":"publish","type":"page","link":"https:\/\/bdm-stg.mda.pl\/de\/preise-und-auszeichnungen\/","title":{"rendered":"Preise und Auszeichnungen"},"content":{"rendered":"\n<section id=\"block_947bd214df9d053062e52bb5f8607499\" class=\"text-block   section-margin-56\">\n    <div class=\"container\">\n        <div class=\"row\">\n            <div class=\"col-24 col-lg-18\">\n                                                    <div class=\"text-block__top-texts under-h2\">\n                        <h2 class=\"text-block__title\">Auszeichnungen<\/h2>\n                                            <\/div>\n                                                                    <div class=\"text-block__entry-text text-editor under-h5\"><p>Unsere Arbeit wird vom Markt und von Gesch\u00e4ftspartnern wahrgenommen und gesch\u00e4tzt.Die von der Budimex-Gruppe get\u00e4tigten Investitionen werden in\u00a0f\u00fchrenden Rankings und Branchenwettbewerben ausgezeichnet.<\/p><\/div>\n                                                    <div class=\"text-block__text text-editor\"><p><strong>Konstruktion des Jahres<\/strong>Das Unternehmen ist mehrfacher Gewinner des Preises des Polnischen Verbandes der Bauingenieure und -techniker. Im\u00a0Rahmen des Wettbewerbs werden die besten Baustellen in\u00a0Polen ausgezeichnet, die in\u00a0einem bestimmten Jahr im\u00a0Bereich der Ingenieurtechnik fertiggestellt wurden. Budimex erhielt es\u00a0f\u00fcr solche Investitionen wie: das Forschungs- und Entwicklungszentrum von PKN Orlen in\u00a0P\u0142ock, die \u0141agiewnicka-Route und das Institut f\u00fcr W\u00e4rmetechnik der Technischen Universit\u00e4t Warschau in\u00a0Warschau.<strong>Bauunternehmen des Jahres<\/strong>Seit mehreren Jahren wird das Unternehmen jedes Jahr von der Redaktion von Builder mit dem Titel \u201cBauunternehmen des Jahres\u201d ausgezeichnet. Die Auszeichnung wird an Unternehmen aus der Baubranche verliehen, die sich dynamisch entwickelt und eine Marktposition erreicht haben, sowie f\u00fcr besondere Erfolge in\u00a0einem bestimmten Jahr.<\/p><\/div>\n                            <\/div>\n                                                                                                                                <\/div>\n    <\/div>\n<\/section> \n<section id=\"block_1021504867559c0d849c3ddaae6921bf\" class=\"video-section section-margin-72\" data-video-section>\n    <div class=\"container\">\n        <div class=\"row\">\n            <div class=\"col-24\">\n                <div class=\"video-section__video\">\n                    <button class=\"video-section__toggle play\" data-video-section-toggle>\n                        <span class=\"icon icon-play-media\"><\/span>\n                    <\/button>\n                    <video\n                        controls\n                        src=\"https:\/\/www.youtube.com\/watch?v=_tEGRtojoB8\"\n                        class=\"video-js vjs-16-9\"\n                        data-video-js\n                        data-setup='{ \"techOrder\": [\"youtube\"], \"sources\": [{ \"type\": \"video\/youtube\", \"src\": \"https:\/\/www.youtube.com\/watch?v=_tEGRtojoB8\"}] }'\n                        playsinline\n                    ><\/video>\n                <\/div>\n            <\/div>\n        <\/div>\n    <\/div>\n<\/section>  \n<section id=\"wyroznienia\" class=\"press-list  section-margin-120\" data-press-list data-press-list-settings='{\"per_page\":\"6\",\"post_type\":\"highlights\",\"is_first_highlighted\":false,\"is_show_date\":true,\"are_childrens\":false,\"current_page\":171548,\"is_gray_card\":false}'>\n    <div class=\"container\">\n                    <h2 class=\"under-h2\">Nachrichten<\/h2>\n                        <div class=\"row press-list__posts\">\n            <div class=\"press-list__loader hide\" data-press-list-loader>\n                <div class=\"loader  loader--theme-default \">\n    <div><\/div>\n    <div><\/div>\n    <div><\/div>\n    <div><\/div>\n<\/div>            <\/div>\n            <div class=\"col-24\">\n                                <div class=\"row press-list__row\" data-press-list-wrapper>\n                                    <\/div>\n            <\/div>\n        <\/div>\n        <div class=\"row\">\n            <div class=\"col-24\">\n                <div class=\"press-list__pagination\">\n                    <div class=\"pagination\" data-pagination data-settings='{\"max_pages\":0,\"pages_visible\":4}'>\n    <div class=\"pagination__wrapper\">\n        <button class=\"pagination__nav pagination__nav--prev\"><i class=\"icon icon-arrow-left d-flex\"><\/i><\/button>\n        <div class=\"pagination__pages-wrapper\">\n            <div class=\"pagination__numbers\"><\/div>\n        <\/div>\n        <button class=\"pagination__nav pagination__nav--next\"><i class=\"icon icon-arrow-right d-flex\"><\/i><\/button>\n    <\/div>\n<\/div>                <\/div>\n            <\/div>\n        <\/div>\n    <\/div>\n<\/section> ","protected":false},"excerpt":{"rendered":"","protected":false},"author":0,"featured_media":0,"parent":0,"menu_order":15,"comment_status":"closed","ping_status":"closed","template":"page-templates\/gutenberg-text-hero.php","meta":{"_acf_changed":false,"inline_featured_image":false,"footnotes":""},"acf":[],"yoast_head":"<!-- This site is optimized with the Yoast SEO plugin v22.5 - https:\/\/yoast.com\/wordpress\/plugins\/seo\/ -->\n<title>Preise und Auszeichnungen - Budimex<\/title>\n<meta name=\"robots\" content=\"noindex, follow, max-snippet:-1, max-image-preview:large, max-video-preview:-1\" \/>\n<meta property=\"og:locale\" content=\"de_DE\" \/>\n<meta property=\"og:type\" content=\"article\" \/>\n<meta property=\"og:title\" content=\"Preise und Auszeichnungen - Budimex\" \/>\n<meta property=\"og:url\" content=\"https:\/\/bdm-stg.mda.pl\/de\/preise-und-auszeichnungen\/\" \/>\n<meta property=\"og:site_name\" content=\"Budimex\" \/>\n<meta property=\"article:modified_time\" content=\"2024-07-11T15:06:37+00:00\" \/>\n<meta name=\"twitter:card\" content=\"summary_large_image\" \/>\n<script type=\"application\/ld+json\" class=\"yoast-schema-graph\">{\"@context\":\"https:\/\/schema.org\",\"@graph\":[{\"@type\":\"WebPage\",\"@id\":\"https:\/\/bdm-stg.mda.pl\/de\/preise-und-auszeichnungen\/\",\"url\":\"https:\/\/bdm-stg.mda.pl\/de\/preise-und-auszeichnungen\/\",\"name\":\"Preise und Auszeichnungen - Budimex\",\"isPartOf\":{\"@id\":\"https:\/\/bdm-stg.mda.pl\/de\/#website\"},\"datePublished\":\"2023-08-31T12:13:45+00:00\",\"dateModified\":\"2024-07-11T15:06:37+00:00\",\"breadcrumb\":{\"@id\":\"https:\/\/bdm-stg.mda.pl\/de\/preise-und-auszeichnungen\/#breadcrumb\"},\"inLanguage\":\"de-DE\",\"potentialAction\":[{\"@type\":\"ReadAction\",\"target\":[\"https:\/\/bdm-stg.mda.pl\/de\/preise-und-auszeichnungen\/\"]}]},{\"@type\":\"BreadcrumbList\",\"@id\":\"https:\/\/bdm-stg.mda.pl\/de\/preise-und-auszeichnungen\/#breadcrumb\",\"itemListElement\":[{\"@type\":\"ListItem\",\"position\":1,\"name\":\"Strona g\u0142\u00f3wna\",\"item\":\"https:\/\/bdm-stg.mda.pl\/de\/\"},{\"@type\":\"ListItem\",\"position\":2,\"name\":\"Preise und Auszeichnungen\"}]},{\"@type\":\"WebSite\",\"@id\":\"https:\/\/bdm-stg.mda.pl\/de\/#website\",\"url\":\"https:\/\/bdm-stg.mda.pl\/de\/\",\"name\":\"Budimex\",\"description\":\"\",\"potentialAction\":[{\"@type\":\"SearchAction\",\"target\":{\"@type\":\"EntryPoint\",\"urlTemplate\":\"https:\/\/bdm-stg.mda.pl\/de\/?s={search_term_string}\"},\"query-input\":\"required name=search_term_string\"}],\"inLanguage\":\"de-DE\"}]}<\/script>\n<!-- \/ Yoast SEO plugin. -->","yoast_head_json":{"title":"Preise und Auszeichnungen - Budimex","robots":{"index":"noindex","follow":"follow","max-snippet":"max-snippet:-1","max-image-preview":"max-image-preview:large","max-video-preview":"max-video-preview:-1"},"og_locale":"de_DE","og_type":"article","og_title":"Preise und Auszeichnungen - Budimex","og_url":"https:\/\/bdm-stg.mda.pl\/de\/preise-und-auszeichnungen\/","og_site_name":"Budimex","article_modified_time":"2024-07-11T15:06:37+00:00","twitter_card":"summary_large_image","schema":{"@context":"https:\/\/schema.org","@graph":[{"@type":"WebPage","@id":"https:\/\/bdm-stg.mda.pl\/de\/preise-und-auszeichnungen\/","url":"https:\/\/bdm-stg.mda.pl\/de\/preise-und-auszeichnungen\/","name":"Preise und Auszeichnungen - Budimex","isPartOf":{"@id":"https:\/\/bdm-stg.mda.pl\/de\/#website"},"datePublished":"2023-08-31T12:13:45+00:00","dateModified":"2024-07-11T15:06:37+00:00","breadcrumb":{"@id":"https:\/\/bdm-stg.mda.pl\/de\/preise-und-auszeichnungen\/#breadcrumb"},"inLanguage":"de-DE","potentialAction":[{"@type":"ReadAction","target":["https:\/\/bdm-stg.mda.pl\/de\/preise-und-auszeichnungen\/"]}]},{"@type":"BreadcrumbList","@id":"https:\/\/bdm-stg.mda.pl\/de\/preise-und-auszeichnungen\/#breadcrumb","itemListElement":[{"@type":"ListItem","position":1,"name":"Strona g\u0142\u00f3wna","item":"https:\/\/bdm-stg.mda.pl\/de\/"},{"@type":"ListItem","position":2,"name":"Preise und Auszeichnungen"}]},{"@type":"WebSite","@id":"https:\/\/bdm-stg.mda.pl\/de\/#website","url":"https:\/\/bdm-stg.mda.pl\/de\/","name":"Budimex","description":"","potentialAction":[{"@type":"SearchAction","target":{"@type":"EntryPoint","urlTemplate":"https:\/\/bdm-stg.mda.pl\/de\/?s={search_term_string}"},"query-input":"required name=search_term_string"}],"inLanguage":"de-DE"}]}},"_links":{"self":[{"href":"https:\/\/bdm-stg.mda.pl\/de\/wp-json\/wp\/v2\/pages\/171548"}],"collection":[{"href":"https:\/\/bdm-stg.mda.pl\/de\/wp-json\/wp\/v2\/pages"}],"about":[{"href":"https:\/\/bdm-stg.mda.pl\/de\/wp-json\/wp\/v2\/types\/page"}],"replies":[{"embeddable":true,"href":"https:\/\/bdm-stg.mda.pl\/de\/wp-json\/wp\/v2\/comments?post=171548"}],"version-history":[{"count":1,"href":"https:\/\/bdm-stg.mda.pl\/de\/wp-json\/wp\/v2\/pages\/171548\/revisions"}],"predecessor-version":[{"id":171558,"href":"https:\/\/bdm-stg.mda.pl\/de\/wp-json\/wp\/v2\/pages\/171548\/revisions\/171558"}],"wp:attachment":[{"href":"https:\/\/bdm-stg.mda.pl\/de\/wp-json\/wp\/v2\/media?parent=171548"}],"curies":[{"name":"wp","href":"https:\/\/api.w.org\/{rel}","templated":true}]}}