{"id":171549,"date":"2024-03-19T08:07:41","date_gmt":"2024-03-19T08:07:41","guid":{"rendered":"https:\/\/bdm-stg.mda.pl\/unsere-aktivitaeten\/"},"modified":"2024-07-11T15:06:23","modified_gmt":"2024-07-11T15:06:23","slug":"unsere-aktivitaeten","status":"publish","type":"page","link":"https:\/\/bdm-stg.mda.pl\/de\/unsere-aktivitaeten\/","title":{"rendered":"Unsere Aktivit\u00e4ten"},"content":{"rendered":"\n<section id=\"cards\" class=\"image-links-section section-margin-120\">\n    <div class=\"container\">\n                <div class=\"image-links-section__links-wrapper\">\n                            <div class=\"row image-links-section__links\">\n                                            <div class=\"col-24 col-sm-12 col-lg-8 image-links-section__link\">\n                            <div class=\"image-links-section__card\">\n                                                                    <div class=\"image-links-section__cardImage\">\n                                        <div class=\"image-links-section__overlay\"><\/div>\n                                        <img loading=\"lazy\" decoding=\"async\" width=\"636\" height=\"636\" src=\"https:\/\/bdm-stg.mda.pl\/app\/uploads\/2024\/03\/Rectangle-1218-1.png\" class=\"image-links-section__image\" alt=\"\" srcset=\"https:\/\/bdm-stg.mda.pl\/app\/uploads\/2024\/03\/Rectangle-1218-1.png 636w, https:\/\/bdm-stg.mda.pl\/app\/uploads\/2024\/03\/Rectangle-1218-1-150x150.png 150w\" sizes=\"(max-width: 636px) 100vw, 636px\" \/>                                    <\/div>\n                                                                <div class=\"image-links-section__cardContent\">\n                                                                                                            <div class=\"image-links-section__cardDesc\">\n                                        <p class=\"typo-h3 color-gray-120 f-700\">ESG-Strategie<br>im\u00a0Bereich der Gesellschaft<\/p>\n                                    <\/div>\n                                                                                                        <\/div>\n                                                                    <a href=\"https:\/\/bdm-stg.mda.pl\/esg\/s-spoleczenstwo\/#cards\" class=\"image-links-section__cardLink\"><\/a>\n                                                            <\/div>\n                        <\/div>\n                                            <div class=\"col-24 col-sm-12 col-lg-8 image-links-section__link\">\n                            <div class=\"image-links-section__card\">\n                                                                    <div class=\"image-links-section__cardImage\">\n                                        <div class=\"image-links-section__overlay\"><\/div>\n                                        <img loading=\"lazy\" decoding=\"async\" width=\"1412\" height=\"2122\" src=\"https:\/\/bdm-stg.mda.pl\/app\/uploads\/2024\/03\/Spoleczenstwo-nasze-dzialania-kafelek.webp\" class=\"image-links-section__image\" alt=\"\" srcset=\"https:\/\/bdm-stg.mda.pl\/app\/uploads\/2024\/03\/Spoleczenstwo-nasze-dzialania-kafelek.webp 1412w, https:\/\/bdm-stg.mda.pl\/app\/uploads\/2024\/03\/Spoleczenstwo-nasze-dzialania-kafelek-681x1024.webp 681w, https:\/\/bdm-stg.mda.pl\/app\/uploads\/2024\/03\/Spoleczenstwo-nasze-dzialania-kafelek-1022x1536.webp 1022w, https:\/\/bdm-stg.mda.pl\/app\/uploads\/2024\/03\/Spoleczenstwo-nasze-dzialania-kafelek-1363x2048.webp 1363w\" sizes=\"(max-width: 1412px) 100vw, 1412px\" \/>                                    <\/div>\n                                                                <div class=\"image-links-section__cardContent\">\n                                                                                                            <div class=\"image-links-section__cardDesc\">\n                                        <p class=\"typo-h3 color-gray-120 f-700\">Unsere Aktivit\u00e4ten<\/p>\n                                    <\/div>\n                                                                                                        <\/div>\n                                                                    <a href=\"https:\/\/bdm-stg.mda.pl\/esg\/s-spoleczenstwo\/nasze-dzialania\/#cards\" class=\"image-links-section__cardLink\"><\/a>\n                                                            <\/div>\n                        <\/div>\n                                    <\/div>\n                                                <\/div>\n    <\/div>\n<\/section> \n<section id=\"block_05575b8f5888d50da215e99bffa98860\" class=\"text-block   section-margin-56\">\n    <div class=\"container\">\n        <div class=\"row\">\n            <div class=\"col-24 col-lg-18\">\n                                                    <div class=\"text-block__top-texts under-h2\">\n                        <h2 class=\"text-block__title\">Unsere Aktivit\u00e4ten<\/h2>\n                                            <\/div>\n                                                                            <\/div>\n                                                                                                                                <\/div>\n    <\/div>\n<\/section> \n<section id=\"block_c68cb470d154cd7200957ed30a97d4c9\" class=\"our-actions section-margin-120\">\n    <div class=\"container\">\n        <div class=\"row\">\n            <div class=\"col-24\">\n                <div class=\"our-actions__list\">\n                                            <div class=\"our-actions__item\">\n                            \n<div class=\"card-action\">\n            <img loading=\"lazy\" decoding=\"async\" width=\"648\" height=\"370\" src=\"https:\/\/bdm-stg.mda.pl\/app\/uploads\/2024\/03\/Rectangle-25-80.png\" class=\"card-action__image\" alt=\"\" \/>                <h4 class=\"card-action__title f-700\">Wir kl\u00e4ren \u00fcber Sicherheit auf<\/h4>\n                <div class=\"card-action__description color-gray-120\"><p>Aus Sorge um zuk\u00fcnftige Generationen setzen wir erfolgreich unser eigenes Programm &#8220;Hallo ICE. Budimex f\u00fcr Kinder&#8221;. Durch direkte Treffen in&nbsp;Bildungseinrichtungen teilen wir unsere eigenen Erfahrungen mit jungen Menschen, wie man sich um die Sicherheit im&nbsp;\u00f6ffentlichen Verkehr k\u00fcmmern kann, und wir bilden auch im&nbsp;Bereich der Ersten Hilfe weiter. Wir wollen unser Angebot f\u00fcr Kinder und Jugendliche erweitern und den Bildungsumfang auch im&nbsp;Bereich der Mikromobilit\u00e4t (sicher auf Inlineskates\/Scootern\/Skateboards) erweitern.<\/p><\/div>\n    <\/div>\n\n                        <\/div>\n                                            <div class=\"our-actions__item\">\n                            \n<div class=\"card-action\">\n            <img loading=\"lazy\" decoding=\"async\" width=\"648\" height=\"370\" src=\"https:\/\/bdm-stg.mda.pl\/app\/uploads\/2024\/03\/Rectangle-25-79.png\" class=\"card-action__image\" alt=\"\" \/>                <h4 class=\"card-action__title f-700\">Wir unterst\u00fctzen lokale Gemeinschaften<\/h4>\n                <div class=\"card-action__description color-gray-120\"><p>Wir sind offen f\u00fcr den Dialog mit den Gemeinden, in&nbsp;denen wir t\u00e4tig sind, und haben ein offenes Ohr f\u00fcr ihre Bed\u00fcrfnisse, weshalb wir eine Reihe von Ma\u00dfnahmen ergreifen, um ihre Lebensqualit\u00e4t zu verbessern. Eines unserer urspr\u00fcnglichen Projekte ist die &#8220;Parent Zone&#8221;, die seit 2012 kontinuierlich umgesetzt wird. Unsere Freiwilligen auf den Kinderstationen polnischer Krankenh\u00e4user schaffen R\u00e4ume f\u00fcr Kinder und ihre Eltern. Dank Orten wie den Elternzonen k\u00f6nnen sich junge Patienten f\u00fcr einen Moment von den Gedanken an die Krankheit l\u00f6sen und ihre Zeit auf angenehme Weise verbringen. Das Programm unterst\u00fctzt auch Eltern, die ihre Kinder in&nbsp;dieser f\u00fcr sie schwierigen Zeit st\u00e4ndig begleiten k\u00f6nnen.<\/p><\/div>\n    <\/div>\n\n                        <\/div>\n                                            <div class=\"our-actions__item\">\n                            \n<div class=\"card-action\">\n            <img loading=\"lazy\" decoding=\"async\" width=\"648\" height=\"370\" src=\"https:\/\/bdm-stg.mda.pl\/app\/uploads\/2024\/03\/Rectangle-25-78.png\" class=\"card-action__image\" alt=\"\" \/>                <h4 class=\"card-action__title f-700\">Vielfalt st\u00e4rken<\/h4>\n                <div class=\"card-action__description color-gray-120\"><p>Grundlage unseres Handelns ist die Charta der Vielfalt, die wir unterzeichnet haben. Mit der Umsetzung der Diversit\u00e4tspolitik haben wir uns verpflichtet, alle unsere Mitarbeiter gleich zu behandeln und f\u00fcr sie eine Organisationskultur zu schaffen, die auf dem Respekt vor allen Formen von Vielfalt basiert. Wir sind uns jedoch bewusst, dass der Aufbau von Vielfalt mit einschr\u00e4nkenden Glaubenss\u00e4tzen einhergehen kann, weshalb wir aktiv werden, um das Bewusstsein daf\u00fcr zu sch\u00e4rfen, was Unterschiede sind und wie man daraus Kraft sch\u00f6pfen kann. Eine davon ist die zyklische Woche der Vielfalt, in&nbsp;deren Rahmen wir viele Aktivit\u00e4ten durchf\u00fchren, d.h. Webinare, Podcasts, Wettbewerbe, Schulungen, in&nbsp;deren Rahmen wir unsere Mitarbeiter im&nbsp;Bereich der Vielfalt aktivieren und weiterbilden.<\/p><\/div>\n    <\/div>\n\n                        <\/div>\n                                            <div class=\"our-actions__item\">\n                            \n<div class=\"card-action\">\n            <img loading=\"lazy\" decoding=\"async\" width=\"1280\" height=\"720\" src=\"https:\/\/bdm-stg.mda.pl\/app\/uploads\/2024\/05\/Budimex-Aktywna-Odziez-BHP.png\" class=\"card-action__image\" alt=\"\" srcset=\"https:\/\/bdm-stg.mda.pl\/app\/uploads\/2024\/05\/Budimex-Aktywna-Odziez-BHP.png 1280w, https:\/\/bdm-stg.mda.pl\/app\/uploads\/2024\/05\/Budimex-Aktywna-Odziez-BHP-1024x576.png 1024w\" sizes=\"(max-width: 1280px) 100vw, 1280px\" \/>                <h4 class=\"card-action__title f-700\">Wir schaffen ein innovatives Umfeld<\/h4>\n                <div class=\"card-action__description color-gray-120\"><p>Bei der Durchf\u00fchrung unserer Aktivit\u00e4ten verwenden wir innovative L\u00f6sungen, denn dank ihnen k\u00f6nnen Geb\u00e4ude nachhaltiger funktionieren. Gleichzeitig schaffen wir ein nachhaltiges Arbeitsumfeld und f\u00f6rdern die Kreativit\u00e4t unserer Mitarbeiter. F\u00fcr sie haben wir die Innovation Zone geschaffen \u2013 einen Raum, in&nbsp;dem kleine und gro\u00dfe Verbesserungen eingereicht werden k\u00f6nnen. Durch die Umsetzung der meisten von ihnen verbessern wir nicht nur kontinuierlich unsere Effizienz, sondern unterst\u00fctzen vor allem die Innovationskompetenz unserer Mitarbeiter und gestalten den Wandel in&nbsp;der Organisation mit.<\/p><\/div>\n    <\/div>\n\n                        <\/div>\n                                    <\/div>\n            <\/div>\n        <\/div>\n    <\/div>\n<\/section>\n\n \n<section id=\"block_4b226341dc01bd3c6e8f08ffaaf34d55\" class=\"cta section-margin -center\">\n            <div class=\"cta__loader hide\" data-press-list-loader>\n            <div class=\"loader  loader--theme-default \">\n    <div><\/div>\n    <div><\/div>\n    <div><\/div>\n    <div><\/div>\n<\/div>        <\/div>\n                <div class=\"cta__overlay cta__overlay--center\"><\/div>\n                    <img decoding=\"async\" width=\"2560\" height=\"1440\" src=\"https:\/\/bdm-stg.mda.pl\/app\/uploads\/2024\/03\/Strategia-ESG-baner-dol-2.png\" class=\"cta__background-image\" alt=\"\" loading=\"lazy\" srcset=\"https:\/\/bdm-stg.mda.pl\/app\/uploads\/2024\/03\/Strategia-ESG-baner-dol-2.png 2560w, https:\/\/bdm-stg.mda.pl\/app\/uploads\/2024\/03\/Strategia-ESG-baner-dol-2-1024x576.png 1024w, https:\/\/bdm-stg.mda.pl\/app\/uploads\/2024\/03\/Strategia-ESG-baner-dol-2-1536x864.png 1536w, https:\/\/bdm-stg.mda.pl\/app\/uploads\/2024\/03\/Strategia-ESG-baner-dol-2-2048x1152.png 2048w\" sizes=\"(max-width: 2560px) 100vw, 2560px\" \/>                <div class=\"cta__content-wrapper\">\n                <div class=\"container\">\n                        <div class=\"row align-items-center\">\n                <div class=\"col-24 offset-lg-6 col-lg-12\">\n                    <div class=\"cta__text-wrapper d-flex  flex-column\">\n                                                    <h2 class=\"cta__title under-h3  cta__title--clipped\">ESG-Strategie<\/h2>\n                                                                            <div class=\"cta__description under-h4 color-dark-100 cta__description--light\">\n                                <p>Wir ver\u00e4ndern die Welt f\u00fcr Sie! Und wir ver\u00e4ndern uns selbst \u2013 dieser Gedankeleitet unsere Strategie. Wir sind bereit!<\/p>                            <\/div>\n                                                                    <\/div>\n                    <div class=\"cta__button-wrapper\">\n                                                    <button data-url=\"https:\/\/www.youtube.com\/watch?v=R6bw9JR9JKA\" type=\"button\" class=\"cta__video-btn button button--new-gold -wcag-yellow\">Video ansehen<\/button>\n                                                                                                            <a class=\"button button--new-border -wcag-yellow-outline\" target=\"_blank\" href=\"https:\/\/bdm-stg.mda.pl\/app\/uploads\/2024\/02\/budimex_broszura.pdf\">Laden Sie die Strategie herunter<\/a>\n                                                                            <\/div>\n                <\/div>\n                            <\/div>\n        <\/div>\n    <\/div>\n<\/section>  ","protected":false},"excerpt":{"rendered":"","protected":false},"author":0,"featured_media":0,"parent":0,"menu_order":0,"comment_status":"closed","ping_status":"closed","template":"page-templates\/gutenberg-text-hero.php","meta":{"_acf_changed":false,"inline_featured_image":false,"footnotes":""},"acf":[],"yoast_head":"<!-- This site is optimized with the Yoast SEO plugin v22.5 - https:\/\/yoast.com\/wordpress\/plugins\/seo\/ -->\n<title>Unsere Aktivit\u00e4ten - Budimex<\/title>\n<meta name=\"robots\" content=\"noindex, follow, max-snippet:-1, max-image-preview:large, max-video-preview:-1\" \/>\n<meta property=\"og:locale\" content=\"de_DE\" \/>\n<meta property=\"og:type\" content=\"article\" \/>\n<meta property=\"og:title\" content=\"Unsere Aktivit\u00e4ten - Budimex\" \/>\n<meta property=\"og:url\" content=\"https:\/\/bdm-stg.mda.pl\/de\/unsere-aktivitaeten\/\" \/>\n<meta property=\"og:site_name\" content=\"Budimex\" \/>\n<meta property=\"article:modified_time\" content=\"2024-07-11T15:06:23+00:00\" \/>\n<meta name=\"twitter:card\" content=\"summary_large_image\" \/>\n<script type=\"application\/ld+json\" class=\"yoast-schema-graph\">{\"@context\":\"https:\/\/schema.org\",\"@graph\":[{\"@type\":\"WebPage\",\"@id\":\"https:\/\/bdm-stg.mda.pl\/de\/unsere-aktivitaeten\/\",\"url\":\"https:\/\/bdm-stg.mda.pl\/de\/unsere-aktivitaeten\/\",\"name\":\"Unsere Aktivit\u00e4ten - Budimex\",\"isPartOf\":{\"@id\":\"https:\/\/bdm-stg.mda.pl\/de\/#website\"},\"datePublished\":\"2024-03-19T08:07:41+00:00\",\"dateModified\":\"2024-07-11T15:06:23+00:00\",\"breadcrumb\":{\"@id\":\"https:\/\/bdm-stg.mda.pl\/de\/unsere-aktivitaeten\/#breadcrumb\"},\"inLanguage\":\"de-DE\",\"potentialAction\":[{\"@type\":\"ReadAction\",\"target\":[\"https:\/\/bdm-stg.mda.pl\/de\/unsere-aktivitaeten\/\"]}]},{\"@type\":\"BreadcrumbList\",\"@id\":\"https:\/\/bdm-stg.mda.pl\/de\/unsere-aktivitaeten\/#breadcrumb\",\"itemListElement\":[{\"@type\":\"ListItem\",\"position\":1,\"name\":\"Strona g\u0142\u00f3wna\",\"item\":\"https:\/\/bdm-stg.mda.pl\/de\/\"},{\"@type\":\"ListItem\",\"position\":2,\"name\":\"Unsere Aktivit\u00e4ten\"}]},{\"@type\":\"WebSite\",\"@id\":\"https:\/\/bdm-stg.mda.pl\/de\/#website\",\"url\":\"https:\/\/bdm-stg.mda.pl\/de\/\",\"name\":\"Budimex\",\"description\":\"\",\"potentialAction\":[{\"@type\":\"SearchAction\",\"target\":{\"@type\":\"EntryPoint\",\"urlTemplate\":\"https:\/\/bdm-stg.mda.pl\/de\/?s={search_term_string}\"},\"query-input\":\"required name=search_term_string\"}],\"inLanguage\":\"de-DE\"}]}<\/script>\n<!-- \/ Yoast SEO plugin. -->","yoast_head_json":{"title":"Unsere Aktivit\u00e4ten - Budimex","robots":{"index":"noindex","follow":"follow","max-snippet":"max-snippet:-1","max-image-preview":"max-image-preview:large","max-video-preview":"max-video-preview:-1"},"og_locale":"de_DE","og_type":"article","og_title":"Unsere Aktivit\u00e4ten - Budimex","og_url":"https:\/\/bdm-stg.mda.pl\/de\/unsere-aktivitaeten\/","og_site_name":"Budimex","article_modified_time":"2024-07-11T15:06:23+00:00","twitter_card":"summary_large_image","schema":{"@context":"https:\/\/schema.org","@graph":[{"@type":"WebPage","@id":"https:\/\/bdm-stg.mda.pl\/de\/unsere-aktivitaeten\/","url":"https:\/\/bdm-stg.mda.pl\/de\/unsere-aktivitaeten\/","name":"Unsere Aktivit\u00e4ten - Budimex","isPartOf":{"@id":"https:\/\/bdm-stg.mda.pl\/de\/#website"},"datePublished":"2024-03-19T08:07:41+00:00","dateModified":"2024-07-11T15:06:23+00:00","breadcrumb":{"@id":"https:\/\/bdm-stg.mda.pl\/de\/unsere-aktivitaeten\/#breadcrumb"},"inLanguage":"de-DE","potentialAction":[{"@type":"ReadAction","target":["https:\/\/bdm-stg.mda.pl\/de\/unsere-aktivitaeten\/"]}]},{"@type":"BreadcrumbList","@id":"https:\/\/bdm-stg.mda.pl\/de\/unsere-aktivitaeten\/#breadcrumb","itemListElement":[{"@type":"ListItem","position":1,"name":"Strona g\u0142\u00f3wna","item":"https:\/\/bdm-stg.mda.pl\/de\/"},{"@type":"ListItem","position":2,"name":"Unsere Aktivit\u00e4ten"}]},{"@type":"WebSite","@id":"https:\/\/bdm-stg.mda.pl\/de\/#website","url":"https:\/\/bdm-stg.mda.pl\/de\/","name":"Budimex","description":"","potentialAction":[{"@type":"SearchAction","target":{"@type":"EntryPoint","urlTemplate":"https:\/\/bdm-stg.mda.pl\/de\/?s={search_term_string}"},"query-input":"required name=search_term_string"}],"inLanguage":"de-DE"}]}},"_links":{"self":[{"href":"https:\/\/bdm-stg.mda.pl\/de\/wp-json\/wp\/v2\/pages\/171549"}],"collection":[{"href":"https:\/\/bdm-stg.mda.pl\/de\/wp-json\/wp\/v2\/pages"}],"about":[{"href":"https:\/\/bdm-stg.mda.pl\/de\/wp-json\/wp\/v2\/types\/page"}],"replies":[{"embeddable":true,"href":"https:\/\/bdm-stg.mda.pl\/de\/wp-json\/wp\/v2\/comments?post=171549"}],"version-history":[{"count":1,"href":"https:\/\/bdm-stg.mda.pl\/de\/wp-json\/wp\/v2\/pages\/171549\/revisions"}],"predecessor-version":[{"id":171574,"href":"https:\/\/bdm-stg.mda.pl\/de\/wp-json\/wp\/v2\/pages\/171549\/revisions\/171574"}],"wp:attachment":[{"href":"https:\/\/bdm-stg.mda.pl\/de\/wp-json\/wp\/v2\/media?parent=171549"}],"curies":[{"name":"wp","href":"https:\/\/api.w.org\/{rel}","templated":true}]}}