{"id":171573,"date":"2024-03-19T08:24:23","date_gmt":"2024-03-19T08:24:23","guid":{"rendered":"https:\/\/bdm-stg.mda.pl\/unsere-aktivitaeten-2\/"},"modified":"2024-07-11T15:06:23","modified_gmt":"2024-07-11T15:06:23","slug":"unsere-aktivitaeten-2","status":"publish","type":"page","link":"https:\/\/bdm-stg.mda.pl\/de\/unsere-aktivitaeten-2\/","title":{"rendered":"Unsere Aktivit\u00e4ten"},"content":{"rendered":"\n<section id=\"cards\" class=\"image-links-section section-margin-120\">\n    <div class=\"container\">\n                <div class=\"image-links-section__links-wrapper\">\n                            <div class=\"row image-links-section__links\">\n                                            <div class=\"col-24 col-sm-12 col-lg-8 image-links-section__link\">\n                            <div class=\"image-links-section__card\">\n                                                                    <div class=\"image-links-section__cardImage\">\n                                        <div class=\"image-links-section__overlay\"><\/div>\n                                        <img loading=\"lazy\" decoding=\"async\" width=\"636\" height=\"636\" src=\"https:\/\/bdm-stg.mda.pl\/app\/uploads\/2024\/03\/Rectangle-1219.png\" class=\"image-links-section__image\" alt=\"\" srcset=\"https:\/\/bdm-stg.mda.pl\/app\/uploads\/2024\/03\/Rectangle-1219.png 636w, https:\/\/bdm-stg.mda.pl\/app\/uploads\/2024\/03\/Rectangle-1219-150x150.png 150w\" sizes=\"(max-width: 636px) 100vw, 636px\" \/>                                    <\/div>\n                                                                <div class=\"image-links-section__cardContent\">\n                                                                                                            <div class=\"image-links-section__cardDesc\">\n                                        <p class=\"typo-h3 color-gray-120 f-700\">ESG-Strategie<br>im\u00a0Bereich Corporate Governance<\/p>\n                                    <\/div>\n                                                                                                        <\/div>\n                                                                    <a href=\"https:\/\/bdm-stg.mda.pl\/esg\/g-lad-korporacyjny\/#cards\" class=\"image-links-section__cardLink\"><\/a>\n                                                            <\/div>\n                        <\/div>\n                                            <div class=\"col-24 col-sm-12 col-lg-8 image-links-section__link\">\n                            <div class=\"image-links-section__card\">\n                                                                    <div class=\"image-links-section__cardImage\">\n                                        <div class=\"image-links-section__overlay\"><\/div>\n                                        <img loading=\"lazy\" decoding=\"async\" width=\"636\" height=\"636\" src=\"https:\/\/bdm-stg.mda.pl\/app\/uploads\/2024\/03\/Rectangle-1220.png\" class=\"image-links-section__image\" alt=\"\" srcset=\"https:\/\/bdm-stg.mda.pl\/app\/uploads\/2024\/03\/Rectangle-1220.png 636w, https:\/\/bdm-stg.mda.pl\/app\/uploads\/2024\/03\/Rectangle-1220-150x150.png 150w\" sizes=\"(max-width: 636px) 100vw, 636px\" \/>                                    <\/div>\n                                                                <div class=\"image-links-section__cardContent\">\n                                                                                                            <div class=\"image-links-section__cardDesc\">\n                                        <p class=\"typo-h3 color-gray-120 f-700\">Governance<\/p>\n                                    <\/div>\n                                                                                                        <\/div>\n                                                                    <a href=\"https:\/\/bdm-stg.mda.pl\/o-nas\/lad-korporacyjny\/\" class=\"image-links-section__cardLink\"><\/a>\n                                                            <\/div>\n                        <\/div>\n                                            <div class=\"col-24 col-sm-12 col-lg-8 image-links-section__link\">\n                            <div class=\"image-links-section__card\">\n                                                                    <div class=\"image-links-section__cardImage\">\n                                        <div class=\"image-links-section__overlay\"><\/div>\n                                        <img loading=\"lazy\" decoding=\"async\" width=\"636\" height=\"636\" src=\"https:\/\/bdm-stg.mda.pl\/app\/uploads\/2024\/03\/Rectangle-1221.png\" class=\"image-links-section__image\" alt=\"\" srcset=\"https:\/\/bdm-stg.mda.pl\/app\/uploads\/2024\/03\/Rectangle-1221.png 636w, https:\/\/bdm-stg.mda.pl\/app\/uploads\/2024\/03\/Rectangle-1221-150x150.png 150w\" sizes=\"(max-width: 636px) 100vw, 636px\" \/>                                    <\/div>\n                                                                <div class=\"image-links-section__cardContent\">\n                                                                                                            <div class=\"image-links-section__cardDesc\">\n                                        <p class=\"typo-h3 color-gray-120 f-700\">Unsere Aktivit\u00e4ten<\/p>\n                                    <\/div>\n                                                                                                        <\/div>\n                                                                    <a href=\"https:\/\/bdm-stg.mda.pl\/esg\/g-lad-korporacyjny\/nasze-dzialania\/#cards\" class=\"image-links-section__cardLink\"><\/a>\n                                                            <\/div>\n                        <\/div>\n                                    <\/div>\n                                                <\/div>\n    <\/div>\n<\/section> \n<section id=\"block_ac4fa31ed2b2344942b88cce9308051c\" class=\"text-block   section-margin-56\">\n    <div class=\"container\">\n        <div class=\"row\">\n            <div class=\"col-24 col-lg-18\">\n                                                    <div class=\"text-block__top-texts under-h2\">\n                        <h2 class=\"text-block__title\">Unsere Aktivit\u00e4ten<\/h2>\n                                            <\/div>\n                                                                            <\/div>\n                                                                                                                                <\/div>\n    <\/div>\n<\/section> \n<section id=\"block_e956a5bf17efbd20fe37f5375daa3cbe\" class=\"our-actions section-margin-120\">\n    <div class=\"container\">\n        <div class=\"row\">\n            <div class=\"col-24\">\n                <div class=\"our-actions__list\">\n                                            <div class=\"our-actions__item\">\n                            \n<div class=\"card-action\">\n            <img loading=\"lazy\" decoding=\"async\" width=\"972\" height=\"555\" src=\"https:\/\/bdm-stg.mda.pl\/app\/uploads\/2024\/03\/Rectangle-25-73.png\" class=\"card-action__image\" alt=\"\" \/>                <h4 class=\"card-action__title f-700\">Wir k\u00fcmmern uns um Cybersicherheit<\/h4>\n                <div class=\"card-action__description color-gray-120\"><p>Cybersicherheit ist uns wichtig, deshalb halten wir Standards ein, die sich an internationalen ISO-Normen im&nbsp;Bereich des Informationssicherheitsmanagements orientieren, und f\u00fchren regelm\u00e4\u00dfige Schulungen f\u00fcr unsere Mitarbeiter durch, um das Bewusstsein f\u00fcr Bedrohungen zu sch\u00e4rfen.<\/p><\/div>\n    <\/div>\n\n                        <\/div>\n                                            <div class=\"our-actions__item\">\n                            \n<div class=\"card-action\">\n            <img loading=\"lazy\" decoding=\"async\" width=\"648\" height=\"370\" src=\"https:\/\/bdm-stg.mda.pl\/app\/uploads\/2024\/04\/pracownicy_budimex_13_-2-1.svg\" class=\"card-action__image\" alt=\"\" \/>                <h4 class=\"card-action__title f-700\">Wir entwickeln den Ethikkodex<\/h4>\n                <div class=\"card-action__description color-gray-120\"><p>Wir arbeiten daran, Themen im&nbsp;Bereich der Ethik zu \u00fcberarbeiten und zu erweitern. Durch regelm\u00e4\u00dfige Informationskampagnen erweitern wir das Wissen unserer Mitarbeiter in&nbsp;diesem Bereich.<\/p><\/div>\n    <\/div>\n\n                        <\/div>\n                                            <div class=\"our-actions__item\">\n                            \n<div class=\"card-action\">\n            <img loading=\"lazy\" decoding=\"async\" width=\"648\" height=\"370\" src=\"https:\/\/bdm-stg.mda.pl\/app\/uploads\/2024\/04\/pracownicy_budimex_13_-3-1.png\" class=\"card-action__image\" alt=\"\" \/>                <h4 class=\"card-action__title f-700\">Wir setzen die h\u00f6chsten nationalen und internationalen Standards um<\/h4>\n                <div class=\"card-action__description color-gray-120\"><p>Bei Budimex \u00fcben wir die interne Revision auf der Grundlage internationaler Standards der Berufspraxis sowie von Richtlinien und Empfehlungen f\u00fcr Unternehmen aus, die an der Warschauer B\u00f6rse notiert sind.<\/p><\/div>\n    <\/div>\n\n                        <\/div>\n                                            <div class=\"our-actions__item\">\n                            \n<div class=\"card-action\">\n            <img loading=\"lazy\" decoding=\"async\" width=\"648\" height=\"370\" src=\"https:\/\/bdm-stg.mda.pl\/app\/uploads\/2024\/04\/pracownicy_budimex_13_-1.png\" class=\"card-action__image\" alt=\"\" \/>                <h4 class=\"card-action__title f-700\">Wir gehen effektiv mit Interessenkonflikten um<\/h4>\n                <div class=\"card-action__description color-gray-120\"><p>Unser Ziel ist es, Interessenkonflikte effektiv zu managen. Wir erweitern die Verhaltensregeln f\u00fcr den Fall eines Interessenkonflikts oder der M\u00f6glichkeit des Auftretens. Wir verbreiten das Wissen dar\u00fcber unter den Mitarbeitern.<\/p><\/div>\n    <\/div>\n\n                        <\/div>\n                                    <\/div>\n            <\/div>\n        <\/div>\n    <\/div>\n<\/section>\n\n \n<section id=\"block_47a6dcdd5f049493555c9356febdcd5e\" class=\"cta section-margin -center\">\n            <div class=\"cta__loader hide\" data-press-list-loader>\n            <div class=\"loader  loader--theme-default \">\n    <div><\/div>\n    <div><\/div>\n    <div><\/div>\n    <div><\/div>\n<\/div>        <\/div>\n                <div class=\"cta__overlay cta__overlay--center\"><\/div>\n                    <img decoding=\"async\" width=\"2560\" height=\"1440\" src=\"https:\/\/bdm-stg.mda.pl\/app\/uploads\/2024\/03\/Strategia-ESG-baner-dol-2.png\" class=\"cta__background-image\" alt=\"\" loading=\"lazy\" srcset=\"https:\/\/bdm-stg.mda.pl\/app\/uploads\/2024\/03\/Strategia-ESG-baner-dol-2.png 2560w, https:\/\/bdm-stg.mda.pl\/app\/uploads\/2024\/03\/Strategia-ESG-baner-dol-2-1024x576.png 1024w, https:\/\/bdm-stg.mda.pl\/app\/uploads\/2024\/03\/Strategia-ESG-baner-dol-2-1536x864.png 1536w, https:\/\/bdm-stg.mda.pl\/app\/uploads\/2024\/03\/Strategia-ESG-baner-dol-2-2048x1152.png 2048w\" sizes=\"(max-width: 2560px) 100vw, 2560px\" \/>                <div class=\"cta__content-wrapper\">\n                <div class=\"container\">\n                        <div class=\"row align-items-center\">\n                <div class=\"col-24 offset-lg-6 col-lg-12\">\n                    <div class=\"cta__text-wrapper d-flex  flex-column\">\n                                                    <h2 class=\"cta__title under-h3  cta__title--clipped\">ESG-Strategie<\/h2>\n                                                                            <div class=\"cta__description under-h4 color-dark-100 cta__description--light\">\n                                <p>Wir ver\u00e4ndern die Welt f\u00fcr Sie! Und wir ver\u00e4ndern uns selbst \u2013 dieser Gedankeleitet unsere Strategie. Wir sind bereit!<\/p>                            <\/div>\n                                                                    <\/div>\n                    <div class=\"cta__button-wrapper\">\n                                                    <button data-url=\"https:\/\/www.youtube.com\/watch?v=R6bw9JR9JKA\" type=\"button\" class=\"cta__video-btn button button--new-gold -wcag-yellow\">Video ansehen<\/button>\n                                                                                                            <a class=\"button button--new-border -wcag-yellow-outline\" target=\"_blank\" href=\"https:\/\/bdm-stg.mda.pl\/app\/uploads\/2024\/02\/budimex_broszura.pdf\">Laden Sie die Strategie herunter<\/a>\n                                                                            <\/div>\n                <\/div>\n                            <\/div>\n        <\/div>\n    <\/div>\n<\/section> ","protected":false},"excerpt":{"rendered":"","protected":false},"author":0,"featured_media":0,"parent":0,"menu_order":0,"comment_status":"closed","ping_status":"closed","template":"page-templates\/gutenberg-text-hero.php","meta":{"_acf_changed":false,"inline_featured_image":false,"footnotes":""},"acf":[],"yoast_head":"<!-- This site is optimized with the Yoast SEO plugin v22.5 - https:\/\/yoast.com\/wordpress\/plugins\/seo\/ -->\n<title>Unsere Aktivit\u00e4ten - Budimex<\/title>\n<meta name=\"robots\" content=\"noindex, follow, max-snippet:-1, max-image-preview:large, max-video-preview:-1\" \/>\n<meta property=\"og:locale\" content=\"de_DE\" \/>\n<meta property=\"og:type\" content=\"article\" \/>\n<meta property=\"og:title\" content=\"Unsere Aktivit\u00e4ten - Budimex\" \/>\n<meta property=\"og:url\" content=\"https:\/\/bdm-stg.mda.pl\/de\/unsere-aktivitaeten-2\/\" \/>\n<meta property=\"og:site_name\" content=\"Budimex\" \/>\n<meta property=\"article:modified_time\" content=\"2024-07-11T15:06:23+00:00\" \/>\n<meta name=\"twitter:card\" content=\"summary_large_image\" \/>\n<script type=\"application\/ld+json\" class=\"yoast-schema-graph\">{\"@context\":\"https:\/\/schema.org\",\"@graph\":[{\"@type\":\"WebPage\",\"@id\":\"https:\/\/bdm-stg.mda.pl\/de\/unsere-aktivitaeten-2\/\",\"url\":\"https:\/\/bdm-stg.mda.pl\/de\/unsere-aktivitaeten-2\/\",\"name\":\"Unsere Aktivit\u00e4ten - Budimex\",\"isPartOf\":{\"@id\":\"https:\/\/bdm-stg.mda.pl\/de\/#website\"},\"datePublished\":\"2024-03-19T08:24:23+00:00\",\"dateModified\":\"2024-07-11T15:06:23+00:00\",\"breadcrumb\":{\"@id\":\"https:\/\/bdm-stg.mda.pl\/de\/unsere-aktivitaeten-2\/#breadcrumb\"},\"inLanguage\":\"de-DE\",\"potentialAction\":[{\"@type\":\"ReadAction\",\"target\":[\"https:\/\/bdm-stg.mda.pl\/de\/unsere-aktivitaeten-2\/\"]}]},{\"@type\":\"BreadcrumbList\",\"@id\":\"https:\/\/bdm-stg.mda.pl\/de\/unsere-aktivitaeten-2\/#breadcrumb\",\"itemListElement\":[{\"@type\":\"ListItem\",\"position\":1,\"name\":\"Strona g\u0142\u00f3wna\",\"item\":\"https:\/\/bdm-stg.mda.pl\/de\/\"},{\"@type\":\"ListItem\",\"position\":2,\"name\":\"Unsere Aktivit\u00e4ten\"}]},{\"@type\":\"WebSite\",\"@id\":\"https:\/\/bdm-stg.mda.pl\/de\/#website\",\"url\":\"https:\/\/bdm-stg.mda.pl\/de\/\",\"name\":\"Budimex\",\"description\":\"\",\"potentialAction\":[{\"@type\":\"SearchAction\",\"target\":{\"@type\":\"EntryPoint\",\"urlTemplate\":\"https:\/\/bdm-stg.mda.pl\/de\/?s={search_term_string}\"},\"query-input\":\"required name=search_term_string\"}],\"inLanguage\":\"de-DE\"}]}<\/script>\n<!-- \/ Yoast SEO plugin. -->","yoast_head_json":{"title":"Unsere Aktivit\u00e4ten - Budimex","robots":{"index":"noindex","follow":"follow","max-snippet":"max-snippet:-1","max-image-preview":"max-image-preview:large","max-video-preview":"max-video-preview:-1"},"og_locale":"de_DE","og_type":"article","og_title":"Unsere Aktivit\u00e4ten - Budimex","og_url":"https:\/\/bdm-stg.mda.pl\/de\/unsere-aktivitaeten-2\/","og_site_name":"Budimex","article_modified_time":"2024-07-11T15:06:23+00:00","twitter_card":"summary_large_image","schema":{"@context":"https:\/\/schema.org","@graph":[{"@type":"WebPage","@id":"https:\/\/bdm-stg.mda.pl\/de\/unsere-aktivitaeten-2\/","url":"https:\/\/bdm-stg.mda.pl\/de\/unsere-aktivitaeten-2\/","name":"Unsere Aktivit\u00e4ten - Budimex","isPartOf":{"@id":"https:\/\/bdm-stg.mda.pl\/de\/#website"},"datePublished":"2024-03-19T08:24:23+00:00","dateModified":"2024-07-11T15:06:23+00:00","breadcrumb":{"@id":"https:\/\/bdm-stg.mda.pl\/de\/unsere-aktivitaeten-2\/#breadcrumb"},"inLanguage":"de-DE","potentialAction":[{"@type":"ReadAction","target":["https:\/\/bdm-stg.mda.pl\/de\/unsere-aktivitaeten-2\/"]}]},{"@type":"BreadcrumbList","@id":"https:\/\/bdm-stg.mda.pl\/de\/unsere-aktivitaeten-2\/#breadcrumb","itemListElement":[{"@type":"ListItem","position":1,"name":"Strona g\u0142\u00f3wna","item":"https:\/\/bdm-stg.mda.pl\/de\/"},{"@type":"ListItem","position":2,"name":"Unsere Aktivit\u00e4ten"}]},{"@type":"WebSite","@id":"https:\/\/bdm-stg.mda.pl\/de\/#website","url":"https:\/\/bdm-stg.mda.pl\/de\/","name":"Budimex","description":"","potentialAction":[{"@type":"SearchAction","target":{"@type":"EntryPoint","urlTemplate":"https:\/\/bdm-stg.mda.pl\/de\/?s={search_term_string}"},"query-input":"required name=search_term_string"}],"inLanguage":"de-DE"}]}},"_links":{"self":[{"href":"https:\/\/bdm-stg.mda.pl\/de\/wp-json\/wp\/v2\/pages\/171573"}],"collection":[{"href":"https:\/\/bdm-stg.mda.pl\/de\/wp-json\/wp\/v2\/pages"}],"about":[{"href":"https:\/\/bdm-stg.mda.pl\/de\/wp-json\/wp\/v2\/types\/page"}],"replies":[{"embeddable":true,"href":"https:\/\/bdm-stg.mda.pl\/de\/wp-json\/wp\/v2\/comments?post=171573"}],"version-history":[{"count":1,"href":"https:\/\/bdm-stg.mda.pl\/de\/wp-json\/wp\/v2\/pages\/171573\/revisions"}],"predecessor-version":[{"id":171592,"href":"https:\/\/bdm-stg.mda.pl\/de\/wp-json\/wp\/v2\/pages\/171573\/revisions\/171592"}],"wp:attachment":[{"href":"https:\/\/bdm-stg.mda.pl\/de\/wp-json\/wp\/v2\/media?parent=171573"}],"curies":[{"name":"wp","href":"https:\/\/api.w.org\/{rel}","templated":true}]}}