{"id":171742,"date":"2024-02-20T10:26:59","date_gmt":"2024-02-20T10:26:59","guid":{"rendered":"https:\/\/bdm-stg.mda.pl\/gesundheits-und-sicherheitspolitik\/"},"modified":"2024-12-04T14:10:41","modified_gmt":"2024-12-04T13:10:41","slug":"gesundheits-und-sicherheitspolitik","status":"publish","type":"page","link":"https:\/\/bdm-stg.mda.pl\/de\/gesundheits-und-sicherheitspolitik\/","title":{"rendered":"Gesundheits- und Sicherheitspolitik"},"content":{"rendered":"\n<section id=\"block_07e14163f2b0aacb1bdda70a86730868\" class=\"text-block   -hide-dots section-margin-32\">\n    <div class=\"container\">\n        <div class=\"row\">\n            <div class=\"col-24 col-lg-16\">\n                                                    <div class=\"text-block__top-texts under-h2\">\n                        <h2 class=\"text-block__title\">Politik f\u00fcr Gesundheit und Sicherheit am\u00a0Arbeitsplatz<\/h2>\n                                            <\/div>\n                                                                            <\/div>\n                                                                                                                                <\/div>\n    <\/div>\n<\/section> \n<section id=\"block_a66450d8677378ae12694bbaee4a5f2c\" class=\"quote  quote--white section-margin-72 -safety\">\n        <div class=\"container p-relative\">\n                <div class=\"row\">\n            <div class=\"col-24\">\n                <div class=\"quote__wrapper  quote__row-white-section\">\n                                        <div class=\"row quote__row align-items-lg-start\">\n                        <div class=\"offset-lg-1 col-lg-8\">\n                                                            <img loading=\"lazy\" decoding=\"async\" width=\"800\" height=\"1200\" src=\"https:\/\/bdm-stg.mda.pl\/app\/uploads\/2024\/06\/2024_04_04_Budimex_0149_prev.jpg\" class=\"quote__image\" alt=\"\" srcset=\"https:\/\/bdm-stg.mda.pl\/app\/uploads\/2024\/06\/2024_04_04_Budimex_0149_prev.jpg 800w, https:\/\/bdm-stg.mda.pl\/app\/uploads\/2024\/06\/2024_04_04_Budimex_0149_prev-683x1024.jpg 683w\" sizes=\"(max-width: 800px) 100vw, 800px\" \/>                                                                                <\/div>\n                        <div class=\"offset-lg-1 col-lg-14\">\n                            <div class=\"quote__content -bigger-padding\">\n                                                                                                    <div class=\"quote__quote-wrapper quote__quote-wrapper--small\">\n                                        <p>Die Budimex-Gruppe nutzt Initiative, Erfahrung,neue technische L\u00f6sungen und wirksame Managementsysteme, um:<\/p>\n<ul>\n<li>Gew\u00e4hrleistung sicherer und hygienischer Arbeitsbedingungen, die Unf\u00e4lle, Beinaheunf\u00e4lle und Berufskrankheiten von Mitarbeitern von Unternehmen und Subunternehmern wirksam verhindern und ein hohes Ma\u00df an Arbeitssicherheit aufrechterhalten<\/li>\n<p> sicherzustellen, dass <\/p>\n<li>der Kontext der Organisation, einschlie\u00dflich aller Interessentr\u00e4ger und der damit verbundenen Risiken und Chancen, dem Umfang des Gesch\u00e4fts angemessen ist;<\/li>\n<li>Sicherstellung, dass die Risiken im\u00a0Bereich Sicherheit und Gesundheitsschutz bei der Arbeit im\u00a0Einklang mit der Aufsichtshierarchie \u00fcberwacht und verringert werden;<\/li>\n<li>die geltenden gesetzlichen und sonstigen Vorschriften im\u00a0Bereich Gesundheit und Sicherheit im\u00a0Zusammenhang mit den Aktivit\u00e4ten eines bestimmten Unternehmens zu \u00fcberwachen und strikt einzuhalten;<\/li>\n<li>angemessene Schulungen f\u00fcr die Mitarbeiter der Konzerngesellschaften bereitzustellen, um ihr Engagement und ihr Bewusstsein f\u00fcr die Verbesserung der Arbeitsbedingungen und den Aufbau von F\u00fchrungsqualit\u00e4ten auf allen Organisationsebenen kontinuierlich zu erh\u00f6hen;<\/li>\n<li>Schaffung von Bedingungen, unter denen sich alle Arbeitnehmer und ihre Vertreter an der Schaffung einer gemeinsamen Sicherheit beteiligen k\u00f6nnen, indem Initiativen zur Verbesserung der Gesundheits- und Sicherheitsprozesse unterst\u00fctzt werden;<\/li>\n<li>Kontinuierliche Verbesserung des Arbeitsschutzmanagementsystems durch den Austausch von Best Practices zur Vermeidung von Vorf\u00e4llen und zum Aufbau einer Arbeitsschutzkultur.<\/li>\n<\/ul>\n<p>Jede Ma\u00dfnahme, die sich positiv auf den Arbeits- und Gesundheitsschutz auswirken kann, wird von den Vorst\u00e4nden der Konzerngesellschaften unterst\u00fctzt. Das Personalmanagement spielt eine Schl\u00fcsselrolle bei der Umsetzung der Strategie, insbesondere bei der richtigen Auswahl der Lieferanten und der Bereitstellung kompetenter Arbeitsschutzdienste, die zur kontinuierlichen Verbesserung der Arbeitsschutzprozesse beitragen. Die Richtlinie gilt f\u00fcr alle Mitarbeiter der Unternehmen und ihrer Lieferanten, die zur Einhaltung von Normen, geltenden Verfahren, Anweisungen, Sicherheitspl\u00e4nen und spezifischen BIOZ-Pl\u00e4nen verpflichtet wurden. Jeder Mitarbeiter der Budimex-Gruppe, unabh\u00e4ngig von seiner Position in\u00a0der Organisationsstruktur des Unternehmens, sollte sich f\u00fcr die Verbesserung des Arbeitsschutzes einsetzen.Ich erkl\u00e4re die Umsetzung der Arbeitsschutzpolitik und ihre kontinuierliche Verbesserung.Artur Popko<\/p>                                    <\/div>\n                                                                                                                                                                    <div class=\"quote__quote-link\">\n                                        <a href=\"\" class=\"button button--new-border -darker -dark-border -wcag-black\">\n                                            <span><\/span>\n                                        <\/a>\n                                    <\/div>\n                                                            <\/div>\n                        <\/div>\n                    <\/div>\n                <\/div>\n            <\/div>\n        <\/div>\n    <\/div>\n<\/section> \n<section id=\"block_21e00c1f54a01b66e865f3919bdcc14e\" class=\"attachments section-margin-120\" data-attachments >\n    <div class=\"container\">\n        <div class=\"row attachments__content  -remove-margin\">\n            <div class=\"col-24\">\n                                                                    <a class=\"attachments__link button button--new-gold small -wcag-black\" href=\"\">\n                        <span class=\"typo-14\"><\/span>\n                    <\/a>\n                            <\/div>\n                    <\/div>\n                    <div class=\"row attachments__list attachments__list--3\">\n                                    <div class=\"col-24 col-lg-8 attachments__file\">\n                        <div class=\"attachments__fileItem\">\n                            \n<div class=\"card-attachment  card-attachment--preview -hide-inner\">\n            <div class=\"card-attachment__preview\">\n            \n                                            <a href=\"https:\/\/bdm-stg.mda.pl\/app\/uploads\/2024\/02\/budimex-2.png\">\n                    <img loading=\"lazy\" decoding=\"async\" width=\"164\" height=\"34\" src=\"https:\/\/bdm-stg.mda.pl\/app\/uploads\/2024\/02\/budimex-2.png\" class=\"attachment-full size-full\" alt=\"\" \/>                <\/a>\n                    <\/div>\n        <\/div>                        <\/div>\n                    <\/div>\n                                    <div class=\"col-24 col-lg-8 attachments__file\">\n                        <div class=\"attachments__fileItem\">\n                            \n<div class=\"card-attachment  card-attachment--preview -hide-inner\">\n            <div class=\"card-attachment__preview\">\n            \n                                            <a href=\"https:\/\/bdm-stg.mda.pl\/app\/uploads\/2024\/02\/Frame-16885.png\">\n                    <img loading=\"lazy\" decoding=\"async\" width=\"164\" height=\"64\" src=\"https:\/\/bdm-stg.mda.pl\/app\/uploads\/2024\/02\/Frame-16885.png\" class=\"attachment-full size-full\" alt=\"\" \/>                <\/a>\n                    <\/div>\n        <\/div>                        <\/div>\n                    <\/div>\n                                    <div class=\"col-24 col-lg-8 attachments__file\">\n                        <div class=\"attachments__fileItem\">\n                            \n<div class=\"card-attachment  card-attachment--preview -hide-inner\">\n            <div class=\"card-attachment__preview\">\n            \n                                            <a href=\"https:\/\/bdm-stg.mda.pl\/app\/uploads\/2024\/02\/Frame-2942.png\">\n                    <img loading=\"lazy\" decoding=\"async\" width=\"164\" height=\"60\" src=\"https:\/\/bdm-stg.mda.pl\/app\/uploads\/2024\/02\/Frame-2942.png\" class=\"attachment-full size-full\" alt=\"\" \/>                <\/a>\n                    <\/div>\n        <\/div>                        <\/div>\n                    <\/div>\n                                    <div class=\"col-24 col-lg-8 attachments__file\">\n                        <div class=\"attachments__fileItem\">\n                            \n<div class=\"card-attachment  card-attachment--preview -hide-inner\">\n            <div class=\"card-attachment__preview\">\n            \n                                            <a href=\"https:\/\/bdm-stg.mda.pl\/app\/uploads\/2024\/02\/Frame-16889.png\">\n                    <img loading=\"lazy\" decoding=\"async\" width=\"164\" height=\"64\" src=\"https:\/\/bdm-stg.mda.pl\/app\/uploads\/2024\/02\/Frame-16889.png\" class=\"attachment-full size-full\" alt=\"\" \/>                <\/a>\n                    <\/div>\n        <\/div>                        <\/div>\n                    <\/div>\n                                    <div class=\"col-24 col-lg-8 attachments__file\">\n                        <div class=\"attachments__fileItem\">\n                            \n<div class=\"card-attachment  card-attachment--preview -hide-inner\">\n            <div class=\"card-attachment__preview\">\n            \n                                            <a href=\"https:\/\/bdm-stg.mda.pl\/app\/uploads\/2024\/02\/Frame-16891.png\">\n                    <img loading=\"lazy\" decoding=\"async\" width=\"188\" height=\"60\" src=\"https:\/\/bdm-stg.mda.pl\/app\/uploads\/2024\/02\/Frame-16891.png\" class=\"attachment-full size-full\" alt=\"\" \/>                <\/a>\n                    <\/div>\n        <\/div>                        <\/div>\n                    <\/div>\n                                    <div class=\"col-24 col-lg-8 attachments__file\">\n                        <div class=\"attachments__fileItem\">\n                            \n<div class=\"card-attachment  card-attachment--preview -hide-inner\">\n            <div class=\"card-attachment__preview\">\n            \n                                            <a href=\"https:\/\/bdm-stg.mda.pl\/app\/uploads\/2024\/02\/Frame-16884.png\">\n                    <img loading=\"lazy\" decoding=\"async\" width=\"148\" height=\"34\" src=\"https:\/\/bdm-stg.mda.pl\/app\/uploads\/2024\/02\/Frame-16884.png\" class=\"attachment-full size-full\" alt=\"\" \/>                <\/a>\n                    <\/div>\n        <\/div>                        <\/div>\n                    <\/div>\n                            <\/div>\n                    <\/div>\n<\/section> \n<section id=\"block_66f3dc28bc36fca8f4818789122f9f71\" class=\"attachments section-margin-120\" data-attachments >\n    <div class=\"container\">\n        <div class=\"row attachments__content  -remove-margin\">\n            <div class=\"col-24\">\n                                    <div class=\"attachments__header under-h2\" >\n                                                    <h2 class=\"typo-h2\">Dokument herunterladen<\/h2>\n                                            <\/div>\n                                                                    <a class=\"attachments__link button button--new-gold small -wcag-black\" href=\"\">\n                        <span class=\"typo-14\"><\/span>\n                    <\/a>\n                            <\/div>\n                    <\/div>\n                    <div class=\"row attachments__list attachments__list--3\">\n                                    <div class=\"col-24 col-lg-8 attachments__file\">\n                        <div class=\"attachments__fileItem\">\n                            \n<div class=\"card-attachment \">\n                <div class=\"card-attachment__inner\">\n            <div class=\"card-attachment__title\">\n                <p class=\"typo-h5 f-700\">Politik f\u00fcr Gesundheit und Sicherheit am&nbsp;Arbeitsplatz<\/p>\n            <\/div>\n                        <div class=\"card-attachment__bottom\">\n                                                            <div class=\"card-attachment__download card-attachment__download--link\">\n                            <a href=\"\" target=\"\" class=\"button button--gold card-attachment__button -wcag-yellow\">\n                                                            <\/a>\n                        <\/div>\n                                                <\/div>\n                    <\/div>\n    <\/div>                        <\/div>\n                    <\/div>\n                            <\/div>\n                    <\/div>\n<\/section> ","protected":false},"excerpt":{"rendered":"","protected":false},"author":0,"featured_media":0,"parent":0,"menu_order":19,"comment_status":"closed","ping_status":"closed","template":"page-templates\/gutenberg-text-hero.php","meta":{"_acf_changed":false,"inline_featured_image":false,"footnotes":""},"acf":[],"yoast_head":"<!-- This site is optimized with the Yoast SEO plugin v22.5 - https:\/\/yoast.com\/wordpress\/plugins\/seo\/ -->\n<title>Gesundheits- und Sicherheitspolitik - Budimex<\/title>\n<meta name=\"robots\" content=\"noindex, follow, max-snippet:-1, max-image-preview:large, max-video-preview:-1\" \/>\n<meta property=\"og:locale\" content=\"de_DE\" \/>\n<meta property=\"og:type\" content=\"article\" \/>\n<meta property=\"og:title\" content=\"Gesundheits- und Sicherheitspolitik - Budimex\" \/>\n<meta property=\"og:url\" content=\"https:\/\/bdm-stg.mda.pl\/de\/gesundheits-und-sicherheitspolitik\/\" \/>\n<meta property=\"og:site_name\" content=\"Budimex\" \/>\n<meta property=\"article:modified_time\" content=\"2024-12-04T13:10:41+00:00\" \/>\n<meta name=\"twitter:card\" content=\"summary_large_image\" \/>\n<script type=\"application\/ld+json\" class=\"yoast-schema-graph\">{\"@context\":\"https:\/\/schema.org\",\"@graph\":[{\"@type\":\"WebPage\",\"@id\":\"https:\/\/bdm-stg.mda.pl\/de\/gesundheits-und-sicherheitspolitik\/\",\"url\":\"https:\/\/bdm-stg.mda.pl\/de\/gesundheits-und-sicherheitspolitik\/\",\"name\":\"Gesundheits- und Sicherheitspolitik - Budimex\",\"isPartOf\":{\"@id\":\"https:\/\/bdm-stg.mda.pl\/de\/#website\"},\"datePublished\":\"2024-02-20T10:26:59+00:00\",\"dateModified\":\"2024-12-04T13:10:41+00:00\",\"breadcrumb\":{\"@id\":\"https:\/\/bdm-stg.mda.pl\/de\/gesundheits-und-sicherheitspolitik\/#breadcrumb\"},\"inLanguage\":\"de-DE\",\"potentialAction\":[{\"@type\":\"ReadAction\",\"target\":[\"https:\/\/bdm-stg.mda.pl\/de\/gesundheits-und-sicherheitspolitik\/\"]}]},{\"@type\":\"BreadcrumbList\",\"@id\":\"https:\/\/bdm-stg.mda.pl\/de\/gesundheits-und-sicherheitspolitik\/#breadcrumb\",\"itemListElement\":[{\"@type\":\"ListItem\",\"position\":1,\"name\":\"Strona g\u0142\u00f3wna\",\"item\":\"https:\/\/bdm-stg.mda.pl\/de\/\"},{\"@type\":\"ListItem\",\"position\":2,\"name\":\"Gesundheits- und Sicherheitspolitik\"}]},{\"@type\":\"WebSite\",\"@id\":\"https:\/\/bdm-stg.mda.pl\/de\/#website\",\"url\":\"https:\/\/bdm-stg.mda.pl\/de\/\",\"name\":\"Budimex\",\"description\":\"\",\"potentialAction\":[{\"@type\":\"SearchAction\",\"target\":{\"@type\":\"EntryPoint\",\"urlTemplate\":\"https:\/\/bdm-stg.mda.pl\/de\/?s={search_term_string}\"},\"query-input\":\"required name=search_term_string\"}],\"inLanguage\":\"de-DE\"}]}<\/script>\n<!-- \/ Yoast SEO plugin. -->","yoast_head_json":{"title":"Gesundheits- und Sicherheitspolitik - Budimex","robots":{"index":"noindex","follow":"follow","max-snippet":"max-snippet:-1","max-image-preview":"max-image-preview:large","max-video-preview":"max-video-preview:-1"},"og_locale":"de_DE","og_type":"article","og_title":"Gesundheits- und Sicherheitspolitik - Budimex","og_url":"https:\/\/bdm-stg.mda.pl\/de\/gesundheits-und-sicherheitspolitik\/","og_site_name":"Budimex","article_modified_time":"2024-12-04T13:10:41+00:00","twitter_card":"summary_large_image","schema":{"@context":"https:\/\/schema.org","@graph":[{"@type":"WebPage","@id":"https:\/\/bdm-stg.mda.pl\/de\/gesundheits-und-sicherheitspolitik\/","url":"https:\/\/bdm-stg.mda.pl\/de\/gesundheits-und-sicherheitspolitik\/","name":"Gesundheits- und Sicherheitspolitik - Budimex","isPartOf":{"@id":"https:\/\/bdm-stg.mda.pl\/de\/#website"},"datePublished":"2024-02-20T10:26:59+00:00","dateModified":"2024-12-04T13:10:41+00:00","breadcrumb":{"@id":"https:\/\/bdm-stg.mda.pl\/de\/gesundheits-und-sicherheitspolitik\/#breadcrumb"},"inLanguage":"de-DE","potentialAction":[{"@type":"ReadAction","target":["https:\/\/bdm-stg.mda.pl\/de\/gesundheits-und-sicherheitspolitik\/"]}]},{"@type":"BreadcrumbList","@id":"https:\/\/bdm-stg.mda.pl\/de\/gesundheits-und-sicherheitspolitik\/#breadcrumb","itemListElement":[{"@type":"ListItem","position":1,"name":"Strona g\u0142\u00f3wna","item":"https:\/\/bdm-stg.mda.pl\/de\/"},{"@type":"ListItem","position":2,"name":"Gesundheits- und Sicherheitspolitik"}]},{"@type":"WebSite","@id":"https:\/\/bdm-stg.mda.pl\/de\/#website","url":"https:\/\/bdm-stg.mda.pl\/de\/","name":"Budimex","description":"","potentialAction":[{"@type":"SearchAction","target":{"@type":"EntryPoint","urlTemplate":"https:\/\/bdm-stg.mda.pl\/de\/?s={search_term_string}"},"query-input":"required name=search_term_string"}],"inLanguage":"de-DE"}]}},"_links":{"self":[{"href":"https:\/\/bdm-stg.mda.pl\/de\/wp-json\/wp\/v2\/pages\/171742"}],"collection":[{"href":"https:\/\/bdm-stg.mda.pl\/de\/wp-json\/wp\/v2\/pages"}],"about":[{"href":"https:\/\/bdm-stg.mda.pl\/de\/wp-json\/wp\/v2\/types\/page"}],"replies":[{"embeddable":true,"href":"https:\/\/bdm-stg.mda.pl\/de\/wp-json\/wp\/v2\/comments?post=171742"}],"version-history":[{"count":1,"href":"https:\/\/bdm-stg.mda.pl\/de\/wp-json\/wp\/v2\/pages\/171742\/revisions"}],"predecessor-version":[{"id":171757,"href":"https:\/\/bdm-stg.mda.pl\/de\/wp-json\/wp\/v2\/pages\/171742\/revisions\/171757"}],"wp:attachment":[{"href":"https:\/\/bdm-stg.mda.pl\/de\/wp-json\/wp\/v2\/media?parent=171742"}],"curies":[{"name":"wp","href":"https:\/\/api.w.org\/{rel}","templated":true}]}}