{"id":171761,"date":"2024-02-20T13:54:24","date_gmt":"2024-02-20T13:54:24","guid":{"rendered":"https:\/\/bdm-stg.mda.pl\/vereinbarung-ueber-die-sicherheit\/"},"modified":"2024-07-11T15:06:34","modified_gmt":"2024-07-11T15:06:34","slug":"vereinbarung-ueber-die-sicherheit","status":"publish","type":"page","link":"https:\/\/bdm-stg.mda.pl\/de\/vereinbarung-ueber-die-sicherheit\/","title":{"rendered":"Vereinbarung \u00fcber die Sicherheit"},"content":{"rendered":"\n<section id=\"block_7998916888e6b69c32b8e6d1ecc91ef2\" class=\"text-block   section-margin-120\">\n    <div class=\"container\">\n        <div class=\"row\">\n            <div class=\"col-24 col-lg-16\">\n                                                    <div class=\"text-block__top-texts under-h2\">\n                        <h2 class=\"text-block__title\">Vereinbarung \u00fcber die Sicherheit <br>am\u00a0Bau<\/h2>\n                                            <\/div>\n                                                                    <div class=\"text-block__entry-text text-editor under-h5\"><p>Im\u00a0Jahr 2010 beschlossen sieben der damals gr\u00f6\u00dften Bauunternehmen in\u00a0Polen \u2013 Bilfinger Berger, Budimex, Hochtief Polska, Mostostal Warszawa, Polimex Mostostal, Skanska und Warbud \u2013, dass die Sicherheit auf der Baustelle kein Element des Wettbewerbs sein sollte, sondern eine gemeinsame Aktion zum Wohle der Branche werden sollte.So entstand das <strong>Abkommen f\u00fcr Sicherheit im\u00a0Bauwesen<\/strong>, dessen Aufgabe es\u00a0ist, die Zahl der Unf\u00e4lle auf Baustellen zu reduzieren, indem eine Sicherheitskultur gef\u00f6rdert, das Bewusstsein f\u00fcr die mit der Arbeit auf Baustellen verbundenen Gefahren gesch\u00e4rft und Risiken und Unf\u00e4lle vermieden werden.<\/p><\/div>\n                                            <\/div>\n                                                                                                                                <div class=\"col-24 col-lg-7 offset-lg-1\">\n                    <div class=\"text-block__www \">\n                                                    <div class=\"text-block__www-icon-wrapper\">\n                                <img loading=\"lazy\" decoding=\"async\" width=\"368\" height=\"161\" src=\"https:\/\/bdm-stg.mda.pl\/app\/uploads\/2024\/02\/Frame-17418.png\" class=\"text-block___www-icon\" alt=\"\" \/>                            <\/div>\n                                                <div class=\"text-block__www-bottom\">\n                                                                                                                    <div class=\"text-block__www-link-wrapper\">\n                                    <a href=\"https:\/\/www.porozumieniedlabezpieczenstwa.pl\/\" class=\"button button--new-gold small text-block__www-button -wcag-yellow\" >Details<\/a>\n                                <\/div>\n                                                    <\/div>\n                    <\/div>\n                <\/div>\n                                            <\/div>\n    <\/div>\n<\/section> ","protected":false},"excerpt":{"rendered":"","protected":false},"author":0,"featured_media":25011,"parent":0,"menu_order":3,"comment_status":"closed","ping_status":"closed","template":"page-templates\/gutenberg-text-hero.php","meta":{"_acf_changed":false,"inline_featured_image":false,"footnotes":""},"acf":[],"yoast_head":"<!-- This site is optimized with the Yoast SEO plugin v22.5 - https:\/\/yoast.com\/wordpress\/plugins\/seo\/ -->\n<title>Vereinbarung \u00fcber die Sicherheit - Budimex<\/title>\n<meta name=\"robots\" content=\"noindex, follow, max-snippet:-1, max-image-preview:large, max-video-preview:-1\" \/>\n<meta property=\"og:locale\" content=\"de_DE\" \/>\n<meta property=\"og:type\" content=\"article\" \/>\n<meta property=\"og:title\" content=\"Vereinbarung \u00fcber die Sicherheit - Budimex\" \/>\n<meta property=\"og:url\" content=\"https:\/\/bdm-stg.mda.pl\/de\/vereinbarung-ueber-die-sicherheit\/\" \/>\n<meta property=\"og:site_name\" content=\"Budimex\" \/>\n<meta property=\"article:modified_time\" content=\"2024-07-11T15:06:34+00:00\" \/>\n<meta property=\"og:image\" content=\"https:\/\/bdm-stg.mda.pl\/app\/uploads\/2024\/02\/Budimex-header-movie_1-1-23.png\" \/>\n\t<meta property=\"og:image:width\" content=\"1920\" \/>\n\t<meta property=\"og:image:height\" content=\"640\" \/>\n\t<meta property=\"og:image:type\" content=\"image\/png\" \/>\n<meta name=\"twitter:card\" content=\"summary_large_image\" \/>\n<script type=\"application\/ld+json\" class=\"yoast-schema-graph\">{\"@context\":\"https:\/\/schema.org\",\"@graph\":[{\"@type\":\"WebPage\",\"@id\":\"https:\/\/bdm-stg.mda.pl\/de\/vereinbarung-ueber-die-sicherheit\/\",\"url\":\"https:\/\/bdm-stg.mda.pl\/de\/vereinbarung-ueber-die-sicherheit\/\",\"name\":\"Vereinbarung \u00fcber die Sicherheit - Budimex\",\"isPartOf\":{\"@id\":\"https:\/\/bdm-stg.mda.pl\/de\/#website\"},\"primaryImageOfPage\":{\"@id\":\"https:\/\/bdm-stg.mda.pl\/de\/vereinbarung-ueber-die-sicherheit\/#primaryimage\"},\"image\":{\"@id\":\"https:\/\/bdm-stg.mda.pl\/de\/vereinbarung-ueber-die-sicherheit\/#primaryimage\"},\"thumbnailUrl\":\"https:\/\/bdm-stg.mda.pl\/app\/uploads\/2024\/02\/Budimex-header-movie_1-1-23.png\",\"datePublished\":\"2024-02-20T13:54:24+00:00\",\"dateModified\":\"2024-07-11T15:06:34+00:00\",\"breadcrumb\":{\"@id\":\"https:\/\/bdm-stg.mda.pl\/de\/vereinbarung-ueber-die-sicherheit\/#breadcrumb\"},\"inLanguage\":\"de-DE\",\"potentialAction\":[{\"@type\":\"ReadAction\",\"target\":[\"https:\/\/bdm-stg.mda.pl\/de\/vereinbarung-ueber-die-sicherheit\/\"]}]},{\"@type\":\"ImageObject\",\"inLanguage\":\"de-DE\",\"@id\":\"https:\/\/bdm-stg.mda.pl\/de\/vereinbarung-ueber-die-sicherheit\/#primaryimage\",\"url\":\"https:\/\/bdm-stg.mda.pl\/app\/uploads\/2024\/02\/Budimex-header-movie_1-1-23.png\",\"contentUrl\":\"https:\/\/bdm-stg.mda.pl\/app\/uploads\/2024\/02\/Budimex-header-movie_1-1-23.png\",\"width\":1920,\"height\":640},{\"@type\":\"BreadcrumbList\",\"@id\":\"https:\/\/bdm-stg.mda.pl\/de\/vereinbarung-ueber-die-sicherheit\/#breadcrumb\",\"itemListElement\":[{\"@type\":\"ListItem\",\"position\":1,\"name\":\"Strona g\u0142\u00f3wna\",\"item\":\"https:\/\/bdm-stg.mda.pl\/de\/\"},{\"@type\":\"ListItem\",\"position\":2,\"name\":\"Vereinbarung \u00fcber die Sicherheit\"}]},{\"@type\":\"WebSite\",\"@id\":\"https:\/\/bdm-stg.mda.pl\/de\/#website\",\"url\":\"https:\/\/bdm-stg.mda.pl\/de\/\",\"name\":\"Budimex\",\"description\":\"\",\"potentialAction\":[{\"@type\":\"SearchAction\",\"target\":{\"@type\":\"EntryPoint\",\"urlTemplate\":\"https:\/\/bdm-stg.mda.pl\/de\/?s={search_term_string}\"},\"query-input\":\"required name=search_term_string\"}],\"inLanguage\":\"de-DE\"}]}<\/script>\n<!-- \/ Yoast SEO plugin. -->","yoast_head_json":{"title":"Vereinbarung \u00fcber die Sicherheit - Budimex","robots":{"index":"noindex","follow":"follow","max-snippet":"max-snippet:-1","max-image-preview":"max-image-preview:large","max-video-preview":"max-video-preview:-1"},"og_locale":"de_DE","og_type":"article","og_title":"Vereinbarung \u00fcber die Sicherheit - Budimex","og_url":"https:\/\/bdm-stg.mda.pl\/de\/vereinbarung-ueber-die-sicherheit\/","og_site_name":"Budimex","article_modified_time":"2024-07-11T15:06:34+00:00","og_image":[{"width":1920,"height":640,"url":"https:\/\/bdm-stg.mda.pl\/app\/uploads\/2024\/02\/Budimex-header-movie_1-1-23.png","type":"image\/png"}],"twitter_card":"summary_large_image","schema":{"@context":"https:\/\/schema.org","@graph":[{"@type":"WebPage","@id":"https:\/\/bdm-stg.mda.pl\/de\/vereinbarung-ueber-die-sicherheit\/","url":"https:\/\/bdm-stg.mda.pl\/de\/vereinbarung-ueber-die-sicherheit\/","name":"Vereinbarung \u00fcber die Sicherheit - Budimex","isPartOf":{"@id":"https:\/\/bdm-stg.mda.pl\/de\/#website"},"primaryImageOfPage":{"@id":"https:\/\/bdm-stg.mda.pl\/de\/vereinbarung-ueber-die-sicherheit\/#primaryimage"},"image":{"@id":"https:\/\/bdm-stg.mda.pl\/de\/vereinbarung-ueber-die-sicherheit\/#primaryimage"},"thumbnailUrl":"https:\/\/bdm-stg.mda.pl\/app\/uploads\/2024\/02\/Budimex-header-movie_1-1-23.png","datePublished":"2024-02-20T13:54:24+00:00","dateModified":"2024-07-11T15:06:34+00:00","breadcrumb":{"@id":"https:\/\/bdm-stg.mda.pl\/de\/vereinbarung-ueber-die-sicherheit\/#breadcrumb"},"inLanguage":"de-DE","potentialAction":[{"@type":"ReadAction","target":["https:\/\/bdm-stg.mda.pl\/de\/vereinbarung-ueber-die-sicherheit\/"]}]},{"@type":"ImageObject","inLanguage":"de-DE","@id":"https:\/\/bdm-stg.mda.pl\/de\/vereinbarung-ueber-die-sicherheit\/#primaryimage","url":"https:\/\/bdm-stg.mda.pl\/app\/uploads\/2024\/02\/Budimex-header-movie_1-1-23.png","contentUrl":"https:\/\/bdm-stg.mda.pl\/app\/uploads\/2024\/02\/Budimex-header-movie_1-1-23.png","width":1920,"height":640},{"@type":"BreadcrumbList","@id":"https:\/\/bdm-stg.mda.pl\/de\/vereinbarung-ueber-die-sicherheit\/#breadcrumb","itemListElement":[{"@type":"ListItem","position":1,"name":"Strona g\u0142\u00f3wna","item":"https:\/\/bdm-stg.mda.pl\/de\/"},{"@type":"ListItem","position":2,"name":"Vereinbarung \u00fcber die Sicherheit"}]},{"@type":"WebSite","@id":"https:\/\/bdm-stg.mda.pl\/de\/#website","url":"https:\/\/bdm-stg.mda.pl\/de\/","name":"Budimex","description":"","potentialAction":[{"@type":"SearchAction","target":{"@type":"EntryPoint","urlTemplate":"https:\/\/bdm-stg.mda.pl\/de\/?s={search_term_string}"},"query-input":"required name=search_term_string"}],"inLanguage":"de-DE"}]}},"_links":{"self":[{"href":"https:\/\/bdm-stg.mda.pl\/de\/wp-json\/wp\/v2\/pages\/171761"}],"collection":[{"href":"https:\/\/bdm-stg.mda.pl\/de\/wp-json\/wp\/v2\/pages"}],"about":[{"href":"https:\/\/bdm-stg.mda.pl\/de\/wp-json\/wp\/v2\/types\/page"}],"replies":[{"embeddable":true,"href":"https:\/\/bdm-stg.mda.pl\/de\/wp-json\/wp\/v2\/comments?post=171761"}],"version-history":[{"count":1,"href":"https:\/\/bdm-stg.mda.pl\/de\/wp-json\/wp\/v2\/pages\/171761\/revisions"}],"predecessor-version":[{"id":171766,"href":"https:\/\/bdm-stg.mda.pl\/de\/wp-json\/wp\/v2\/pages\/171761\/revisions\/171766"}],"wp:featuredmedia":[{"embeddable":true,"href":"https:\/\/bdm-stg.mda.pl\/de\/wp-json\/wp\/v2\/media\/25011"}],"wp:attachment":[{"href":"https:\/\/bdm-stg.mda.pl\/de\/wp-json\/wp\/v2\/media?parent=171761"}],"curies":[{"name":"wp","href":"https:\/\/api.w.org\/{rel}","templated":true}]}}