{"id":171840,"date":"2024-03-01T11:42:54","date_gmt":"2024-03-01T11:42:54","guid":{"rendered":"https:\/\/bdm-stg.mda.pl\/mentoring-programm\/"},"modified":"2024-07-11T15:06:24","modified_gmt":"2024-07-11T15:06:24","slug":"mentoring-programm","status":"publish","type":"page","link":"https:\/\/bdm-stg.mda.pl\/de\/entwicklung-bei-budimex\/mentoring-programm\/","title":{"rendered":"Mentoring-Programm"},"content":{"rendered":"\n<section id=\"block_adfb2d6bdab99131d592610e860624f1\" class=\"title-section section-margin-56\">\n    <div class=\"container\">\n        <div class=\"row\">\n            <div class=\"col-24\">\n                <div class=\"title-section__title\">\n                    <h2 class=\"typo-h2\">Mentoring-Programm<\/h2>\n                <\/div>\n            <\/div>\n        <\/div>\n    <\/div>\n<\/section> \n<section id=\"block_71bae0a6b9341d525607f3e925f59c29\" class=\"photo-section section-margin-40\">\n    <div class=\"container\">\n        <div class=\"row\">\n            <div class=\"col-24 col-lg-18\">\n                                                <div class=\"photo-section__photo\">\n                    <img decoding=\"async\" src=\"https:\/\/bdm-stg.mda.pl\/app\/uploads\/2024\/04\/Rectangle-1227.png\" alt=\"\">\n                <\/div>\n                            <\/div>\n        <\/div>\n    <\/div>\n<\/section> \n<section id=\"block_e2d46f24c751e26b26a2847b51d053c2\" class=\"text-block   -hide-dots section-margin-72\">\n    <div class=\"container\">\n        <div class=\"row\">\n            <div class=\"col-24 col-lg-18\">\n                                                                                    <div class=\"text-block__entry-text text-editor under-h5\"><p style=\"text-align: justify\">Die Baubranche erfordert die Zusammenarbeit mehrerer Abteilungen und Teams. Ohne die professionelle Herangehensweise unserer Mitarbeiter w\u00e4re dies nicht m\u00f6glich gewesen.<\/p>\n<p style=\"text-align: justify\">Budimex besteht haupts\u00e4chlich aus engagierten Spezialisten in\u00a0verschiedenen Bereichen. Dank des Mentoring-Programms \u201cMaster Synergies\u201d k\u00f6nnen sie ihr unsch\u00e4tzbares Wissen und ihre Erfahrungen mit anderen teilen!<\/p>\n<p style=\"text-align: justify\">Das Programm unterst\u00fctzt die Entwicklung bestehender Qualifikationen und den Erwerb neuer F\u00e4higkeiten. Bisher hat es\u00a0m.in Beispiel zu einer Steigerung der Zufriedenheit und einer gesteigerten Handlungsmotivation gef\u00fchrt \u2013 sowohl bei den Mentees als auch bei den Mentoren.<\/p>\n<p style=\"text-align: justify\">Die Beratung und Beratung durch das Projekt ist eine unsch\u00e4tzbare Hilfe bei der individuellen Entwicklung. Dar\u00fcber hinaus tr\u00e4gt das Programm dazu bei, individuelle Kompetenzen in\u00a0eine kollektive Kraft zu transformieren. Damit legen wir den Grundstein f\u00fcr eine Entwicklungskultur, in\u00a0der Offenheit und Zusammenarbeit nicht nur im\u00a0Gesch\u00e4ft der Schl\u00fcssel zum Erfolg sind.<\/p><\/div>\n                                            <\/div>\n                                                                                                                                <\/div>\n    <\/div>\n<\/section> \n    <section id=\"block_dafb35471ce820a5dd9e8197bb55082a\" class=\"gallery-section section-margin-120\" data-per-page=\"8\" data-per-row=\"4\" data-type=\"zdjecia\">\n        <div class=\"container\">\n            <div class=\"row\">\n                                    <div class=\"col-24\">\n                        <h2 class=\"gallery-section__title under-h2\">Galerie<\/h2>\n                    <\/div>\n                            <\/div>\n            <div class=\"row\">\n                <div class=\"col-24\">\n                                                                        <div class=\"gallery-section__grid gallery-section__grid--4\">\n                                \n                        <div class=\"gallery-section__image gallery-section__image--single\">\n                <a href=\"https:\/\/bdm-stg.mda.pl\/app\/uploads\/2024\/03\/agnieszka-program-mentoringowy-.jpg\">\n                                        <img loading=\"lazy\" decoding=\"async\" width=\"768\" height=\"960\" src=\"https:\/\/bdm-stg.mda.pl\/app\/uploads\/2024\/03\/agnieszka-program-mentoringowy-.jpg\" class=\"attachment-full size-full\" alt=\"\" \/>                                    <\/a>\n                            <\/div>\n                                <div class=\"gallery-section__image gallery-section__image--single\">\n                <a href=\"https:\/\/bdm-stg.mda.pl\/app\/uploads\/2024\/03\/ania-program-mentoringowy-.jpg\">\n                                        <img loading=\"lazy\" decoding=\"async\" width=\"768\" height=\"960\" src=\"https:\/\/bdm-stg.mda.pl\/app\/uploads\/2024\/03\/ania-program-mentoringowy-.jpg\" class=\"attachment-full size-full\" alt=\"\" \/>                                    <\/a>\n                            <\/div>\n                                <div class=\"gallery-section__image gallery-section__image--single\">\n                <a href=\"https:\/\/bdm-stg.mda.pl\/app\/uploads\/2024\/03\/piotr-gunia-program-mentoringowy-.jpg\">\n                                        <img loading=\"lazy\" decoding=\"async\" width=\"768\" height=\"960\" src=\"https:\/\/bdm-stg.mda.pl\/app\/uploads\/2024\/03\/piotr-gunia-program-mentoringowy-.jpg\" class=\"attachment-full size-full\" alt=\"\" \/>                                    <\/a>\n                            <\/div>\n                                <div class=\"gallery-section__image gallery-section__image--single\">\n                <a href=\"https:\/\/bdm-stg.mda.pl\/app\/uploads\/2024\/03\/szymon-program-mentingowy-.jpg\">\n                                        <img loading=\"lazy\" decoding=\"async\" width=\"768\" height=\"960\" src=\"https:\/\/bdm-stg.mda.pl\/app\/uploads\/2024\/03\/szymon-program-mentingowy-.jpg\" class=\"attachment-full size-full\" alt=\"\" \/>                                    <\/a>\n                            <\/div>\n            \n                            <\/div>\n                                                                                        <\/div>\n            <\/div>\n        <\/div>\n    <\/section>\n \n<section id=\"block_d1c6ec028563d00a57a972cf2b2b27ba\" class=\"cta section-margin -center\">\n                <div class=\"cta__overlay cta__overlay--center\"><\/div>\n                    <img decoding=\"async\" width=\"1920\" height=\"540\" src=\"https:\/\/bdm-stg.mda.pl\/app\/uploads\/2024\/02\/Rectangle-1209-1.png\" class=\"cta__background-image\" alt=\"\" loading=\"lazy\" srcset=\"https:\/\/bdm-stg.mda.pl\/app\/uploads\/2024\/02\/Rectangle-1209-1.png 1920w, https:\/\/bdm-stg.mda.pl\/app\/uploads\/2024\/02\/Rectangle-1209-1-1024x288.png 1024w, https:\/\/bdm-stg.mda.pl\/app\/uploads\/2024\/02\/Rectangle-1209-1-1536x432.png 1536w\" sizes=\"(max-width: 1920px) 100vw, 1920px\" \/>                <div class=\"cta__content-wrapper\">\n                <div class=\"container\">\n                        <div class=\"row align-items-center\">\n                <div class=\"col-24 offset-lg-6 col-lg-12\">\n                    <div class=\"cta__text-wrapper d-flex  flex-column\">\n                                                    <h2 class=\"cta__title under-h3  cta__title--clipped\">Bauen Sie Ihre Karriere bei uns auf!<\/h2>\n                                                                            <div class=\"cta__description under-h4 color-dark-100 cta__description--light\">\n                                <p>Realisieren Sie die gr\u00f6\u00dften Projekte, wachsen undBeeinflussen Sie die Realit\u00e4t um Sie herum.<\/p>                            <\/div>\n                                                                    <\/div>\n                    <div class=\"cta__button-wrapper\">\n                                                    <a class=\"button -wcag-yellow  button--new-gold \" href=\"https:\/\/bdm-stg.mda.pl\/kariera\/oferty-pracy\/\">Mehr<\/a>\n                                                                                                            <a class=\"button button--new-border -wcag-yellow-outline\" target=\"\" href=\"#\">Zobacz wi\u0119cej<\/a>\n                                                                            <\/div>\n                <\/div>\n                            <\/div>\n        <\/div>\n    <\/div>\n<\/section> ","protected":false},"excerpt":{"rendered":"","protected":false},"author":0,"featured_media":121441,"parent":171864,"menu_order":0,"comment_status":"closed","ping_status":"closed","template":"page-templates\/page-no-hero.php","meta":{"_acf_changed":false,"inline_featured_image":false,"footnotes":""},"acf":[],"yoast_head":"<!-- This site is optimized with the Yoast SEO plugin v22.5 - https:\/\/yoast.com\/wordpress\/plugins\/seo\/ -->\n<title>Mentoring-Programm - Budimex<\/title>\n<meta name=\"robots\" content=\"noindex, follow, max-snippet:-1, max-image-preview:large, max-video-preview:-1\" \/>\n<meta property=\"og:locale\" content=\"de_DE\" \/>\n<meta property=\"og:type\" content=\"article\" \/>\n<meta property=\"og:title\" content=\"Mentoring-Programm - Budimex\" \/>\n<meta property=\"og:url\" content=\"https:\/\/bdm-stg.mda.pl\/de\/entwicklung-bei-budimex\/mentoring-programm\/\" \/>\n<meta property=\"og:site_name\" content=\"Budimex\" \/>\n<meta property=\"article:modified_time\" content=\"2024-07-11T15:06:24+00:00\" \/>\n<meta property=\"og:image\" content=\"https:\/\/bdm-stg.mda.pl\/app\/uploads\/2024\/04\/Rectangle-445-4.webp\" \/>\n\t<meta property=\"og:image:width\" content=\"424\" \/>\n\t<meta property=\"og:image:height\" content=\"450\" \/>\n\t<meta property=\"og:image:type\" content=\"image\/webp\" \/>\n<meta name=\"twitter:card\" content=\"summary_large_image\" \/>\n<script type=\"application\/ld+json\" class=\"yoast-schema-graph\">{\"@context\":\"https:\/\/schema.org\",\"@graph\":[{\"@type\":\"WebPage\",\"@id\":\"https:\/\/bdm-stg.mda.pl\/de\/entwicklung-bei-budimex\/mentoring-programm\/\",\"url\":\"https:\/\/bdm-stg.mda.pl\/de\/entwicklung-bei-budimex\/mentoring-programm\/\",\"name\":\"Mentoring-Programm - Budimex\",\"isPartOf\":{\"@id\":\"https:\/\/bdm-stg.mda.pl\/de\/#website\"},\"primaryImageOfPage\":{\"@id\":\"https:\/\/bdm-stg.mda.pl\/de\/entwicklung-bei-budimex\/mentoring-programm\/#primaryimage\"},\"image\":{\"@id\":\"https:\/\/bdm-stg.mda.pl\/de\/entwicklung-bei-budimex\/mentoring-programm\/#primaryimage\"},\"thumbnailUrl\":\"https:\/\/bdm-stg.mda.pl\/app\/uploads\/2024\/04\/Rectangle-445-4.webp\",\"datePublished\":\"2024-03-01T11:42:54+00:00\",\"dateModified\":\"2024-07-11T15:06:24+00:00\",\"breadcrumb\":{\"@id\":\"https:\/\/bdm-stg.mda.pl\/de\/entwicklung-bei-budimex\/mentoring-programm\/#breadcrumb\"},\"inLanguage\":\"de-DE\",\"potentialAction\":[{\"@type\":\"ReadAction\",\"target\":[\"https:\/\/bdm-stg.mda.pl\/de\/entwicklung-bei-budimex\/mentoring-programm\/\"]}]},{\"@type\":\"ImageObject\",\"inLanguage\":\"de-DE\",\"@id\":\"https:\/\/bdm-stg.mda.pl\/de\/entwicklung-bei-budimex\/mentoring-programm\/#primaryimage\",\"url\":\"https:\/\/bdm-stg.mda.pl\/app\/uploads\/2024\/04\/Rectangle-445-4.webp\",\"contentUrl\":\"https:\/\/bdm-stg.mda.pl\/app\/uploads\/2024\/04\/Rectangle-445-4.webp\",\"width\":424,\"height\":450},{\"@type\":\"BreadcrumbList\",\"@id\":\"https:\/\/bdm-stg.mda.pl\/de\/entwicklung-bei-budimex\/mentoring-programm\/#breadcrumb\",\"itemListElement\":[{\"@type\":\"ListItem\",\"position\":1,\"name\":\"Strona g\u0142\u00f3wna\",\"item\":\"https:\/\/bdm-stg.mda.pl\/de\/\"},{\"@type\":\"ListItem\",\"position\":2,\"name\":\"Entwicklung bei Budimex\",\"item\":\"https:\/\/bdm-stg.mda.pl\/de\/kariera\/rozwoj-w-budimex\/\"},{\"@type\":\"ListItem\",\"position\":3,\"name\":\"Mentoring-Programm\"}]},{\"@type\":\"WebSite\",\"@id\":\"https:\/\/bdm-stg.mda.pl\/de\/#website\",\"url\":\"https:\/\/bdm-stg.mda.pl\/de\/\",\"name\":\"Budimex\",\"description\":\"\",\"potentialAction\":[{\"@type\":\"SearchAction\",\"target\":{\"@type\":\"EntryPoint\",\"urlTemplate\":\"https:\/\/bdm-stg.mda.pl\/de\/?s={search_term_string}\"},\"query-input\":\"required name=search_term_string\"}],\"inLanguage\":\"de-DE\"}]}<\/script>\n<!-- \/ Yoast SEO plugin. -->","yoast_head_json":{"title":"Mentoring-Programm - Budimex","robots":{"index":"noindex","follow":"follow","max-snippet":"max-snippet:-1","max-image-preview":"max-image-preview:large","max-video-preview":"max-video-preview:-1"},"og_locale":"de_DE","og_type":"article","og_title":"Mentoring-Programm - Budimex","og_url":"https:\/\/bdm-stg.mda.pl\/de\/entwicklung-bei-budimex\/mentoring-programm\/","og_site_name":"Budimex","article_modified_time":"2024-07-11T15:06:24+00:00","og_image":[{"width":424,"height":450,"url":"https:\/\/bdm-stg.mda.pl\/app\/uploads\/2024\/04\/Rectangle-445-4.webp","type":"image\/webp"}],"twitter_card":"summary_large_image","schema":{"@context":"https:\/\/schema.org","@graph":[{"@type":"WebPage","@id":"https:\/\/bdm-stg.mda.pl\/de\/entwicklung-bei-budimex\/mentoring-programm\/","url":"https:\/\/bdm-stg.mda.pl\/de\/entwicklung-bei-budimex\/mentoring-programm\/","name":"Mentoring-Programm - Budimex","isPartOf":{"@id":"https:\/\/bdm-stg.mda.pl\/de\/#website"},"primaryImageOfPage":{"@id":"https:\/\/bdm-stg.mda.pl\/de\/entwicklung-bei-budimex\/mentoring-programm\/#primaryimage"},"image":{"@id":"https:\/\/bdm-stg.mda.pl\/de\/entwicklung-bei-budimex\/mentoring-programm\/#primaryimage"},"thumbnailUrl":"https:\/\/bdm-stg.mda.pl\/app\/uploads\/2024\/04\/Rectangle-445-4.webp","datePublished":"2024-03-01T11:42:54+00:00","dateModified":"2024-07-11T15:06:24+00:00","breadcrumb":{"@id":"https:\/\/bdm-stg.mda.pl\/de\/entwicklung-bei-budimex\/mentoring-programm\/#breadcrumb"},"inLanguage":"de-DE","potentialAction":[{"@type":"ReadAction","target":["https:\/\/bdm-stg.mda.pl\/de\/entwicklung-bei-budimex\/mentoring-programm\/"]}]},{"@type":"ImageObject","inLanguage":"de-DE","@id":"https:\/\/bdm-stg.mda.pl\/de\/entwicklung-bei-budimex\/mentoring-programm\/#primaryimage","url":"https:\/\/bdm-stg.mda.pl\/app\/uploads\/2024\/04\/Rectangle-445-4.webp","contentUrl":"https:\/\/bdm-stg.mda.pl\/app\/uploads\/2024\/04\/Rectangle-445-4.webp","width":424,"height":450},{"@type":"BreadcrumbList","@id":"https:\/\/bdm-stg.mda.pl\/de\/entwicklung-bei-budimex\/mentoring-programm\/#breadcrumb","itemListElement":[{"@type":"ListItem","position":1,"name":"Strona g\u0142\u00f3wna","item":"https:\/\/bdm-stg.mda.pl\/de\/"},{"@type":"ListItem","position":2,"name":"Entwicklung bei Budimex","item":"https:\/\/bdm-stg.mda.pl\/de\/kariera\/rozwoj-w-budimex\/"},{"@type":"ListItem","position":3,"name":"Mentoring-Programm"}]},{"@type":"WebSite","@id":"https:\/\/bdm-stg.mda.pl\/de\/#website","url":"https:\/\/bdm-stg.mda.pl\/de\/","name":"Budimex","description":"","potentialAction":[{"@type":"SearchAction","target":{"@type":"EntryPoint","urlTemplate":"https:\/\/bdm-stg.mda.pl\/de\/?s={search_term_string}"},"query-input":"required name=search_term_string"}],"inLanguage":"de-DE"}]}},"_links":{"self":[{"href":"https:\/\/bdm-stg.mda.pl\/de\/wp-json\/wp\/v2\/pages\/171840"}],"collection":[{"href":"https:\/\/bdm-stg.mda.pl\/de\/wp-json\/wp\/v2\/pages"}],"about":[{"href":"https:\/\/bdm-stg.mda.pl\/de\/wp-json\/wp\/v2\/types\/page"}],"replies":[{"embeddable":true,"href":"https:\/\/bdm-stg.mda.pl\/de\/wp-json\/wp\/v2\/comments?post=171840"}],"version-history":[{"count":1,"href":"https:\/\/bdm-stg.mda.pl\/de\/wp-json\/wp\/v2\/pages\/171840\/revisions"}],"predecessor-version":[{"id":171849,"href":"https:\/\/bdm-stg.mda.pl\/de\/wp-json\/wp\/v2\/pages\/171840\/revisions\/171849"}],"up":[{"embeddable":true,"href":"https:\/\/bdm-stg.mda.pl\/de\/wp-json\/wp\/v2\/pages\/171864"}],"wp:featuredmedia":[{"embeddable":true,"href":"https:\/\/bdm-stg.mda.pl\/de\/wp-json\/wp\/v2\/media\/121441"}],"wp:attachment":[{"href":"https:\/\/bdm-stg.mda.pl\/de\/wp-json\/wp\/v2\/media?parent=171840"}],"curies":[{"name":"wp","href":"https:\/\/api.w.org\/{rel}","templated":true}]}}