{"id":171889,"date":"2024-02-13T13:42:43","date_gmt":"2024-02-13T13:42:43","guid":{"rendered":"https:\/\/bdm-stg.mda.pl\/soziale-medien\/"},"modified":"2024-07-11T15:06:36","modified_gmt":"2024-07-11T15:06:36","slug":"soziale-medien","status":"publish","type":"page","link":"https:\/\/bdm-stg.mda.pl\/de\/medien\/soziale-medien\/","title":{"rendered":"Soziale Medien"},"content":{"rendered":"\n<section id=\"block_18b269be8432ac7307014d8010f17be9\" class=\"press-list  section-margin-120\" data-press-list data-press-list-settings='{\"per_page\":\"12\",\"post_type\":\"social_media\",\"is_first_highlighted\":false,\"is_show_date\":false,\"are_childrens\":false,\"current_page\":171889,\"is_gray_card\":false}'>\n    <div class=\"container\">\n                    <h2 class=\"under-h2\">Soziale Medien<\/h2>\n                        <div class=\"row press-list__posts\">\n            <div class=\"press-list__loader hide\" data-press-list-loader>\n                <div class=\"loader  loader--theme-default \">\n    <div><\/div>\n    <div><\/div>\n    <div><\/div>\n    <div><\/div>\n<\/div>            <\/div>\n            <div class=\"col-24\">\n                                <div class=\"row press-list__row\" data-press-list-wrapper>\n                     \n<div class=\"col-24 col-lg-8 under-h3\">\n    <div class=\"press-list__post  h-100\" data-press-list-item=\"23961\">\n                \n    <div class=\"card-social_media\">\n                    <a href=\"https:\/\/t.co\/J5Fe3Cdots\" class=\"card-social_media__link\" target=\"_blank\"><\/a>\n                    <div class=\"card-social_media__overlay\"><\/div>\n                            <div class=\"card-social_media__content\">\n                <div class=\"card-social_media__description\">\n                    To by\u0142by krok, dla obu stron procesu inwestycyjnego, w dobr\u0105 stron\u0119. Warto pami\u0119ta\u0107, \u017ce waloryzacja dzia\u0142a w obie strony + \u017ce jest limitowana warto\u015bci\u0105 50% kontraktu.                <\/div>\n            <\/div>\n                                    <div class=\"card-social_media__icon-wrapper\">\n                    <i class=\"d-flex icon icon-x-footer\"><\/i>\n                <\/div>\n                <\/div>\n\n            <\/div>\n<\/div>\n \n<div class=\"col-24 col-lg-8 under-h3\">\n    <div class=\"press-list__post  h-100\" data-press-list-item=\"23960\">\n                \n    <div class=\"card-social_media\">\n                    <div class=\"card-social_media__overlay\"><\/div>\n                            <div class=\"card-social_media__content\">\n                <div class=\"card-social_media__description\">\n                    Trwa XI #Kongres Infrastruktury Polskiej. Budimex jest partnerem tego wydarzenia. \ud83d\udcac W debacie otwarcia po\u015bwi\u0119conej kluczowym zmianom, jakich potrzebuj\u0105 #inwestycje infrastrukturalne w Polsce, udzia\u0142 wzi\u0105\u0142 prezes #Budimex, Artur&#8230;                <\/div>\n            <\/div>\n                                    <div class=\"card-social_media__icon-wrapper\">\n                    <i class=\"d-flex icon icon-instagram-footer\"><\/i>\n                <\/div>\n                <\/div>\n\n            <\/div>\n<\/div>\n \n<div class=\"col-24 col-lg-8 under-h3\">\n    <div class=\"press-list__post  h-100\" data-press-list-item=\"23924\">\n                \n    <div class=\"card-social_media\">\n                    <a href=\"https:\/\/t.co\/9NTYBQZzYO\" class=\"card-social_media__link\" target=\"_blank\"><\/a>\n                    <div class=\"card-social_media__overlay\"><\/div>\n                            <div class=\"card-social_media__content\">\n                <div class=\"card-social_media__description\">\n                    Od lat m\u00f3wi\u0119, \u017ce Polacy pracuj\u0105 najwi\u0119cej w ca\u0142ej Europie.                <\/div>\n            <\/div>\n                                    <div class=\"card-social_media__icon-wrapper\">\n                    <i class=\"d-flex icon icon-facebook-footer\"><\/i>\n                <\/div>\n                <\/div>\n\n            <\/div>\n<\/div>\n                <\/div>\n            <\/div>\n        <\/div>\n        <div class=\"row\">\n            <div class=\"col-24\">\n                <div class=\"press-list__pagination\">\n                    <div class=\"pagination\" data-pagination data-settings='{\"max_pages\":1,\"pages_visible\":4}'>\n    <div class=\"pagination__wrapper\">\n        <button class=\"pagination__nav pagination__nav--prev\"><i class=\"icon icon-arrow-left d-flex\"><\/i><\/button>\n        <div class=\"pagination__pages-wrapper\">\n            <div class=\"pagination__numbers\"><\/div>\n        <\/div>\n        <button class=\"pagination__nav pagination__nav--next\"><i class=\"icon icon-arrow-right d-flex\"><\/i><\/button>\n    <\/div>\n<\/div>                <\/div>\n            <\/div>\n        <\/div>\n    <\/div>\n<\/section> ","protected":false},"excerpt":{"rendered":"","protected":false},"author":0,"featured_media":0,"parent":171510,"menu_order":0,"comment_status":"closed","ping_status":"closed","template":"page-templates\/gutenberg-text-hero.php","meta":{"_acf_changed":false,"inline_featured_image":false,"footnotes":""},"acf":[],"yoast_head":"<!-- This site is optimized with the Yoast SEO plugin v22.5 - https:\/\/yoast.com\/wordpress\/plugins\/seo\/ -->\n<title>Soziale Medien - Budimex<\/title>\n<meta name=\"robots\" content=\"noindex, follow, max-snippet:-1, max-image-preview:large, max-video-preview:-1\" \/>\n<meta property=\"og:locale\" content=\"de_DE\" \/>\n<meta property=\"og:type\" content=\"article\" \/>\n<meta property=\"og:title\" content=\"Soziale Medien - Budimex\" \/>\n<meta property=\"og:url\" content=\"https:\/\/bdm-stg.mda.pl\/de\/medien\/soziale-medien\/\" \/>\n<meta property=\"og:site_name\" content=\"Budimex\" \/>\n<meta property=\"article:modified_time\" content=\"2024-07-11T15:06:36+00:00\" \/>\n<meta name=\"twitter:card\" content=\"summary_large_image\" \/>\n<script type=\"application\/ld+json\" class=\"yoast-schema-graph\">{\"@context\":\"https:\/\/schema.org\",\"@graph\":[{\"@type\":\"WebPage\",\"@id\":\"https:\/\/bdm-stg.mda.pl\/de\/medien\/soziale-medien\/\",\"url\":\"https:\/\/bdm-stg.mda.pl\/de\/medien\/soziale-medien\/\",\"name\":\"Soziale Medien - Budimex\",\"isPartOf\":{\"@id\":\"https:\/\/bdm-stg.mda.pl\/de\/#website\"},\"datePublished\":\"2024-02-13T13:42:43+00:00\",\"dateModified\":\"2024-07-11T15:06:36+00:00\",\"breadcrumb\":{\"@id\":\"https:\/\/bdm-stg.mda.pl\/de\/medien\/soziale-medien\/#breadcrumb\"},\"inLanguage\":\"de-DE\",\"potentialAction\":[{\"@type\":\"ReadAction\",\"target\":[\"https:\/\/bdm-stg.mda.pl\/de\/medien\/soziale-medien\/\"]}]},{\"@type\":\"BreadcrumbList\",\"@id\":\"https:\/\/bdm-stg.mda.pl\/de\/medien\/soziale-medien\/#breadcrumb\",\"itemListElement\":[{\"@type\":\"ListItem\",\"position\":1,\"name\":\"Strona g\u0142\u00f3wna\",\"item\":\"https:\/\/bdm-stg.mda.pl\/de\/\"},{\"@type\":\"ListItem\",\"position\":2,\"name\":\"Medien\",\"item\":\"https:\/\/bdm-stg.mda.pl\/de\/medien\/\"},{\"@type\":\"ListItem\",\"position\":3,\"name\":\"Soziale Medien\"}]},{\"@type\":\"WebSite\",\"@id\":\"https:\/\/bdm-stg.mda.pl\/de\/#website\",\"url\":\"https:\/\/bdm-stg.mda.pl\/de\/\",\"name\":\"Budimex\",\"description\":\"\",\"potentialAction\":[{\"@type\":\"SearchAction\",\"target\":{\"@type\":\"EntryPoint\",\"urlTemplate\":\"https:\/\/bdm-stg.mda.pl\/de\/?s={search_term_string}\"},\"query-input\":\"required name=search_term_string\"}],\"inLanguage\":\"de-DE\"}]}<\/script>\n<!-- \/ Yoast SEO plugin. -->","yoast_head_json":{"title":"Soziale Medien - Budimex","robots":{"index":"noindex","follow":"follow","max-snippet":"max-snippet:-1","max-image-preview":"max-image-preview:large","max-video-preview":"max-video-preview:-1"},"og_locale":"de_DE","og_type":"article","og_title":"Soziale Medien - Budimex","og_url":"https:\/\/bdm-stg.mda.pl\/de\/medien\/soziale-medien\/","og_site_name":"Budimex","article_modified_time":"2024-07-11T15:06:36+00:00","twitter_card":"summary_large_image","schema":{"@context":"https:\/\/schema.org","@graph":[{"@type":"WebPage","@id":"https:\/\/bdm-stg.mda.pl\/de\/medien\/soziale-medien\/","url":"https:\/\/bdm-stg.mda.pl\/de\/medien\/soziale-medien\/","name":"Soziale Medien - Budimex","isPartOf":{"@id":"https:\/\/bdm-stg.mda.pl\/de\/#website"},"datePublished":"2024-02-13T13:42:43+00:00","dateModified":"2024-07-11T15:06:36+00:00","breadcrumb":{"@id":"https:\/\/bdm-stg.mda.pl\/de\/medien\/soziale-medien\/#breadcrumb"},"inLanguage":"de-DE","potentialAction":[{"@type":"ReadAction","target":["https:\/\/bdm-stg.mda.pl\/de\/medien\/soziale-medien\/"]}]},{"@type":"BreadcrumbList","@id":"https:\/\/bdm-stg.mda.pl\/de\/medien\/soziale-medien\/#breadcrumb","itemListElement":[{"@type":"ListItem","position":1,"name":"Strona g\u0142\u00f3wna","item":"https:\/\/bdm-stg.mda.pl\/de\/"},{"@type":"ListItem","position":2,"name":"Medien","item":"https:\/\/bdm-stg.mda.pl\/de\/medien\/"},{"@type":"ListItem","position":3,"name":"Soziale Medien"}]},{"@type":"WebSite","@id":"https:\/\/bdm-stg.mda.pl\/de\/#website","url":"https:\/\/bdm-stg.mda.pl\/de\/","name":"Budimex","description":"","potentialAction":[{"@type":"SearchAction","target":{"@type":"EntryPoint","urlTemplate":"https:\/\/bdm-stg.mda.pl\/de\/?s={search_term_string}"},"query-input":"required name=search_term_string"}],"inLanguage":"de-DE"}]}},"_links":{"self":[{"href":"https:\/\/bdm-stg.mda.pl\/de\/wp-json\/wp\/v2\/pages\/171889"}],"collection":[{"href":"https:\/\/bdm-stg.mda.pl\/de\/wp-json\/wp\/v2\/pages"}],"about":[{"href":"https:\/\/bdm-stg.mda.pl\/de\/wp-json\/wp\/v2\/types\/page"}],"replies":[{"embeddable":true,"href":"https:\/\/bdm-stg.mda.pl\/de\/wp-json\/wp\/v2\/comments?post=171889"}],"version-history":[{"count":1,"href":"https:\/\/bdm-stg.mda.pl\/de\/wp-json\/wp\/v2\/pages\/171889\/revisions"}],"predecessor-version":[{"id":171891,"href":"https:\/\/bdm-stg.mda.pl\/de\/wp-json\/wp\/v2\/pages\/171889\/revisions\/171891"}],"up":[{"embeddable":true,"href":"https:\/\/bdm-stg.mda.pl\/de\/wp-json\/wp\/v2\/pages\/171510"}],"wp:attachment":[{"href":"https:\/\/bdm-stg.mda.pl\/de\/wp-json\/wp\/v2\/media?parent=171889"}],"curies":[{"name":"wp","href":"https:\/\/api.w.org\/{rel}","templated":true}]}}