{"id":172033,"date":"2024-02-15T07:30:06","date_gmt":"2024-02-15T07:30:06","guid":{"rendered":"https:\/\/bdm-stg.mda.pl\/woche-der-vielfalt\/"},"modified":"2024-07-11T15:06:35","modified_gmt":"2024-07-11T15:06:35","slug":"woche-der-vielfalt","status":"publish","type":"page","link":"https:\/\/bdm-stg.mda.pl\/de\/entwicklung-bei-budimex\/woche-der-vielfalt\/","title":{"rendered":"Woche der Vielfalt"},"content":{"rendered":"\n<section id=\"block_86b97af0748905cf0a51c44ac6c9b844\" class=\"title-section section-margin-56\">\n    <div class=\"container\">\n        <div class=\"row\">\n            <div class=\"col-24\">\n                <div class=\"title-section__title\">\n                    <h2 class=\"typo-h2\">Woche der Vielfalt<\/h2>\n                <\/div>\n            <\/div>\n        <\/div>\n    <\/div>\n<\/section> \n<section id=\"block_060220eaac371c752d2fcfeb4515001b\" class=\"photo-section section-margin-40\">\n    <div class=\"container\">\n        <div class=\"row\">\n            <div class=\"col-24 col-lg-18\">\n                                                <div class=\"photo-section__photo\">\n                    <img decoding=\"async\" src=\"https:\/\/bdm-stg.mda.pl\/app\/uploads\/2024\/04\/Rectangle-1227.png\" alt=\"\">\n                <\/div>\n                            <\/div>\n        <\/div>\n    <\/div>\n<\/section> \n<section id=\"block_1fc8492053bb71fd97867734842fc0f6\" class=\"text-block   -hide-dots section-margin-72\">\n    <div class=\"container\">\n        <div class=\"row\">\n            <div class=\"col-24 col-lg-18\">\n                                                                                    <div class=\"text-block__entry-text text-editor under-h5\"><p style=\"text-align: justify\">Seit Dezember 2022 finden bei Budimex vier thematische Diversity-Wochen statt. Dies ist die Zeit, in\u00a0der wir das Wissen und das Bewusstsein der Mitarbeiter f\u00fcr die Bedeutung und die Vorteile von Vielfalt in\u00a0der Organisation st\u00e4rken.<\/p>\n<p style=\"text-align: justify\">Im\u00a0Rahmen der Informationskampagne sprechen wir \u00fcber:<\/p>\n<ul>\n<li style=\"text-align: justify\">Generationsunterschiede<\/li>\n<li style=\"text-align: ausrichten\">geschlechtsspezifische Unterschiede<\/li>\n<li style=\"text-align: justify\">kulturelle Unterschiede<\/li>\n<li style=\"text-align: justify\">Menschen mit Behinderungen<\/li>\n<\/ul><\/div>\n                                            <\/div>\n                                                                                                                                <\/div>\n    <\/div>\n<\/section> \n    <section id=\"block_d457e7eb5291e44e74cc0772b8f53939\" class=\"gallery-section section-margin-120\" data-per-page=\"8\" data-per-row=\"4\" data-type=\"zdjecia\">\n        <div class=\"container\">\n            <div class=\"row\">\n                                    <div class=\"col-24\">\n                        <h2 class=\"gallery-section__title under-h2\">Galerie<\/h2>\n                    <\/div>\n                            <\/div>\n            <div class=\"row\">\n                <div class=\"col-24\">\n                                                                        <div class=\"gallery-section__grid gallery-section__grid--4\">\n                                \n                        <div class=\"gallery-section__image gallery-section__image--single\">\n                <a href=\"https:\/\/bdm-stg.mda.pl\/app\/uploads\/2024\/04\/gabriel-pawel-marta.png\">\n                                        <img loading=\"lazy\" decoding=\"async\" width=\"2000\" height=\"800\" src=\"https:\/\/bdm-stg.mda.pl\/app\/uploads\/2024\/04\/gabriel-pawel-marta.png\" class=\"attachment-full size-full\" alt=\"\" \/>                                    <\/a>\n                            <\/div>\n                                <div class=\"gallery-section__image gallery-section__image--single\">\n                <a href=\"https:\/\/bdm-stg.mda.pl\/app\/uploads\/2024\/04\/tydzien-roznorodnosci--scaled.jpeg\">\n                                        <img loading=\"lazy\" decoding=\"async\" width=\"2560\" height=\"1239\" src=\"https:\/\/bdm-stg.mda.pl\/app\/uploads\/2024\/04\/tydzien-roznorodnosci--scaled.jpeg\" class=\"attachment-full size-full\" alt=\"\" \/>                                    <\/a>\n                            <\/div>\n                                <div class=\"gallery-section__image gallery-section__image--single\">\n                <a href=\"https:\/\/bdm-stg.mda.pl\/app\/uploads\/2024\/04\/20221209_125718-scaled.jpg\">\n                                        <img loading=\"lazy\" decoding=\"async\" width=\"2560\" height=\"1920\" src=\"https:\/\/bdm-stg.mda.pl\/app\/uploads\/2024\/04\/20221209_125718-scaled.jpg\" class=\"attachment-full size-full\" alt=\"\" \/>                                    <\/a>\n                            <\/div>\n                                <div class=\"gallery-section__image gallery-section__image--single\">\n                <a href=\"https:\/\/bdm-stg.mda.pl\/app\/uploads\/2024\/04\/20221209_125648-scaled.jpg\">\n                                        <img loading=\"lazy\" decoding=\"async\" width=\"2560\" height=\"1152\" src=\"https:\/\/bdm-stg.mda.pl\/app\/uploads\/2024\/04\/20221209_125648-scaled.jpg\" class=\"attachment-full size-full\" alt=\"\" \/>                                    <\/a>\n                            <\/div>\n            \n                            <\/div>\n                                                                                        <\/div>\n            <\/div>\n        <\/div>\n    <\/section>\n \n<section id=\"block_046b5680965cd83bbde2d045e98f1b5e\" class=\"cta section-margin -center\">\n                <div class=\"cta__overlay cta__overlay--center\"><\/div>\n                    <img decoding=\"async\" width=\"1920\" height=\"540\" src=\"https:\/\/bdm-stg.mda.pl\/app\/uploads\/2024\/02\/Rectangle-1209-1.png\" class=\"cta__background-image\" alt=\"\" loading=\"lazy\" srcset=\"https:\/\/bdm-stg.mda.pl\/app\/uploads\/2024\/02\/Rectangle-1209-1.png 1920w, https:\/\/bdm-stg.mda.pl\/app\/uploads\/2024\/02\/Rectangle-1209-1-1024x288.png 1024w, https:\/\/bdm-stg.mda.pl\/app\/uploads\/2024\/02\/Rectangle-1209-1-1536x432.png 1536w\" sizes=\"(max-width: 1920px) 100vw, 1920px\" \/>                <div class=\"cta__content-wrapper\">\n                <div class=\"container\">\n                        <div class=\"row align-items-center\">\n                <div class=\"col-24 offset-lg-6 col-lg-12\">\n                    <div class=\"cta__text-wrapper d-flex  flex-column\">\n                                                    <h2 class=\"cta__title under-h3  cta__title--clipped\">Bauen Sie Ihre Karriere bei uns auf!<\/h2>\n                                                                            <div class=\"cta__description under-h4 color-dark-100 cta__description--light\">\n                                <p>Realisieren Sie die gr\u00f6\u00dften Projekte, wachsen undBeeinflussen Sie die Realit\u00e4t um Sie herum.<\/p>                            <\/div>\n                                                                    <\/div>\n                    <div class=\"cta__button-wrapper\">\n                                                    <a class=\"button -wcag-yellow  button--new-gold \" href=\"https:\/\/bdm-stg.mda.pl\/kariera\/kariera-oferta\/\">Mehr<\/a>\n                                                                                                            <a class=\"button button--new-border -wcag-yellow-outline\" target=\"\" href=\"#\">Zobacz wi\u0119cej<\/a>\n                                                                            <\/div>\n                <\/div>\n                            <\/div>\n        <\/div>\n    <\/div>\n<\/section> ","protected":false},"excerpt":{"rendered":"","protected":false},"author":0,"featured_media":121434,"parent":171864,"menu_order":0,"comment_status":"closed","ping_status":"closed","template":"page-templates\/page-no-hero.php","meta":{"_acf_changed":false,"inline_featured_image":false,"footnotes":""},"acf":[],"yoast_head":"<!-- This site is optimized with the Yoast SEO plugin v22.5 - https:\/\/yoast.com\/wordpress\/plugins\/seo\/ -->\n<title>Woche der Vielfalt - Budimex<\/title>\n<meta name=\"robots\" content=\"noindex, follow, max-snippet:-1, max-image-preview:large, max-video-preview:-1\" \/>\n<meta property=\"og:locale\" content=\"de_DE\" \/>\n<meta property=\"og:type\" content=\"article\" \/>\n<meta property=\"og:title\" content=\"Woche der Vielfalt - Budimex\" \/>\n<meta property=\"og:url\" content=\"https:\/\/bdm-stg.mda.pl\/de\/entwicklung-bei-budimex\/woche-der-vielfalt\/\" \/>\n<meta property=\"og:site_name\" content=\"Budimex\" \/>\n<meta property=\"article:modified_time\" content=\"2024-07-11T15:06:35+00:00\" \/>\n<meta property=\"og:image\" content=\"https:\/\/bdm-stg.mda.pl\/app\/uploads\/2024\/04\/Gradient-BG-2.webp\" \/>\n\t<meta property=\"og:image:width\" content=\"1920\" \/>\n\t<meta property=\"og:image:height\" content=\"640\" \/>\n\t<meta property=\"og:image:type\" content=\"image\/webp\" \/>\n<meta name=\"twitter:card\" content=\"summary_large_image\" \/>\n<script type=\"application\/ld+json\" class=\"yoast-schema-graph\">{\"@context\":\"https:\/\/schema.org\",\"@graph\":[{\"@type\":\"WebPage\",\"@id\":\"https:\/\/bdm-stg.mda.pl\/de\/entwicklung-bei-budimex\/woche-der-vielfalt\/\",\"url\":\"https:\/\/bdm-stg.mda.pl\/de\/entwicklung-bei-budimex\/woche-der-vielfalt\/\",\"name\":\"Woche der Vielfalt - Budimex\",\"isPartOf\":{\"@id\":\"https:\/\/bdm-stg.mda.pl\/de\/#website\"},\"primaryImageOfPage\":{\"@id\":\"https:\/\/bdm-stg.mda.pl\/de\/entwicklung-bei-budimex\/woche-der-vielfalt\/#primaryimage\"},\"image\":{\"@id\":\"https:\/\/bdm-stg.mda.pl\/de\/entwicklung-bei-budimex\/woche-der-vielfalt\/#primaryimage\"},\"thumbnailUrl\":\"https:\/\/bdm-stg.mda.pl\/app\/uploads\/2024\/04\/Gradient-BG-2.webp\",\"datePublished\":\"2024-02-15T07:30:06+00:00\",\"dateModified\":\"2024-07-11T15:06:35+00:00\",\"breadcrumb\":{\"@id\":\"https:\/\/bdm-stg.mda.pl\/de\/entwicklung-bei-budimex\/woche-der-vielfalt\/#breadcrumb\"},\"inLanguage\":\"de-DE\",\"potentialAction\":[{\"@type\":\"ReadAction\",\"target\":[\"https:\/\/bdm-stg.mda.pl\/de\/entwicklung-bei-budimex\/woche-der-vielfalt\/\"]}]},{\"@type\":\"ImageObject\",\"inLanguage\":\"de-DE\",\"@id\":\"https:\/\/bdm-stg.mda.pl\/de\/entwicklung-bei-budimex\/woche-der-vielfalt\/#primaryimage\",\"url\":\"https:\/\/bdm-stg.mda.pl\/app\/uploads\/2024\/04\/Gradient-BG-2.webp\",\"contentUrl\":\"https:\/\/bdm-stg.mda.pl\/app\/uploads\/2024\/04\/Gradient-BG-2.webp\",\"width\":1920,\"height\":640},{\"@type\":\"BreadcrumbList\",\"@id\":\"https:\/\/bdm-stg.mda.pl\/de\/entwicklung-bei-budimex\/woche-der-vielfalt\/#breadcrumb\",\"itemListElement\":[{\"@type\":\"ListItem\",\"position\":1,\"name\":\"Strona g\u0142\u00f3wna\",\"item\":\"https:\/\/bdm-stg.mda.pl\/de\/\"},{\"@type\":\"ListItem\",\"position\":2,\"name\":\"Entwicklung bei Budimex\",\"item\":\"https:\/\/bdm-stg.mda.pl\/de\/kariera\/rozwoj-w-budimex\/\"},{\"@type\":\"ListItem\",\"position\":3,\"name\":\"Woche der Vielfalt\"}]},{\"@type\":\"WebSite\",\"@id\":\"https:\/\/bdm-stg.mda.pl\/de\/#website\",\"url\":\"https:\/\/bdm-stg.mda.pl\/de\/\",\"name\":\"Budimex\",\"description\":\"\",\"potentialAction\":[{\"@type\":\"SearchAction\",\"target\":{\"@type\":\"EntryPoint\",\"urlTemplate\":\"https:\/\/bdm-stg.mda.pl\/de\/?s={search_term_string}\"},\"query-input\":\"required name=search_term_string\"}],\"inLanguage\":\"de-DE\"}]}<\/script>\n<!-- \/ Yoast SEO plugin. -->","yoast_head_json":{"title":"Woche der Vielfalt - Budimex","robots":{"index":"noindex","follow":"follow","max-snippet":"max-snippet:-1","max-image-preview":"max-image-preview:large","max-video-preview":"max-video-preview:-1"},"og_locale":"de_DE","og_type":"article","og_title":"Woche der Vielfalt - Budimex","og_url":"https:\/\/bdm-stg.mda.pl\/de\/entwicklung-bei-budimex\/woche-der-vielfalt\/","og_site_name":"Budimex","article_modified_time":"2024-07-11T15:06:35+00:00","og_image":[{"width":1920,"height":640,"url":"https:\/\/bdm-stg.mda.pl\/app\/uploads\/2024\/04\/Gradient-BG-2.webp","type":"image\/webp"}],"twitter_card":"summary_large_image","schema":{"@context":"https:\/\/schema.org","@graph":[{"@type":"WebPage","@id":"https:\/\/bdm-stg.mda.pl\/de\/entwicklung-bei-budimex\/woche-der-vielfalt\/","url":"https:\/\/bdm-stg.mda.pl\/de\/entwicklung-bei-budimex\/woche-der-vielfalt\/","name":"Woche der Vielfalt - Budimex","isPartOf":{"@id":"https:\/\/bdm-stg.mda.pl\/de\/#website"},"primaryImageOfPage":{"@id":"https:\/\/bdm-stg.mda.pl\/de\/entwicklung-bei-budimex\/woche-der-vielfalt\/#primaryimage"},"image":{"@id":"https:\/\/bdm-stg.mda.pl\/de\/entwicklung-bei-budimex\/woche-der-vielfalt\/#primaryimage"},"thumbnailUrl":"https:\/\/bdm-stg.mda.pl\/app\/uploads\/2024\/04\/Gradient-BG-2.webp","datePublished":"2024-02-15T07:30:06+00:00","dateModified":"2024-07-11T15:06:35+00:00","breadcrumb":{"@id":"https:\/\/bdm-stg.mda.pl\/de\/entwicklung-bei-budimex\/woche-der-vielfalt\/#breadcrumb"},"inLanguage":"de-DE","potentialAction":[{"@type":"ReadAction","target":["https:\/\/bdm-stg.mda.pl\/de\/entwicklung-bei-budimex\/woche-der-vielfalt\/"]}]},{"@type":"ImageObject","inLanguage":"de-DE","@id":"https:\/\/bdm-stg.mda.pl\/de\/entwicklung-bei-budimex\/woche-der-vielfalt\/#primaryimage","url":"https:\/\/bdm-stg.mda.pl\/app\/uploads\/2024\/04\/Gradient-BG-2.webp","contentUrl":"https:\/\/bdm-stg.mda.pl\/app\/uploads\/2024\/04\/Gradient-BG-2.webp","width":1920,"height":640},{"@type":"BreadcrumbList","@id":"https:\/\/bdm-stg.mda.pl\/de\/entwicklung-bei-budimex\/woche-der-vielfalt\/#breadcrumb","itemListElement":[{"@type":"ListItem","position":1,"name":"Strona g\u0142\u00f3wna","item":"https:\/\/bdm-stg.mda.pl\/de\/"},{"@type":"ListItem","position":2,"name":"Entwicklung bei Budimex","item":"https:\/\/bdm-stg.mda.pl\/de\/kariera\/rozwoj-w-budimex\/"},{"@type":"ListItem","position":3,"name":"Woche der Vielfalt"}]},{"@type":"WebSite","@id":"https:\/\/bdm-stg.mda.pl\/de\/#website","url":"https:\/\/bdm-stg.mda.pl\/de\/","name":"Budimex","description":"","potentialAction":[{"@type":"SearchAction","target":{"@type":"EntryPoint","urlTemplate":"https:\/\/bdm-stg.mda.pl\/de\/?s={search_term_string}"},"query-input":"required name=search_term_string"}],"inLanguage":"de-DE"}]}},"_links":{"self":[{"href":"https:\/\/bdm-stg.mda.pl\/de\/wp-json\/wp\/v2\/pages\/172033"}],"collection":[{"href":"https:\/\/bdm-stg.mda.pl\/de\/wp-json\/wp\/v2\/pages"}],"about":[{"href":"https:\/\/bdm-stg.mda.pl\/de\/wp-json\/wp\/v2\/types\/page"}],"replies":[{"embeddable":true,"href":"https:\/\/bdm-stg.mda.pl\/de\/wp-json\/wp\/v2\/comments?post=172033"}],"version-history":[{"count":1,"href":"https:\/\/bdm-stg.mda.pl\/de\/wp-json\/wp\/v2\/pages\/172033\/revisions"}],"predecessor-version":[{"id":172047,"href":"https:\/\/bdm-stg.mda.pl\/de\/wp-json\/wp\/v2\/pages\/172033\/revisions\/172047"}],"up":[{"embeddable":true,"href":"https:\/\/bdm-stg.mda.pl\/de\/wp-json\/wp\/v2\/pages\/171864"}],"wp:featuredmedia":[{"embeddable":true,"href":"https:\/\/bdm-stg.mda.pl\/de\/wp-json\/wp\/v2\/media\/121434"}],"wp:attachment":[{"href":"https:\/\/bdm-stg.mda.pl\/de\/wp-json\/wp\/v2\/media?parent=172033"}],"curies":[{"name":"wp","href":"https:\/\/api.w.org\/{rel}","templated":true}]}}