{"id":172068,"date":"2023-10-13T08:39:12","date_gmt":"2023-10-13T08:39:12","guid":{"rendered":"https:\/\/bdm-stg.mda.pl\/integriertes-managementsystem\/"},"modified":"2024-07-11T15:06:36","modified_gmt":"2024-07-11T15:06:36","slug":"integriertes-managementsystem","status":"publish","type":"page","link":"https:\/\/bdm-stg.mda.pl\/de\/esg-englisch\/integriertes-managementsystem\/","title":{"rendered":"Integriertes Managementsystem"},"content":{"rendered":"\n<section id=\"block_8f874bf6ca7105642790b391b7f68426\" class=\"text-block   section-margin-120\">\n    <div class=\"container\">\n        <div class=\"row\">\n            <div class=\"col-24 col-lg-18\">\n                                                    <div class=\"text-block__top-texts under-h2\">\n                        <h2 class=\"text-block__title\">Integriertes Managementsystem<\/h2>\n                                            <\/div>\n                                                                    <div class=\"text-block__entry-text text-editor under-h5\"><p>Wir verwenden moderne, effektive und umweltvertr\u00e4gliche technologische L\u00f6sungen. Wir arbeiten zuverl\u00e4ssig und professionell auf Basis internationaler Managementstandards. Wir bieten Dienstleistungen von h\u00f6chster Qualit\u00e4t, die ideal auf die Bed\u00fcrfnisse unserer Kunden zugeschnitten sind, um die negativen Auswirkungen auf die nat\u00fcrliche Umwelt zu minimieren.<\/p><\/div>\n                                                    <div class=\"text-block__text text-editor\"><p>Bei der Umsetzung von Investitionsprojekten verwenden wir das Integrierte Managementsystem, einschlie\u00dflich: Qualit\u00e4tsmanagementsystem nach ISO 9001, Umweltmanagementsystem nach ISO 14001, Arbeitsschutzmanagementsystem nach 45001 und Qualit\u00e4tssicherungssystem basierend auf den Anforderungen der NATO-Norm AQAP 2110. Die Wirksamkeit dieser Systeme wird durch die verliehenen Zertifikate und die st\u00e4ndige \u00dcberwachung durch externe Zertifizierungsstellen best\u00e4tigt.<\/p><\/div>\n                            <\/div>\n                                                                                                                                <\/div>\n    <\/div>\n<\/section> \n<section id=\"block_a5e60c7211b88e0555934e4621618464\" class=\"attachments section-margin-120\" data-attachments >\n    <div class=\"container\">\n        <div class=\"row attachments__content  -remove-margin\">\n            <div class=\"col-24\">\n                                                                    <a class=\"attachments__link button button--new-gold small -wcag-black\" href=\"\">\n                        <span class=\"typo-14\"><\/span>\n                    <\/a>\n                            <\/div>\n                    <\/div>\n                            <div class=\"row\">\n                <div class=\"col-24\">\n                    <div class=\"attachments__tabs\">\n                        \n<div \n    class=\"filter-switcher \"\n    data-filter-switcher\n                >\n        <div class=\"filter-switcher__item current\">\n            <button class=\"filter-switcher__button\" data-filter-switcher-current>\n                                <p class=\"filter-switcher__buttonText\" data-filter-switcher-current-text>\n                    Wybierz kategori\u0119                <\/p>\n                                    <div class=\"filter-switcher__toggle icon icon-arrow-down\"><\/div>\n                            <\/button>\n        <\/div>\n    <ul class=\"filter-switcher__wrapper columns-3\" data-filter-switcher-wrapper>\n                    <li class=\"filter-switcher__item\">\n            <button \n                class=\"filter-switcher__button \" \n                data-filter-switcher-item=\"POLITIK-0\"\n                data-filter-switcher-settings=\"\"\n                            >\n                                <p class=\"filter-switcher__buttonText\" data-filter-switcher-item-name>POLITIK<\/p>\n            <\/button>\n                    <\/li>\n                    <li class=\"filter-switcher__item\">\n            <button \n                class=\"filter-switcher__button \" \n                data-filter-switcher-item=\"ATTESTE-1\"\n                data-filter-switcher-settings=\"\"\n                            >\n                                <p class=\"filter-switcher__buttonText\" data-filter-switcher-item-name>ATTESTE<\/p>\n            <\/button>\n                    <\/li>\n                    <li class=\"filter-switcher__item\">\n            <button \n                class=\"filter-switcher__button \" \n                data-filter-switcher-item=\"QUALIT\u00c4T DER UMSETZUNG-2\"\n                data-filter-switcher-settings=\"\"\n                            >\n                                <p class=\"filter-switcher__buttonText\" data-filter-switcher-item-name>QUALIT\u00c4T DER UMSETZUNG<\/p>\n            <\/button>\n                    <\/li>\n        <\/ul>\n<\/div>                    <\/div>\n                <\/div>\n            <\/div>\n            <div class=\"attachments__groups\">\n                                    <div\n                        class=\"row attachments__group attachments__group--3 active\"\n                        data-attachments-group=\"POLITIK-0\">\n                                                                                    <div class=\"col-24 col-lg-8 attachments__file\">\n                                    <div class=\"attachments__fileItem\">\n                                        \n<div class=\"card-attachment \">\n                <div class=\"card-attachment__inner\">\n            <div class=\"card-attachment__title\">\n                <p class=\"typo-h5 f-700\">Politik<\/p>\n            <\/div>\n                        <div class=\"card-attachment__bottom\">\n                                    <a href=\"https:\/\/bdm-stg.mda.pl\/app\/uploads\/2024\/03\/940xX_940xX_Polityka_ZSZ_PL.jpg\" class=\"card-attachment__icon\" target=\"_blank\" download>\n                        <img decoding=\"async\" src=\"https:\/\/bdm-stg.mda.pl\/app\/themes\/main\/dist\/img\/booklet-download-icon.svg\" alt=\"Pobierz plik - ikonka\">\n                    <\/a>\n                    <div class=\"card-attachment__download\">\n                        <a class=\"typo-14\" href=\"https:\/\/bdm-stg.mda.pl\/app\/uploads\/2024\/03\/940xX_940xX_Polityka_ZSZ_PL.jpg\" target=\"_blank\" download>Pobierz plik JPG<\/a>\n                    <\/div>\n                            <\/div>\n                    <\/div>\n    <\/div>                                    <\/div>\n                                <\/div>\n                                                    \n                        \n                                            <\/div>\n                                    <div\n                        class=\"row attachments__group attachments__group--3 \"\n                        data-attachments-group=\"ATTESTE-1\">\n                                                                                    <div class=\"col-24 col-lg-8 attachments__file\">\n                                    <div class=\"attachments__fileItem\">\n                                        \n<div class=\"card-attachment \">\n                <div class=\"card-attachment__inner\">\n            <div class=\"card-attachment__title\">\n                <p class=\"typo-h5 f-700\">ISO 50001<\/p>\n            <\/div>\n                        <div class=\"card-attachment__bottom\">\n                                    <a href=\"https:\/\/bdm-stg.mda.pl\/app\/uploads\/2024\/03\/iso_50001_PL_2020.pdf\" class=\"card-attachment__icon\" target=\"_blank\" download>\n                        <img decoding=\"async\" src=\"https:\/\/bdm-stg.mda.pl\/app\/themes\/main\/src\/img\/icon_pdf.png\" alt=\"Pobierz plik - ikonka\">\n                    <\/a>\n                    <div class=\"card-attachment__download\">\n                        <a class=\"typo-14\" href=\"https:\/\/bdm-stg.mda.pl\/app\/uploads\/2024\/03\/iso_50001_PL_2020.pdf\" target=\"_blank\" download>Pobierz plik PDF<\/a>\n                    <\/div>\n                            <\/div>\n                    <\/div>\n    <\/div>                                    <\/div>\n                                <\/div>\n                                                            <div class=\"col-24 col-lg-8 attachments__file\">\n                                    <div class=\"attachments__fileItem\">\n                                        \n<div class=\"card-attachment \">\n                <div class=\"card-attachment__inner\">\n            <div class=\"card-attachment__title\">\n                <p class=\"typo-h5 f-700\">ISO 9001<\/p>\n            <\/div>\n                        <div class=\"card-attachment__bottom\">\n                                    <a href=\"https:\/\/bdm-stg.mda.pl\/app\/uploads\/2024\/03\/ISO_9001_PL_2022.pdf\" class=\"card-attachment__icon\" target=\"_blank\" download>\n                        <img decoding=\"async\" src=\"https:\/\/bdm-stg.mda.pl\/app\/themes\/main\/src\/img\/icon_pdf.png\" alt=\"Pobierz plik - ikonka\">\n                    <\/a>\n                    <div class=\"card-attachment__download\">\n                        <a class=\"typo-14\" href=\"https:\/\/bdm-stg.mda.pl\/app\/uploads\/2024\/03\/ISO_9001_PL_2022.pdf\" target=\"_blank\" download>Pobierz plik PDF<\/a>\n                    <\/div>\n                            <\/div>\n                    <\/div>\n    <\/div>                                    <\/div>\n                                <\/div>\n                                                            <div class=\"col-24 col-lg-8 attachments__file\">\n                                    <div class=\"attachments__fileItem\">\n                                        \n<div class=\"card-attachment \">\n                <div class=\"card-attachment__inner\">\n            <div class=\"card-attachment__title\">\n                <p class=\"typo-h5 f-700\">ISO 14001<\/p>\n            <\/div>\n                        <div class=\"card-attachment__bottom\">\n                                    <a href=\"https:\/\/bdm-stg.mda.pl\/app\/uploads\/2024\/03\/Budimex_14001_certificate_pl_2023.pdf\" class=\"card-attachment__icon\" target=\"_blank\" download>\n                        <img decoding=\"async\" src=\"https:\/\/bdm-stg.mda.pl\/app\/themes\/main\/src\/img\/icon_pdf.png\" alt=\"Pobierz plik - ikonka\">\n                    <\/a>\n                    <div class=\"card-attachment__download\">\n                        <a class=\"typo-14\" href=\"https:\/\/bdm-stg.mda.pl\/app\/uploads\/2024\/03\/Budimex_14001_certificate_pl_2023.pdf\" target=\"_blank\" download>Pobierz plik PDF<\/a>\n                    <\/div>\n                            <\/div>\n                    <\/div>\n    <\/div>                                    <\/div>\n                                <\/div>\n                                                            <div class=\"col-24 col-lg-8 attachments__file\">\n                                    <div class=\"attachments__fileItem\">\n                                        \n<div class=\"card-attachment \">\n                <div class=\"card-attachment__inner\">\n            <div class=\"card-attachment__title\">\n                <p class=\"typo-h5 f-700\">ISO\/IEC 27001<\/p>\n            <\/div>\n                        <div class=\"card-attachment__bottom\">\n                                    <a href=\"https:\/\/bdm-stg.mda.pl\/app\/uploads\/2024\/03\/certificate_Budimex_27001_pl_2022.pdf\" class=\"card-attachment__icon\" target=\"_blank\" download>\n                        <img decoding=\"async\" src=\"https:\/\/bdm-stg.mda.pl\/app\/themes\/main\/src\/img\/icon_pdf.png\" alt=\"Pobierz plik - ikonka\">\n                    <\/a>\n                    <div class=\"card-attachment__download\">\n                        <a class=\"typo-14\" href=\"https:\/\/bdm-stg.mda.pl\/app\/uploads\/2024\/03\/certificate_Budimex_27001_pl_2022.pdf\" target=\"_blank\" download>Pobierz plik PDF<\/a>\n                    <\/div>\n                            <\/div>\n                    <\/div>\n    <\/div>                                    <\/div>\n                                <\/div>\n                                                            <div class=\"col-24 col-lg-8 attachments__file\">\n                                    <div class=\"attachments__fileItem\">\n                                        \n<div class=\"card-attachment \">\n                <div class=\"card-attachment__inner\">\n            <div class=\"card-attachment__title\">\n                <p class=\"typo-h5 f-700\">ISO 45001<\/p>\n            <\/div>\n                        <div class=\"card-attachment__bottom\">\n                                    <a href=\"https:\/\/bdm-stg.mda.pl\/app\/uploads\/2024\/03\/Budimex_45001_certificate_pl_2022.pdf\" class=\"card-attachment__icon\" target=\"_blank\" download>\n                        <img decoding=\"async\" src=\"https:\/\/bdm-stg.mda.pl\/app\/themes\/main\/src\/img\/icon_pdf.png\" alt=\"Pobierz plik - ikonka\">\n                    <\/a>\n                    <div class=\"card-attachment__download\">\n                        <a class=\"typo-14\" href=\"https:\/\/bdm-stg.mda.pl\/app\/uploads\/2024\/03\/Budimex_45001_certificate_pl_2022.pdf\" target=\"_blank\" download>Pobierz plik PDF<\/a>\n                    <\/div>\n                            <\/div>\n                    <\/div>\n    <\/div>                                    <\/div>\n                                <\/div>\n                                                            <div class=\"col-24 col-lg-8 attachments__file\">\n                                    <div class=\"attachments__fileItem\">\n                                        \n<div class=\"card-attachment \">\n                <div class=\"card-attachment__inner\">\n            <div class=\"card-attachment__title\">\n                <p class=\"typo-h5 f-700\">ISO\/IEC 20000<\/p>\n            <\/div>\n                        <div class=\"card-attachment__bottom\">\n                                    <a href=\"https:\/\/bdm-stg.mda.pl\/app\/uploads\/2024\/03\/ISO_20000.pdf\" class=\"card-attachment__icon\" target=\"_blank\" download>\n                        <img decoding=\"async\" src=\"https:\/\/bdm-stg.mda.pl\/app\/themes\/main\/src\/img\/icon_pdf.png\" alt=\"Pobierz plik - ikonka\">\n                    <\/a>\n                    <div class=\"card-attachment__download\">\n                        <a class=\"typo-14\" href=\"https:\/\/bdm-stg.mda.pl\/app\/uploads\/2024\/03\/ISO_20000.pdf\" target=\"_blank\" download>Pobierz plik PDF<\/a>\n                    <\/div>\n                            <\/div>\n                    <\/div>\n    <\/div>                                    <\/div>\n                                <\/div>\n                                                    \n                        \n                                            <\/div>\n                                    <div\n                        class=\"row attachments__group attachments__group--3 \"\n                        data-attachments-group=\"QUALIT\u00c4T DER UMSETZUNG-2\">\n                                                                                    <div class=\"col-24 col-lg-8 attachments__file\">\n                                    <div class=\"attachments__fileItem\">\n                                        \n<div class=\"card-attachment \">\n                <div class=\"card-attachment__inner\">\n            <div class=\"card-attachment__title\">\n                <p class=\"typo-h5 f-700\">AQAP 2110<\/p>\n            <\/div>\n                        <div class=\"card-attachment__bottom\">\n                                    <a href=\"https:\/\/bdm-stg.mda.pl\/app\/uploads\/2024\/03\/ISO_9001_i_AQAP_2110.pdf\" class=\"card-attachment__icon\" target=\"_blank\" download>\n                        <img decoding=\"async\" src=\"https:\/\/bdm-stg.mda.pl\/app\/themes\/main\/src\/img\/icon_pdf.png\" alt=\"Pobierz plik - ikonka\">\n                    <\/a>\n                    <div class=\"card-attachment__download\">\n                        <a class=\"typo-14\" href=\"https:\/\/bdm-stg.mda.pl\/app\/uploads\/2024\/03\/ISO_9001_i_AQAP_2110.pdf\" target=\"_blank\" download>Pobierz plik PDF<\/a>\n                    <\/div>\n                            <\/div>\n                    <\/div>\n    <\/div>                                    <\/div>\n                                <\/div>\n                                                            <div class=\"col-24 col-lg-8 attachments__file\">\n                                    <div class=\"attachments__fileItem\">\n                                        \n<div class=\"card-attachment \">\n                <div class=\"card-attachment__inner\">\n            <div class=\"card-attachment__title\">\n                <p class=\"typo-h5 f-700\">NCAGE<\/p>\n            <\/div>\n                        <div class=\"card-attachment__bottom\">\n                                    <a href=\"https:\/\/bdm-stg.mda.pl\/app\/uploads\/2024\/03\/940xX_Budimex_NCAGE.jpg\" class=\"card-attachment__icon\" target=\"_blank\" download>\n                        <img decoding=\"async\" src=\"https:\/\/bdm-stg.mda.pl\/app\/themes\/main\/dist\/img\/booklet-download-icon.svg\" alt=\"Pobierz plik - ikonka\">\n                    <\/a>\n                    <div class=\"card-attachment__download\">\n                        <a class=\"typo-14\" href=\"https:\/\/bdm-stg.mda.pl\/app\/uploads\/2024\/03\/940xX_Budimex_NCAGE.jpg\" target=\"_blank\" download>Pobierz plik JPG<\/a>\n                    <\/div>\n                            <\/div>\n                    <\/div>\n    <\/div>                                    <\/div>\n                                <\/div>\n                                                            <div class=\"col-24 col-lg-8 attachments__file\">\n                                    <div class=\"attachments__fileItem\">\n                                        \n<div class=\"card-attachment \">\n                <div class=\"card-attachment__inner\">\n            <div class=\"card-attachment__title\">\n                <p class=\"typo-h5 f-700\">PN-EN ISO 3834<\/p>\n            <\/div>\n                        <div class=\"card-attachment__bottom\">\n                                    <a href=\"https:\/\/bdm-stg.mda.pl\/app\/uploads\/2024\/03\/ISO_3834_PL.pdf\" class=\"card-attachment__icon\" target=\"_blank\" download>\n                        <img decoding=\"async\" src=\"https:\/\/bdm-stg.mda.pl\/app\/themes\/main\/src\/img\/icon_pdf.png\" alt=\"Pobierz plik - ikonka\">\n                    <\/a>\n                    <div class=\"card-attachment__download\">\n                        <a class=\"typo-14\" href=\"https:\/\/bdm-stg.mda.pl\/app\/uploads\/2024\/03\/ISO_3834_PL.pdf\" target=\"_blank\" download>Pobierz plik PDF<\/a>\n                    <\/div>\n                            <\/div>\n                    <\/div>\n    <\/div>                                    <\/div>\n                                <\/div>\n                                                    \n                        \n                                            <\/div>\n                            <\/div>\n            <\/div>\n<\/section> ","protected":false},"excerpt":{"rendered":"","protected":false},"author":0,"featured_media":0,"parent":171440,"menu_order":17,"comment_status":"closed","ping_status":"closed","template":"page-templates\/gutenberg-text-hero.php","meta":{"_acf_changed":false,"inline_featured_image":false,"footnotes":""},"acf":[],"yoast_head":"<!-- This site is optimized with the Yoast SEO plugin v22.5 - https:\/\/yoast.com\/wordpress\/plugins\/seo\/ -->\n<title>Integriertes Managementsystem - Budimex<\/title>\n<meta name=\"robots\" content=\"noindex, follow, max-snippet:-1, max-image-preview:large, max-video-preview:-1\" \/>\n<meta property=\"og:locale\" content=\"de_DE\" \/>\n<meta property=\"og:type\" content=\"article\" \/>\n<meta property=\"og:title\" content=\"Integriertes Managementsystem - Budimex\" \/>\n<meta property=\"og:url\" content=\"https:\/\/bdm-stg.mda.pl\/de\/esg-englisch\/integriertes-managementsystem\/\" \/>\n<meta property=\"og:site_name\" content=\"Budimex\" \/>\n<meta property=\"article:modified_time\" content=\"2024-07-11T15:06:36+00:00\" \/>\n<meta name=\"twitter:card\" content=\"summary_large_image\" \/>\n<script type=\"application\/ld+json\" class=\"yoast-schema-graph\">{\"@context\":\"https:\/\/schema.org\",\"@graph\":[{\"@type\":\"WebPage\",\"@id\":\"https:\/\/bdm-stg.mda.pl\/de\/esg-englisch\/integriertes-managementsystem\/\",\"url\":\"https:\/\/bdm-stg.mda.pl\/de\/esg-englisch\/integriertes-managementsystem\/\",\"name\":\"Integriertes Managementsystem - Budimex\",\"isPartOf\":{\"@id\":\"https:\/\/bdm-stg.mda.pl\/de\/#website\"},\"datePublished\":\"2023-10-13T08:39:12+00:00\",\"dateModified\":\"2024-07-11T15:06:36+00:00\",\"breadcrumb\":{\"@id\":\"https:\/\/bdm-stg.mda.pl\/de\/esg-englisch\/integriertes-managementsystem\/#breadcrumb\"},\"inLanguage\":\"de-DE\",\"potentialAction\":[{\"@type\":\"ReadAction\",\"target\":[\"https:\/\/bdm-stg.mda.pl\/de\/esg-englisch\/integriertes-managementsystem\/\"]}]},{\"@type\":\"BreadcrumbList\",\"@id\":\"https:\/\/bdm-stg.mda.pl\/de\/esg-englisch\/integriertes-managementsystem\/#breadcrumb\",\"itemListElement\":[{\"@type\":\"ListItem\",\"position\":1,\"name\":\"Strona g\u0142\u00f3wna\",\"item\":\"https:\/\/bdm-stg.mda.pl\/de\/\"},{\"@type\":\"ListItem\",\"position\":2,\"name\":\"ESG (Englisch)\",\"item\":\"https:\/\/bdm-stg.mda.pl\/de\/esg-englisch\/\"},{\"@type\":\"ListItem\",\"position\":3,\"name\":\"Integriertes Managementsystem\"}]},{\"@type\":\"WebSite\",\"@id\":\"https:\/\/bdm-stg.mda.pl\/de\/#website\",\"url\":\"https:\/\/bdm-stg.mda.pl\/de\/\",\"name\":\"Budimex\",\"description\":\"\",\"potentialAction\":[{\"@type\":\"SearchAction\",\"target\":{\"@type\":\"EntryPoint\",\"urlTemplate\":\"https:\/\/bdm-stg.mda.pl\/de\/?s={search_term_string}\"},\"query-input\":\"required name=search_term_string\"}],\"inLanguage\":\"de-DE\"}]}<\/script>\n<!-- \/ Yoast SEO plugin. -->","yoast_head_json":{"title":"Integriertes Managementsystem - Budimex","robots":{"index":"noindex","follow":"follow","max-snippet":"max-snippet:-1","max-image-preview":"max-image-preview:large","max-video-preview":"max-video-preview:-1"},"og_locale":"de_DE","og_type":"article","og_title":"Integriertes Managementsystem - Budimex","og_url":"https:\/\/bdm-stg.mda.pl\/de\/esg-englisch\/integriertes-managementsystem\/","og_site_name":"Budimex","article_modified_time":"2024-07-11T15:06:36+00:00","twitter_card":"summary_large_image","schema":{"@context":"https:\/\/schema.org","@graph":[{"@type":"WebPage","@id":"https:\/\/bdm-stg.mda.pl\/de\/esg-englisch\/integriertes-managementsystem\/","url":"https:\/\/bdm-stg.mda.pl\/de\/esg-englisch\/integriertes-managementsystem\/","name":"Integriertes Managementsystem - Budimex","isPartOf":{"@id":"https:\/\/bdm-stg.mda.pl\/de\/#website"},"datePublished":"2023-10-13T08:39:12+00:00","dateModified":"2024-07-11T15:06:36+00:00","breadcrumb":{"@id":"https:\/\/bdm-stg.mda.pl\/de\/esg-englisch\/integriertes-managementsystem\/#breadcrumb"},"inLanguage":"de-DE","potentialAction":[{"@type":"ReadAction","target":["https:\/\/bdm-stg.mda.pl\/de\/esg-englisch\/integriertes-managementsystem\/"]}]},{"@type":"BreadcrumbList","@id":"https:\/\/bdm-stg.mda.pl\/de\/esg-englisch\/integriertes-managementsystem\/#breadcrumb","itemListElement":[{"@type":"ListItem","position":1,"name":"Strona g\u0142\u00f3wna","item":"https:\/\/bdm-stg.mda.pl\/de\/"},{"@type":"ListItem","position":2,"name":"ESG (Englisch)","item":"https:\/\/bdm-stg.mda.pl\/de\/esg-englisch\/"},{"@type":"ListItem","position":3,"name":"Integriertes Managementsystem"}]},{"@type":"WebSite","@id":"https:\/\/bdm-stg.mda.pl\/de\/#website","url":"https:\/\/bdm-stg.mda.pl\/de\/","name":"Budimex","description":"","potentialAction":[{"@type":"SearchAction","target":{"@type":"EntryPoint","urlTemplate":"https:\/\/bdm-stg.mda.pl\/de\/?s={search_term_string}"},"query-input":"required name=search_term_string"}],"inLanguage":"de-DE"}]}},"_links":{"self":[{"href":"https:\/\/bdm-stg.mda.pl\/de\/wp-json\/wp\/v2\/pages\/172068"}],"collection":[{"href":"https:\/\/bdm-stg.mda.pl\/de\/wp-json\/wp\/v2\/pages"}],"about":[{"href":"https:\/\/bdm-stg.mda.pl\/de\/wp-json\/wp\/v2\/types\/page"}],"replies":[{"embeddable":true,"href":"https:\/\/bdm-stg.mda.pl\/de\/wp-json\/wp\/v2\/comments?post=172068"}],"version-history":[{"count":1,"href":"https:\/\/bdm-stg.mda.pl\/de\/wp-json\/wp\/v2\/pages\/172068\/revisions"}],"predecessor-version":[{"id":172091,"href":"https:\/\/bdm-stg.mda.pl\/de\/wp-json\/wp\/v2\/pages\/172068\/revisions\/172091"}],"up":[{"embeddable":true,"href":"https:\/\/bdm-stg.mda.pl\/de\/wp-json\/wp\/v2\/pages\/171440"}],"wp:attachment":[{"href":"https:\/\/bdm-stg.mda.pl\/de\/wp-json\/wp\/v2\/media?parent=172068"}],"curies":[{"name":"wp","href":"https:\/\/api.w.org\/{rel}","templated":true}]}}