{"id":135367,"date":"2024-03-27T12:32:43","date_gmt":"2024-03-27T12:32:43","guid":{"rendered":"https:\/\/bdm-stg.mda.pl\/prospectus\/"},"modified":"2025-07-07T23:15:54","modified_gmt":"2025-07-07T22:15:54","slug":"prospectus","status":"publish","type":"page","link":"https:\/\/bdm-stg.mda.pl\/en\/investor-relations\/information-for-investors\/prospectus\/","title":{"rendered":"Prospectus"},"content":{"rendered":"\n<section id=\"block_37fbfb5f7d806c027ef8e18264e27ff0\" class=\"text-block   section-margin-120\">\n    <div class=\"container\">\n        <div class=\"row\">\n            <div class=\"col-24 col-lg-18\">\n                                                    <div class=\"text-block__top-texts under-h2\">\n                        <h2 class=\"text-block__title\">Prospectus<\/h2>\n                                            <\/div>\n                                                                                    <div class=\"text-block__text text-editor\"><p>Pursuant to\u00a0\u00a7 6 point 3 of the Regulation of the Council of Ministers of 15 December 1998. (Journal of Laws No. 160, item 1072), we\u00a0would like to\u00a0inform you that the electronic version of the Prospectus for Series L Shares of Budimex SA is published for information purposes only.<\/p>\n<p>The Prospectus of Budimex SA Shares in\u00a0a\u00a0printed version with attachments and information updating it is available at: at\u00a0the Issuer\u2019s registered office \u2013 ul.\u00a0Siedmiogrodzka 9, 01-204 Warsaw<\/p>\n<ul>\n<li>at\u00a0the Information Center of the Securities and Exchange Commission \u2013 Pl.\u00a0Powsta\u0144c\u00f3w Warszawy 1 in\u00a0Warsaw<\/li>\n<li>at\u00a0Customer Service Points of brokerage houses<\/li>\n<li>at\u00a0the Promotion Centre of the Warsaw Stock Exchange SA \u2013 ul.\u00a0Ksi\u0105\u017c\u0119ca 4 in\u00a0Warsaw<\/li>\n<\/ul>\n<p>The introduction of Series L Shares to\u00a0public trading takes place without the consent of KPWiG, on\u00a0the basis of the Notification of Issue, in\u00a0accordance with Art. Article 63 of the Law on\u00a0Public Trading in\u00a0Securities. The issue can only be\u00a0participated in\u00a0in\u00a0the territory of the Republic of Poland. In\u00a0other countries, the Prospectus may be\u00a0treated only as\u00a0information material.<\/p><\/div>\n                            <\/div>\n                                                                                                                                <\/div>\n    <\/div>\n<\/section>\n<section id=\"block_7c27132c8c79d96373a9ea6c20ed30fa\" class=\"counter \">\n            <img loading=\"lazy\" decoding=\"async\" width=\"1024\" height=\"650\" src=\"https:\/\/bdm-stg.mda.pl\/app\/uploads\/2024\/03\/585cb9ed38c6a3744d16c685c6e209de.jpeg\" class=\"counter__bg-image\" alt=\"\" \/>        <svg width=\"376\" height=\"438\" viewBox=\"0 0 376 438\" fill=\"none\" xmlns=\"http:\/\/www.w3.org\/2000\/svg\" class=\"counter__lines\">\n        <mask id=\"mask0_0_4\" style=\"mask-type:alpha\" maskUnits=\"userSpaceOnUse\" x=\"0\" y=\"0\" width=\"376\" height=\"438\">\n            <rect width=\"376\" height=\"438\" fill=\"#D9D9D9\"\/>\n        <\/mask>\n        <g mask=\"url(#mask0_0_4)\">\n            <path d=\"M183.634 474.049C163.653 364.596 290.916 345.137 364.767 324.002C490.095 300.158 505.348 383.735 501.472 508.861C499.195 582.366 397.055 595.166 340.052 600.259C283.049 605.353 200.211 564.863 183.634 474.049Z\" stroke=\"#FFE27D\" stroke-width=\"2\" stroke-dasharray=\"28.71 10.77\"\/>\n            <path d=\"M520.535 385.451C452.715 438.337 393.582 371.001 352.521 335.628C291.079 271.075 342.867 230.694 430.012 185.908C481.205 159.599 526.735 214.702 550.739 246.225C574.743 277.749 576.805 341.571 520.535 385.451Z\" stroke=\"#FFE27D\" stroke-width=\"2\"\/>\n        <\/g>\n    <\/svg>\n\n    <div class=\"container\">\n        <div class=\"counter__content\">\n                            <h2 class=\"counter__title under-h3\">Budimex in&nbsp;numbers<\/h2>\n                                        <div class=\"counter__counters-wrapper\">\n                    <div class=\"row justify-content-between\">\n                                                                                    <div class=\"col-12 col-lg-6\">\n                                    <div class=\"counter__single-counter\">\n                                        <div class=\"counter__single-counter-top-wrapper\">\n                                                                                        <p class=\"counter__single-counter-number js-counter-item\" data-count=\"13\">\n                                                0\n                                            <\/p>\n                                                                                    <\/div>\n                                        <p class=\"counter__single-counter-text typo-24\">\n                                            Budimex Group&#8217;s order backlog at\u00a0the end of 2023 (PLN billion\u00a0)                                        <\/p>\n                                    <\/div>\n                                <\/div>\n                                                                                                                <div class=\"col-12 col-lg-6\">\n                                    <div class=\"counter__single-counter\">\n                                        <div class=\"counter__single-counter-top-wrapper\">\n                                                                                        <p class=\"counter__single-counter-number js-counter-item\" data-count=\"9802\">\n                                                0\n                                            <\/p>\n                                                                                    <\/div>\n                                        <p class=\"counter__single-counter-text typo-24\">\n                                            Budimex Group&#8217;s revenues in\u00a02023 (PLN million\u00a0)                                        <\/p>\n                                    <\/div>\n                                <\/div>\n                                                                                                                <div class=\"col-12 col-lg-6\">\n                                    <div class=\"counter__single-counter\">\n                                        <div class=\"counter__single-counter-top-wrapper\">\n                                                                                        <p class=\"counter__single-counter-number js-counter-item\" data-count=\"562\">\n                                                0\n                                            <\/p>\n                                                                                    <\/div>\n                                        <p class=\"counter__single-counter-text typo-24\">\n                                            EBIT of the Budimex Group in\u00a02023 (PLN M\u00a0)                                        <\/p>\n                                    <\/div>\n                                <\/div>\n                                                                                                                <div class=\"col-12 col-lg-6\">\n                                    <div class=\"counter__single-counter\">\n                                        <div class=\"counter__single-counter-top-wrapper\">\n                                                                                        <p class=\"counter__single-counter-number js-counter-item\" data-count=\"7388\">\n                                                0\n                                            <\/p>\n                                                                                    <\/div>\n                                        <p class=\"counter__single-counter-text typo-24\">\n                                            completed construction contracts                                        <\/p>\n                                    <\/div>\n                                <\/div>\n                                                                        <\/div>\n                <\/div>\n                    <\/div>\n    <\/div>\n<\/section>    <section id=\"block_4430bc32b8dc64f6d78f982215fe4199\" class=\"contact-box  dark \">\n        <div class=\"contact-box__wrapper\">\n            <div class=\"container\">\n                <div class=\"row align-items-center\">\n                    <div class=\"col-24 col-lg-6\">\n                        <div class=\"contact-box__text\">\n                            <div class=\"contact-box__header under-h3\">\n                                <h2 class=\"typo-h2\">Contact us!<\/h2>\n                            <\/div>\n                            <div class=\"contact-box__excerpt\">\n                                <p class=\"typo-24\">Contact details of people responsible for communication with investors.<\/p>\n                            <\/div>\n                                                    <\/div>\n                    <\/div>\n                    <div class=\"col-24 col-lg-18\">\n                        <div class=\"contact-box__contacts-list\">\n                            <div class=\"row swiper-wrapper contact-box__list-row\">\n                                                                    <div class=\"col-24 col-lg-8 swiper-slide contact-box__box-col\">\n                                                                                <div class=\"contact-box__person\">\n                                                                                            <div class=\"contact-box__personImage\">\n                                                    <img decoding=\"async\" src=\"https:\/\/bdm-stg.mda.pl\/app\/uploads\/2023\/10\/Rectangle-25-19-1.png\" alt=\"\">\n                                                <\/div>\n                                                                                        <div class=\"contact-box__personData d-flex flex-column justify-content-between\">\n                                                <div>\n                                                    <h5 class=\"contact-box__personName\">Micha\u0142 Kielin<\/h5>\n                                                                                                            <p class=\"contact-box__personPosition\">Head of Affairs Investor Relations\u00a0and Analysis<\/p>\n                                                                                                    <\/div>\n                                                <div>\n                                                                                                                                                                <a href=\"tel:+48 797 603 382\" class=\"contact-box__personEmail typo-14\"><i class=\"icon typo-18 icon-phone-outline d-flex color-gold-100\"><\/i>+48 797 603 382<\/a>\n                                                                                                                                                                <a href=\"mailto:michal.kielin@budimex.pl\" class=\"contact-box__personEmail typo-14\"><i class=\"icon typo-18 icon-email d-flex color-gold-100\"><\/i>michal.kielin@budimex.pl<\/a>\n                                                                                                    <\/div>\n                                            <\/div>\n                                        <\/div>\n                                    <\/div>\n                                                                    <div class=\"col-24 col-lg-8 swiper-slide contact-box__box-col\">\n                                                                                <div class=\"contact-box__person\">\n                                                                                            <div class=\"contact-box__personImage\">\n                                                    <img decoding=\"async\" src=\"https:\/\/bdm-stg.mda.pl\/app\/uploads\/2024\/02\/Rectangle-25-20-1.png\" alt=\"\">\n                                                <\/div>\n                                                                                        <div class=\"contact-box__personData d-flex flex-column justify-content-between\">\n                                                <div>\n                                                    <h5 class=\"contact-box__personName\">Kamil Sochanek<\/h5>\n                                                                                                            <p class=\"contact-box__personPosition\">Head of Affairs investor relations<\/p>\n                                                                                                    <\/div>\n                                                <div>\n                                                                                                                                                                <a href=\"tel:+48 690 171 835\" class=\"contact-box__personEmail typo-14\"><i class=\"icon typo-18 icon-phone-outline d-flex color-gold-100\"><\/i>+48 690 171 835<\/a>\n                                                                                                                                                                <a href=\"mailto:kamil.sochanek@budimex.pl\" class=\"contact-box__personEmail typo-14\"><i class=\"icon typo-18 icon-email d-flex color-gold-100\"><\/i>kamil.sochanek@budimex.pl<\/a>\n                                                                                                    <\/div>\n                                            <\/div>\n                                        <\/div>\n                                    <\/div>\n                                                            <\/div>\n                                                            <div class=\"d-lg-none contact-box__pagination-wrapper\">\n                                    <div class=\"swiper-pagination-contact-box bottom-pagination\"><\/div>\n                                <\/div>\n                                                    <\/div>\n                    <\/div>\n                <\/div>\n            <\/div>\n        <\/div>\n    <\/section>\n","protected":false},"excerpt":{"rendered":"","protected":false},"author":9,"featured_media":0,"parent":135744,"menu_order":80,"comment_status":"closed","ping_status":"closed","template":"page-templates\/page-raport.php","meta":{"_acf_changed":false,"inline_featured_image":false,"footnotes":""},"acf":[],"yoast_head":"<!-- This site is optimized with the Yoast SEO plugin v22.5 - https:\/\/yoast.com\/wordpress\/plugins\/seo\/ -->\n<title>Prospectus - Budimex<\/title>\n<meta name=\"robots\" content=\"noindex, follow, max-snippet:-1, max-image-preview:large, max-video-preview:-1\" \/>\n<meta property=\"og:locale\" content=\"en_US\" \/>\n<meta property=\"og:type\" content=\"article\" \/>\n<meta property=\"og:title\" content=\"Prospectus - Budimex\" \/>\n<meta property=\"og:url\" content=\"https:\/\/bdm-stg.mda.pl\/en\/investor-relations\/information-for-investors\/prospectus\/\" \/>\n<meta property=\"og:site_name\" content=\"Budimex\" \/>\n<meta property=\"article:modified_time\" content=\"2025-07-07T22:15:54+00:00\" \/>\n<meta name=\"twitter:card\" content=\"summary_large_image\" \/>\n<script type=\"application\/ld+json\" class=\"yoast-schema-graph\">{\"@context\":\"https:\/\/schema.org\",\"@graph\":[{\"@type\":\"WebPage\",\"@id\":\"https:\/\/bdm-stg.mda.pl\/en\/investor-relations\/information-for-investors\/prospectus\/\",\"url\":\"https:\/\/bdm-stg.mda.pl\/en\/investor-relations\/information-for-investors\/prospectus\/\",\"name\":\"Prospectus - Budimex\",\"isPartOf\":{\"@id\":\"https:\/\/bdm-stg.mda.pl\/en\/#website\"},\"datePublished\":\"2024-03-27T12:32:43+00:00\",\"dateModified\":\"2025-07-07T22:15:54+00:00\",\"breadcrumb\":{\"@id\":\"https:\/\/bdm-stg.mda.pl\/en\/investor-relations\/information-for-investors\/prospectus\/#breadcrumb\"},\"inLanguage\":\"en-US\",\"potentialAction\":[{\"@type\":\"ReadAction\",\"target\":[\"https:\/\/bdm-stg.mda.pl\/en\/investor-relations\/information-for-investors\/prospectus\/\"]}]},{\"@type\":\"BreadcrumbList\",\"@id\":\"https:\/\/bdm-stg.mda.pl\/en\/investor-relations\/information-for-investors\/prospectus\/#breadcrumb\",\"itemListElement\":[{\"@type\":\"ListItem\",\"position\":1,\"name\":\"Home\",\"item\":\"https:\/\/bdm-stg.mda.pl\/en\/\"},{\"@type\":\"ListItem\",\"position\":2,\"name\":\"Investor relations\",\"item\":\"https:\/\/bdm-stg.mda.pl\/en\/investor-relations\/\"},{\"@type\":\"ListItem\",\"position\":3,\"name\":\"Information for investors\",\"item\":\"https:\/\/bdm-stg.mda.pl\/en\/investor-relations\/information-for-investors\/\"},{\"@type\":\"ListItem\",\"position\":4,\"name\":\"Prospectus\"}]},{\"@type\":\"WebSite\",\"@id\":\"https:\/\/bdm-stg.mda.pl\/en\/#website\",\"url\":\"https:\/\/bdm-stg.mda.pl\/en\/\",\"name\":\"Budimex\",\"description\":\"\",\"potentialAction\":[{\"@type\":\"SearchAction\",\"target\":{\"@type\":\"EntryPoint\",\"urlTemplate\":\"https:\/\/bdm-stg.mda.pl\/en\/?s={search_term_string}\"},\"query-input\":\"required name=search_term_string\"}],\"inLanguage\":\"en-US\"}]}<\/script>\n<!-- \/ Yoast SEO plugin. -->","yoast_head_json":{"title":"Prospectus - Budimex","robots":{"index":"noindex","follow":"follow","max-snippet":"max-snippet:-1","max-image-preview":"max-image-preview:large","max-video-preview":"max-video-preview:-1"},"og_locale":"en_US","og_type":"article","og_title":"Prospectus - Budimex","og_url":"https:\/\/bdm-stg.mda.pl\/en\/investor-relations\/information-for-investors\/prospectus\/","og_site_name":"Budimex","article_modified_time":"2025-07-07T22:15:54+00:00","twitter_card":"summary_large_image","schema":{"@context":"https:\/\/schema.org","@graph":[{"@type":"WebPage","@id":"https:\/\/bdm-stg.mda.pl\/en\/investor-relations\/information-for-investors\/prospectus\/","url":"https:\/\/bdm-stg.mda.pl\/en\/investor-relations\/information-for-investors\/prospectus\/","name":"Prospectus - Budimex","isPartOf":{"@id":"https:\/\/bdm-stg.mda.pl\/en\/#website"},"datePublished":"2024-03-27T12:32:43+00:00","dateModified":"2025-07-07T22:15:54+00:00","breadcrumb":{"@id":"https:\/\/bdm-stg.mda.pl\/en\/investor-relations\/information-for-investors\/prospectus\/#breadcrumb"},"inLanguage":"en-US","potentialAction":[{"@type":"ReadAction","target":["https:\/\/bdm-stg.mda.pl\/en\/investor-relations\/information-for-investors\/prospectus\/"]}]},{"@type":"BreadcrumbList","@id":"https:\/\/bdm-stg.mda.pl\/en\/investor-relations\/information-for-investors\/prospectus\/#breadcrumb","itemListElement":[{"@type":"ListItem","position":1,"name":"Home","item":"https:\/\/bdm-stg.mda.pl\/en\/"},{"@type":"ListItem","position":2,"name":"Investor relations","item":"https:\/\/bdm-stg.mda.pl\/en\/investor-relations\/"},{"@type":"ListItem","position":3,"name":"Information for investors","item":"https:\/\/bdm-stg.mda.pl\/en\/investor-relations\/information-for-investors\/"},{"@type":"ListItem","position":4,"name":"Prospectus"}]},{"@type":"WebSite","@id":"https:\/\/bdm-stg.mda.pl\/en\/#website","url":"https:\/\/bdm-stg.mda.pl\/en\/","name":"Budimex","description":"","potentialAction":[{"@type":"SearchAction","target":{"@type":"EntryPoint","urlTemplate":"https:\/\/bdm-stg.mda.pl\/en\/?s={search_term_string}"},"query-input":"required name=search_term_string"}],"inLanguage":"en-US"}]}},"_links":{"self":[{"href":"https:\/\/bdm-stg.mda.pl\/en\/wp-json\/wp\/v2\/pages\/135367"}],"collection":[{"href":"https:\/\/bdm-stg.mda.pl\/en\/wp-json\/wp\/v2\/pages"}],"about":[{"href":"https:\/\/bdm-stg.mda.pl\/en\/wp-json\/wp\/v2\/types\/page"}],"author":[{"embeddable":true,"href":"https:\/\/bdm-stg.mda.pl\/en\/wp-json\/wp\/v2\/users\/9"}],"replies":[{"embeddable":true,"href":"https:\/\/bdm-stg.mda.pl\/en\/wp-json\/wp\/v2\/comments?post=135367"}],"version-history":[{"count":3,"href":"https:\/\/bdm-stg.mda.pl\/en\/wp-json\/wp\/v2\/pages\/135367\/revisions"}],"predecessor-version":[{"id":142341,"href":"https:\/\/bdm-stg.mda.pl\/en\/wp-json\/wp\/v2\/pages\/135367\/revisions\/142341"}],"up":[{"embeddable":true,"href":"https:\/\/bdm-stg.mda.pl\/en\/wp-json\/wp\/v2\/pages\/135744"}],"wp:attachment":[{"href":"https:\/\/bdm-stg.mda.pl\/en\/wp-json\/wp\/v2\/media?parent=135367"}],"curies":[{"name":"wp","href":"https:\/\/api.w.org\/{rel}","templated":true}]}}