{"id":135435,"date":"2024-03-19T09:12:03","date_gmt":"2024-03-19T09:12:03","guid":{"rendered":"https:\/\/bdm-stg.mda.pl\/branch-in-slovakia\/"},"modified":"2025-07-07T23:16:22","modified_gmt":"2025-07-07T22:16:22","slug":"branch-in-slovakia","status":"publish","type":"page","link":"https:\/\/bdm-stg.mda.pl\/en\/foreign-markets\/branch-in-slovakia\/","title":{"rendered":"Branch in Slovakia"},"content":{"rendered":"\n<section id=\"block_20087d909170ceb5b31dd5b7d5032b7a\" class=\"title-section section-margin-56\">\n    <div class=\"container\">\n        <div class=\"row\">\n            <div class=\"col-24\">\n                <div class=\"title-section__title\">\n                    <h2 class=\"typo-h2\">Branch in Slovakia<\/h2>\n                <\/div>\n            <\/div>\n        <\/div>\n    <\/div>\n<\/section>\n\n\n<section id=\"block_dd3b4f201139d1cbb0c8a9124256ecdf\" class=\"text-block   section-margin-72\">\n    <div class=\"container\">\n        <div class=\"row\">\n            <div class=\"col-24 col-lg-18\">\n                                                                                    <div class=\"text-block__entry-text text-editor under-h5\"><p>Budimex SA has been present in\u00a0Slovakia since 2021. The branch located in\u00a0Bratislava focuses on\u00a0the implementation of infrastructure investments.<\/p>\n<p>The team\u2019s intensive work to\u00a0build the company\u2019s image as\u00a0a\u00a0reliable and experienced partner in\u00a0the field of general contracting of investments resulted in\u00a0the conclusion in\u00a0July 2022 of the Construction of the Construction of the Joint Contracting Contracting Contract. the first contract, the subject of which is the construction of the D1\/D4 motorway on\u00a0the Bratislava \u2013 Triblavina section.<\/p><\/div>\n                                                    <div class=\"text-block__text text-editor\"><p><img loading=\"lazy\" decoding=\"async\" class=\"alignnone size-full wp-image-142511\" src=\"https:\/\/bdm-stg.mda.pl\/app\/uploads\/2024\/05\/Slovakia.png\" alt=\"\" width=\"1000\" height=\"657\" \/><\/p><\/div>\n                            <\/div>\n                                                                                                                                <\/div>\n    <\/div>\n<\/section>\n\n\n<section id=\"block_69c36721d25448eebe6648c1ee1e5a6c\" class=\"text-block   \">\n    <div class=\"container\">\n        <div class=\"row\">\n            <div class=\"col-24 col-lg-18\">\n                                                    <div class=\"text-block__top-texts under-h3\">\n                        <h3 class=\"text-block__title\">Our Investments in\u00a0Slovakia<\/h3>\n                                            <\/div>\n                                                                    <div class=\"text-block__entry-text text-editor under-h5\"><h5><strong>Areas of activity:<\/strong><\/h5><\/div>\n                                            <\/div>\n                                                                                                                                <\/div>\n    <\/div>\n<\/section>\n\n\n<section id=\"block_510d7f7f7e875e5e19ed8a26ec326bfe\" class=\"pages-content \" data-pages-content>\n    <input type=\"hidden\" name=\"\" value=\"135435\" data-pages-content-post-id>\n    <input type=\"hidden\" name=\"\" value=\"default\" data-pages-content-card-theme>\n    <input type=\"hidden\" name=\"\" value=\"-1\" data-pages-content-main-cat>\n    <div class=\"container\">\n        <div class=\"row\">\n            <div class=\"col-24\">\n                <div class=\"pages-content__categories\">\n                    <div class=\"pages-content__loader d-none\" data-pages-content-loader>\n                        <div class=\"loader  loader--theme-default \">\n    <div><\/div>\n    <div><\/div>\n    <div><\/div>\n    <div><\/div>\n<\/div>                    <\/div>\n                    \n<div \n    class=\"filter-switcher \"\n    data-filter-switcher\n                >\n        <div class=\"filter-switcher__item current\">\n            <button class=\"filter-switcher__button\" data-filter-switcher-current>\n                                <div class=\"filter-switcher__buttonIcon\">\n                    <img decoding=\"async\" src=\"https:\/\/bdm-stg.mda.pl\/app\/themes\/main\/dist\/img\/icon-category.svg\" alt=\"ikonka kategorii\" data-filter-switcher-current-icon>\n                <\/div>\n                                <p class=\"filter-switcher__buttonText\" data-filter-switcher-current-text>\n                    Select category                <\/p>\n                            <\/button>\n        <\/div>\n    <ul class=\"filter-switcher__wrapper columns-5\" data-filter-switcher-wrapper>\n                    <li class=\"filter-switcher__item\">\n            <button \n                class=\"filter-switcher__button  -icon\" \n                data-filter-switcher-item=\"135414\"\n                data-filter-switcher-settings=\"\"\n                data-filter-switcher-toggle-dependant=\"135414\"            >\n                                <div class=\"filter-switcher__buttonIcon\">\n                    <img decoding=\"async\" src=\"https:\/\/bdm-stg.mda.pl\/app\/uploads\/2024\/03\/Icons-36x36-2.png\" alt=\"ikonka kategorii - Infrastructure construction (roads and bridges)\" data-filter-switcher-item-icon>\n                <\/div>\n                                <p class=\"filter-switcher__buttonText\" data-filter-switcher-item-name>Infrastructure construction (roads and bridges)<\/p>\n            <\/button>\n                    <\/li>\n        <\/ul>\n<\/div>                    <div class=\"pages-content__nested-categories\">\n                                            <\/div>\n                <\/div>\n            <\/div>\n        <\/div>\n    <\/div>\n    <div class=\"pages-content__content\">\n        <div class=\"pages-content__noResults d-none\" data-pages-content-no-results>\n            <div class=\"container\">\n                <span class=\"typo-h5 f-700 d-block under-h5\">No content to display.<\/span>\n            <\/div>\n        <\/div>\n        <div class=\"pages-content__grid\" data-pages-content-wrapper><\/div>\n    <\/div>\n<\/section>\n\n    <section id=\"block_3996979ce37622ad26db8068a8fb1469\" class=\"contact-box  light \">\n        <div class=\"contact-box__wrapper\">\n            <div class=\"container\">\n                <div class=\"row align-items-center\">\n                    <div class=\"col-24 col-lg-6\">\n                        <div class=\"contact-box__text\">\n                            <div class=\"contact-box__header under-h3\">\n                                <h2 class=\"typo-h2\">Contact us!<\/h2>\n                            <\/div>\n                            <div class=\"contact-box__excerpt\">\n                                <p class=\"typo-24\"><\/p>\n                            <\/div>\n                                                    <\/div>\n                    <\/div>\n                    <div class=\"col-24 col-lg-18\">\n                        <div class=\"contact-box__contacts-list\">\n                            <div class=\"row swiper-wrapper contact-box__list-row\">\n                                                                    <div class=\"col-24 col-lg-8 swiper-slide contact-box__box-col\">\n                                                                                <div class=\"contact-box__person\">\n                                                                                            <div class=\"contact-box__personImage\">\n                                                    <img decoding=\"async\" src=\"https:\/\/bdm-stg.mda.pl\/app\/uploads\/2024\/05\/Budimex_11_03_247268_220240606-scaled.jpg\" alt=\"\">\n                                                <\/div>\n                                                                                        <div class=\"contact-box__personData d-flex flex-column justify-content-between\">\n                                                <div>\n                                                    <h5 class=\"contact-box__personName\">Krzysztof Soko\u0142owski<\/h5>\n                                                                                                            <p class=\"contact-box__personPosition\">Czech\/Slovak Market Director<\/p>\n                                                                                                    <\/div>\n                                                <div>\n                                                                                                                                                                <a href=\"tel:+48 605 554 082\" class=\"contact-box__personEmail typo-14\"><i class=\"icon typo-18 icon-phone-outline d-flex color-gold-100\"><\/i>+48 605 554 082<\/a>\n                                                                                                                                                                <a href=\"mailto:krzysztof.sokolowski@budimex.pl\" class=\"contact-box__personEmail typo-14\"><i class=\"icon typo-18 icon-email d-flex color-gold-100\"><\/i>krzysztof.sokolowski@budimex.pl<\/a>\n                                                                                                    <\/div>\n                                            <\/div>\n                                        <\/div>\n                                    <\/div>\n                                                                    <div class=\"col-24 col-lg-8 swiper-slide contact-box__box-col\">\n                                                                                <div class=\"contact-box__person\">\n                                                                                            <div class=\"contact-box__personImage\">\n                                                    <img decoding=\"async\" src=\"https:\/\/bdm-stg.mda.pl\/app\/uploads\/2024\/01\/Rectangle-25-18.png\" alt=\"\">\n                                                <\/div>\n                                                                                        <div class=\"contact-box__personData d-flex flex-column justify-content-between\">\n                                                <div>\n                                                    <h5 class=\"contact-box__personName\">Diana Zyglewska<\/h5>\n                                                                                                            <p class=\"contact-box__personPosition\">Specialist in\u00a0public relations<\/p>\n                                                                                                    <\/div>\n                                                <div>\n                                                                                                                                                                <a href=\"tel:+48 507 501 769\" class=\"contact-box__personEmail typo-14\"><i class=\"icon typo-18 icon-phone-outline d-flex color-gold-100\"><\/i>+48 507 501 769<\/a>\n                                                                                                                                                                <a href=\"mailto:diana.zyglewska@budimex.pl\" class=\"contact-box__personEmail typo-14\"><i class=\"icon typo-18 icon-email d-flex color-gold-100\"><\/i>diana.zyglewska@budimex.pl<\/a>\n                                                                                                    <\/div>\n                                            <\/div>\n                                        <\/div>\n                                    <\/div>\n                                                            <\/div>\n                                                            <div class=\"d-lg-none contact-box__pagination-wrapper\">\n                                    <div class=\"swiper-pagination-contact-box bottom-pagination\"><\/div>\n                                <\/div>\n                                                    <\/div>\n                    <\/div>\n                <\/div>\n            <\/div>\n        <\/div>\n    <\/section>\n\n\n\n<section id=\"block_a57bc23cb38f2bf9817068850f718a8f\" class=\"contact-boxes  contact-boxes--secondary dark\" data-contact-boxes>\n    <div class=\"container\">\n        <div class=\"row \">\n                            <div class=\"col-24 col-lg-6\">\n                                            <div class=\"contact-boxes__title under-h3\">\n                                                                                        <h2 class=\"typo-h2\">Contact our branches<\/h2>\n                                                    <\/div>\n                                                                                                                        <\/div>\n                        <div class=\"col-24 col-lg-18\">\n                <div class=\"contact-boxes__boxes\">\n                    <div class=\"contact-boxes__boxesSwiper swiper\" data-contact-boxes-swiper>\n                        <div class=\"contact-boxes__boxesWrapper swiper-wrapper\">\n                                                            <div class=\"contact-boxes__box swiper-slide\">\n                                    \n<div class=\"card-contact card-contact--secondary \">\n        <div class=\"card-contact__content\">\n        <div>\n            <p class=\"card-contact__title typo-22 f-700\">Budimex SA, organiza\u010dn\u00e1 zlo\u017eka na&nbsp;Slovensku<\/p>\n                                    <p class=\"card-contact__address typo-14\">\n                Vajnorsk\u00e1 100\/B, Tower 2<br>831 04 Bratislava \u2013 mestsk\u00e1 \u010das\u0165 Nov\u00e9 Mesto                                            <\/p>\n                    <\/div>\n\n        <div>\n                                                    <div class=\"card-contact__contact\">\n                                                                        <div class=\"card-contact__contactLinks\">\n                                <div class=\"card-contact__contactIcon icon icon-email d-flex\"><\/div>\n                                <a href=\"mailto: info@budimex.sk\">info@budimex.sk<\/a>\n                            <\/div>\n                                                            <\/div>\n                    <\/div>\n    <\/div>\n<\/div>                                <\/div>\n                                                    <\/div>\n                    <\/div>\n                <\/div>\n            <\/div>\n        <\/div>\n    <\/div>\n<\/section>","protected":false},"excerpt":{"rendered":"","protected":false},"author":1,"featured_media":0,"parent":135784,"menu_order":74,"comment_status":"closed","ping_status":"closed","template":"page-templates\/gutenberg-text-hero.php","meta":{"_acf_changed":false,"inline_featured_image":false,"footnotes":""},"acf":[],"yoast_head":"<!-- This site is optimized with the Yoast SEO plugin v22.5 - https:\/\/yoast.com\/wordpress\/plugins\/seo\/ -->\n<title>Branch in Slovakia - Budimex<\/title>\n<meta name=\"robots\" content=\"noindex, follow, max-snippet:-1, max-image-preview:large, max-video-preview:-1\" \/>\n<meta property=\"og:locale\" content=\"en_US\" \/>\n<meta property=\"og:type\" content=\"article\" \/>\n<meta property=\"og:title\" content=\"Branch in Slovakia - Budimex\" \/>\n<meta property=\"og:url\" content=\"https:\/\/bdm-stg.mda.pl\/en\/foreign-markets\/branch-in-slovakia\/\" \/>\n<meta property=\"og:site_name\" content=\"Budimex\" \/>\n<meta property=\"article:modified_time\" content=\"2025-07-07T22:16:22+00:00\" \/>\n<meta name=\"twitter:card\" content=\"summary_large_image\" \/>\n<script type=\"application\/ld+json\" class=\"yoast-schema-graph\">{\"@context\":\"https:\/\/schema.org\",\"@graph\":[{\"@type\":\"WebPage\",\"@id\":\"https:\/\/bdm-stg.mda.pl\/en\/foreign-markets\/branch-in-slovakia\/\",\"url\":\"https:\/\/bdm-stg.mda.pl\/en\/foreign-markets\/branch-in-slovakia\/\",\"name\":\"Branch in Slovakia - Budimex\",\"isPartOf\":{\"@id\":\"https:\/\/bdm-stg.mda.pl\/en\/#website\"},\"datePublished\":\"2024-03-19T09:12:03+00:00\",\"dateModified\":\"2025-07-07T22:16:22+00:00\",\"breadcrumb\":{\"@id\":\"https:\/\/bdm-stg.mda.pl\/en\/foreign-markets\/branch-in-slovakia\/#breadcrumb\"},\"inLanguage\":\"en-US\",\"potentialAction\":[{\"@type\":\"ReadAction\",\"target\":[\"https:\/\/bdm-stg.mda.pl\/en\/foreign-markets\/branch-in-slovakia\/\"]}]},{\"@type\":\"BreadcrumbList\",\"@id\":\"https:\/\/bdm-stg.mda.pl\/en\/foreign-markets\/branch-in-slovakia\/#breadcrumb\",\"itemListElement\":[{\"@type\":\"ListItem\",\"position\":1,\"name\":\"Home\",\"item\":\"https:\/\/bdm-stg.mda.pl\/en\/\"},{\"@type\":\"ListItem\",\"position\":2,\"name\":\"Foreign markets\",\"item\":\"https:\/\/bdm-stg.mda.pl\/en\/foreign-markets\/\"},{\"@type\":\"ListItem\",\"position\":3,\"name\":\"Branch in Slovakia\"}]},{\"@type\":\"WebSite\",\"@id\":\"https:\/\/bdm-stg.mda.pl\/en\/#website\",\"url\":\"https:\/\/bdm-stg.mda.pl\/en\/\",\"name\":\"Budimex\",\"description\":\"\",\"potentialAction\":[{\"@type\":\"SearchAction\",\"target\":{\"@type\":\"EntryPoint\",\"urlTemplate\":\"https:\/\/bdm-stg.mda.pl\/en\/?s={search_term_string}\"},\"query-input\":\"required name=search_term_string\"}],\"inLanguage\":\"en-US\"}]}<\/script>\n<!-- \/ Yoast SEO plugin. -->","yoast_head_json":{"title":"Branch in Slovakia - Budimex","robots":{"index":"noindex","follow":"follow","max-snippet":"max-snippet:-1","max-image-preview":"max-image-preview:large","max-video-preview":"max-video-preview:-1"},"og_locale":"en_US","og_type":"article","og_title":"Branch in Slovakia - Budimex","og_url":"https:\/\/bdm-stg.mda.pl\/en\/foreign-markets\/branch-in-slovakia\/","og_site_name":"Budimex","article_modified_time":"2025-07-07T22:16:22+00:00","twitter_card":"summary_large_image","schema":{"@context":"https:\/\/schema.org","@graph":[{"@type":"WebPage","@id":"https:\/\/bdm-stg.mda.pl\/en\/foreign-markets\/branch-in-slovakia\/","url":"https:\/\/bdm-stg.mda.pl\/en\/foreign-markets\/branch-in-slovakia\/","name":"Branch in Slovakia - Budimex","isPartOf":{"@id":"https:\/\/bdm-stg.mda.pl\/en\/#website"},"datePublished":"2024-03-19T09:12:03+00:00","dateModified":"2025-07-07T22:16:22+00:00","breadcrumb":{"@id":"https:\/\/bdm-stg.mda.pl\/en\/foreign-markets\/branch-in-slovakia\/#breadcrumb"},"inLanguage":"en-US","potentialAction":[{"@type":"ReadAction","target":["https:\/\/bdm-stg.mda.pl\/en\/foreign-markets\/branch-in-slovakia\/"]}]},{"@type":"BreadcrumbList","@id":"https:\/\/bdm-stg.mda.pl\/en\/foreign-markets\/branch-in-slovakia\/#breadcrumb","itemListElement":[{"@type":"ListItem","position":1,"name":"Home","item":"https:\/\/bdm-stg.mda.pl\/en\/"},{"@type":"ListItem","position":2,"name":"Foreign markets","item":"https:\/\/bdm-stg.mda.pl\/en\/foreign-markets\/"},{"@type":"ListItem","position":3,"name":"Branch in Slovakia"}]},{"@type":"WebSite","@id":"https:\/\/bdm-stg.mda.pl\/en\/#website","url":"https:\/\/bdm-stg.mda.pl\/en\/","name":"Budimex","description":"","potentialAction":[{"@type":"SearchAction","target":{"@type":"EntryPoint","urlTemplate":"https:\/\/bdm-stg.mda.pl\/en\/?s={search_term_string}"},"query-input":"required name=search_term_string"}],"inLanguage":"en-US"}]}},"_links":{"self":[{"href":"https:\/\/bdm-stg.mda.pl\/en\/wp-json\/wp\/v2\/pages\/135435"}],"collection":[{"href":"https:\/\/bdm-stg.mda.pl\/en\/wp-json\/wp\/v2\/pages"}],"about":[{"href":"https:\/\/bdm-stg.mda.pl\/en\/wp-json\/wp\/v2\/types\/page"}],"author":[{"embeddable":true,"href":"https:\/\/bdm-stg.mda.pl\/en\/wp-json\/wp\/v2\/users\/1"}],"replies":[{"embeddable":true,"href":"https:\/\/bdm-stg.mda.pl\/en\/wp-json\/wp\/v2\/comments?post=135435"}],"version-history":[{"count":3,"href":"https:\/\/bdm-stg.mda.pl\/en\/wp-json\/wp\/v2\/pages\/135435\/revisions"}],"predecessor-version":[{"id":142514,"href":"https:\/\/bdm-stg.mda.pl\/en\/wp-json\/wp\/v2\/pages\/135435\/revisions\/142514"}],"up":[{"embeddable":true,"href":"https:\/\/bdm-stg.mda.pl\/en\/wp-json\/wp\/v2\/pages\/135784"}],"wp:attachment":[{"href":"https:\/\/bdm-stg.mda.pl\/en\/wp-json\/wp\/v2\/media?parent=135435"}],"curies":[{"name":"wp","href":"https:\/\/api.w.org\/{rel}","templated":true}]}}