{"id":135442,"date":"2024-03-19T08:59:49","date_gmt":"2024-03-19T08:59:49","guid":{"rendered":"https:\/\/bdm-stg.mda.pl\/latvia-branch\/"},"modified":"2025-07-07T23:16:22","modified_gmt":"2025-07-07T22:16:22","slug":"latvia-branch","status":"publish","type":"page","link":"https:\/\/bdm-stg.mda.pl\/en\/foreign-markets\/latvia-branch\/","title":{"rendered":"Latvia branch"},"content":{"rendered":"\n<section id=\"block_6733a5035a41c0c645c6eac4ecf2e5ef\" class=\"title-section section-margin-56\">\n    <div class=\"container\">\n        <div class=\"row\">\n            <div class=\"col-24\">\n                <div class=\"title-section__title\">\n                    <h2 class=\"typo-h2\">Latvia branch<\/h2>\n                <\/div>\n            <\/div>\n        <\/div>\n    <\/div>\n<\/section>\n\n\n<section id=\"block_202b47bb259f3af086c9c5c85d3ab77a\" class=\"text-block   section-margin-72\">\n    <div class=\"container\">\n        <div class=\"row\">\n            <div class=\"col-24 col-lg-18\">\n                                                                                    <div class=\"text-block__entry-text text-editor under-h5\"><p>Latvia is the first of the Baltic states where Budimex SA offers its services. The Riga branch opened in\u00a0September 2023. The company\u2019s local operations are currently focused on\u00a0the railway construction segment, where in\u00a0December 2023 the company will launch a\u00a0new Railway Construction Business. concluded a\u00a0strategic contract inaugurating its operational presence in\u00a0this part of Europe.<\/p><\/div>\n                                                    <div class=\"text-block__text text-editor\"><p><img loading=\"lazy\" decoding=\"async\" class=\"alignnone size-full wp-image-142515\" src=\"https:\/\/bdm-stg.mda.pl\/app\/uploads\/2024\/05\/Latvia.png\" alt=\"\" width=\"1000\" height=\"657\" \/><\/p><\/div>\n                            <\/div>\n                                                                                                                                <\/div>\n    <\/div>\n<\/section>\n\n\n<section id=\"block_47f1e0c46d1745c9df1f76f4c08acc38\" class=\"text-block   \">\n    <div class=\"container\">\n        <div class=\"row\">\n            <div class=\"col-24 col-lg-18\">\n                                                    <div class=\"text-block__top-texts under-h3\">\n                        <h3 class=\"text-block__title\">Our Investments in\u00a0Latvia<\/h3>\n                                            <\/div>\n                                                                    <div class=\"text-block__entry-text text-editor under-h5\"><h5><strong>Areas of activity:<\/strong><\/h5><\/div>\n                                                    <div class=\"text-block__text text-editor\"><p><br data-mce-bogus=\"1\"><\/p><\/div>\n                            <\/div>\n                                                                                                                                <\/div>\n    <\/div>\n<\/section>\n\n\n<section id=\"block_95dd7cf3fed64594814629200b4bc20b\" class=\"pages-content \" data-pages-content>\n    <input type=\"hidden\" name=\"\" value=\"135442\" data-pages-content-post-id>\n    <input type=\"hidden\" name=\"\" value=\"default\" data-pages-content-card-theme>\n    <input type=\"hidden\" name=\"\" value=\"-1\" data-pages-content-main-cat>\n    <div class=\"container\">\n        <div class=\"row\">\n            <div class=\"col-24\">\n                <div class=\"pages-content__categories\">\n                    <div class=\"pages-content__loader d-none\" data-pages-content-loader>\n                        <div class=\"loader  loader--theme-default \">\n    <div><\/div>\n    <div><\/div>\n    <div><\/div>\n    <div><\/div>\n<\/div>                    <\/div>\n                    \n<div \n    class=\"filter-switcher \"\n    data-filter-switcher\n                >\n        <div class=\"filter-switcher__item current\">\n            <button class=\"filter-switcher__button\" data-filter-switcher-current>\n                                <div class=\"filter-switcher__buttonIcon\">\n                    <img decoding=\"async\" src=\"https:\/\/bdm-stg.mda.pl\/app\/themes\/main\/dist\/img\/icon-category.svg\" alt=\"ikonka kategorii\" data-filter-switcher-current-icon>\n                <\/div>\n                                <p class=\"filter-switcher__buttonText\" data-filter-switcher-current-text>\n                    Select category                <\/p>\n                            <\/button>\n        <\/div>\n    <ul class=\"filter-switcher__wrapper columns-5\" data-filter-switcher-wrapper>\n                    <li class=\"filter-switcher__item\">\n            <button \n                class=\"filter-switcher__button  -icon\" \n                data-filter-switcher-item=\"135419\"\n                data-filter-switcher-settings=\"\"\n                data-filter-switcher-toggle-dependant=\"135419\"            >\n                                <div class=\"filter-switcher__buttonIcon\">\n                    <img decoding=\"async\" src=\"https:\/\/bdm-stg.mda.pl\/app\/uploads\/2024\/03\/Icons-36x36-1.png\" alt=\"ikonka kategorii - Railroad construction\" data-filter-switcher-item-icon>\n                <\/div>\n                                <p class=\"filter-switcher__buttonText\" data-filter-switcher-item-name>Railroad construction<\/p>\n            <\/button>\n                    <\/li>\n        <\/ul>\n<\/div>                    <div class=\"pages-content__nested-categories\">\n                                            <\/div>\n                <\/div>\n            <\/div>\n        <\/div>\n    <\/div>\n    <div class=\"pages-content__content\">\n        <div class=\"pages-content__noResults d-none\" data-pages-content-no-results>\n            <div class=\"container\">\n                <span class=\"typo-h5 f-700 d-block under-h5\">No content to display.<\/span>\n            <\/div>\n        <\/div>\n        <div class=\"pages-content__grid\" data-pages-content-wrapper><\/div>\n    <\/div>\n<\/section>\n\n    <section id=\"block_307596ef47c2bca9864ce29ba67e7e03\" class=\"contact-box  light \">\n        <div class=\"contact-box__wrapper\">\n            <div class=\"container\">\n                <div class=\"row align-items-center\">\n                    <div class=\"col-24 col-lg-6\">\n                        <div class=\"contact-box__text\">\n                            <div class=\"contact-box__header under-h3\">\n                                <h2 class=\"typo-h2\">Contact us!<\/h2>\n                            <\/div>\n                            <div class=\"contact-box__excerpt\">\n                                <p class=\"typo-24\"><\/p>\n                            <\/div>\n                                                    <\/div>\n                    <\/div>\n                    <div class=\"col-24 col-lg-18\">\n                        <div class=\"contact-box__contacts-list\">\n                            <div class=\"row swiper-wrapper contact-box__list-row\">\n                                                                    <div class=\"col-24 col-lg-8 swiper-slide contact-box__box-col\">\n                                                                                <div class=\"contact-box__person\">\n                                                                                            <div class=\"contact-box__personImage\">\n                                                    <img decoding=\"async\" src=\"https:\/\/bdm-stg.mda.pl\/app\/uploads\/2024\/05\/budimex_28.05.240037-kopia20240606-scaled.jpg\" alt=\"\">\n                                                <\/div>\n                                                                                        <div class=\"contact-box__personData d-flex flex-column justify-content-between\">\n                                                <div>\n                                                    <h5 class=\"contact-box__personName\">Miko\u0142aj Wa\u015bniewski<\/h5>\n                                                                                                            <p class=\"contact-box__personPosition\">Branch Director<\/p>\n                                                                                                    <\/div>\n                                                <div>\n                                                                                                                                                                <a href=\"tel:+48 797 601 683\" class=\"contact-box__personEmail typo-14\"><i class=\"icon typo-18 icon-phone-outline d-flex color-gold-100\"><\/i>+48 797 601 683<\/a>\n                                                                                                                                                                <a href=\"mailto:mikolaj.wasniewski@budimex.pl\" class=\"contact-box__personEmail typo-14\"><i class=\"icon typo-18 icon-email d-flex color-gold-100\"><\/i>mikolaj.wasniewski@budimex.pl<\/a>\n                                                                                                    <\/div>\n                                            <\/div>\n                                        <\/div>\n                                    <\/div>\n                                                                    <div class=\"col-24 col-lg-8 swiper-slide contact-box__box-col\">\n                                                                                <div class=\"contact-box__person\">\n                                                                                            <div class=\"contact-box__personImage\">\n                                                    <img decoding=\"async\" src=\"https:\/\/bdm-stg.mda.pl\/app\/themes\/main\/dist\/img\/budimex-no-profile-photo-gray.png\" alt=\"No photo\">\n                                                <\/div>\n                                                                                        <div class=\"contact-box__personData d-flex flex-column justify-content-between\">\n                                                <div>\n                                                    <h5 class=\"contact-box__personName\">Renate Kautina<\/h5>\n                                                                                                            <p class=\"contact-box__personPosition\">Specialist in\u00a0Administration<\/p>\n                                                                                                    <\/div>\n                                                <div>\n                                                                                                                                                                <a href=\"tel:+48 453 670 635\" class=\"contact-box__personEmail typo-14\"><i class=\"icon typo-18 icon-phone-outline d-flex color-gold-100\"><\/i>+48 453 670 635<\/a>\n                                                                                                                                                                <a href=\"mailto:renate.kautina@budimex.pl\" class=\"contact-box__personEmail typo-14\"><i class=\"icon typo-18 icon-email d-flex color-gold-100\"><\/i>renate.kautina@budimex.pl<\/a>\n                                                                                                    <\/div>\n                                            <\/div>\n                                        <\/div>\n                                    <\/div>\n                                                                    <div class=\"col-24 col-lg-8 swiper-slide contact-box__box-col\">\n                                                                                <div class=\"contact-box__person\">\n                                                                                            <div class=\"contact-box__personImage\">\n                                                    <img decoding=\"async\" src=\"https:\/\/bdm-stg.mda.pl\/app\/uploads\/2024\/01\/Rectangle-25-18.png\" alt=\"\">\n                                                <\/div>\n                                                                                        <div class=\"contact-box__personData d-flex flex-column justify-content-between\">\n                                                <div>\n                                                    <h5 class=\"contact-box__personName\">Diana Zyglewska<\/h5>\n                                                                                                            <p class=\"contact-box__personPosition\">Specialist in\u00a0public relations<\/p>\n                                                                                                    <\/div>\n                                                <div>\n                                                                                                                                                                <a href=\"tel:+48 507 501 769\" class=\"contact-box__personEmail typo-14\"><i class=\"icon typo-18 icon-phone-outline d-flex color-gold-100\"><\/i>+48 507 501 769<\/a>\n                                                                                                                                                                <a href=\"mailto:diana.zyglewska@budimex.pl\" class=\"contact-box__personEmail typo-14\"><i class=\"icon typo-18 icon-email d-flex color-gold-100\"><\/i>diana.zyglewska@budimex.pl<\/a>\n                                                                                                    <\/div>\n                                            <\/div>\n                                        <\/div>\n                                    <\/div>\n                                                            <\/div>\n                                                            <div class=\"d-lg-none contact-box__pagination-wrapper\">\n                                    <div class=\"swiper-pagination-contact-box bottom-pagination\"><\/div>\n                                <\/div>\n                                                    <\/div>\n                    <\/div>\n                <\/div>\n            <\/div>\n        <\/div>\n    <\/section>\n\n\n\n<section id=\"block_edfe7d1e4e4433e5deb9758dd24e248e\" class=\"contact-boxes  contact-boxes--secondary dark\" data-contact-boxes>\n    <div class=\"container\">\n        <div class=\"row \">\n                            <div class=\"col-24 col-lg-6\">\n                                            <div class=\"contact-boxes__title under-h3\">\n                                                                                        <h2 class=\"typo-h2\">Contact our branches<\/h2>\n                                                    <\/div>\n                                                                                                                        <\/div>\n                        <div class=\"col-24 col-lg-18\">\n                <div class=\"contact-boxes__boxes\">\n                    <div class=\"contact-boxes__boxesSwiper swiper\" data-contact-boxes-swiper>\n                        <div class=\"contact-boxes__boxesWrapper swiper-wrapper\">\n                                                            <div class=\"contact-boxes__box swiper-slide\">\n                                    \n<div class=\"card-contact card-contact--secondary \">\n        <div class=\"card-contact__content\">\n        <div>\n            <p class=\"card-contact__title typo-22 f-700\">Budimex SA<\/p>\n                                    <p class=\"card-contact__address typo-14\">\n                M\u016bkusalas iela 41 (5th floor)<br>Zemgales priek\u0161pils\u0113ta, R\u012bga, LV-1004                                            <\/p>\n                            <p class=\"card-contact__person typo-14 f-700\">Latvian Branch<\/p>\n                    <\/div>\n\n        <div>\n                                            <\/div>\n    <\/div>\n<\/div>                                <\/div>\n                                                    <\/div>\n                    <\/div>\n                <\/div>\n            <\/div>\n        <\/div>\n    <\/div>\n<\/section>","protected":false},"excerpt":{"rendered":"","protected":false},"author":1,"featured_media":0,"parent":135784,"menu_order":76,"comment_status":"closed","ping_status":"closed","template":"page-templates\/gutenberg-text-hero.php","meta":{"_acf_changed":false,"inline_featured_image":false,"footnotes":""},"acf":[],"yoast_head":"<!-- This site is optimized with the Yoast SEO plugin v22.5 - https:\/\/yoast.com\/wordpress\/plugins\/seo\/ -->\n<title>Latvia branch - Budimex<\/title>\n<meta name=\"robots\" content=\"noindex, follow, max-snippet:-1, max-image-preview:large, max-video-preview:-1\" \/>\n<meta property=\"og:locale\" content=\"en_US\" \/>\n<meta property=\"og:type\" content=\"article\" \/>\n<meta property=\"og:title\" content=\"Latvia branch - Budimex\" \/>\n<meta property=\"og:url\" content=\"https:\/\/bdm-stg.mda.pl\/en\/foreign-markets\/latvia-branch\/\" \/>\n<meta property=\"og:site_name\" content=\"Budimex\" \/>\n<meta property=\"article:modified_time\" content=\"2025-07-07T22:16:22+00:00\" \/>\n<meta name=\"twitter:card\" content=\"summary_large_image\" \/>\n<script type=\"application\/ld+json\" class=\"yoast-schema-graph\">{\"@context\":\"https:\/\/schema.org\",\"@graph\":[{\"@type\":\"WebPage\",\"@id\":\"https:\/\/bdm-stg.mda.pl\/en\/foreign-markets\/latvia-branch\/\",\"url\":\"https:\/\/bdm-stg.mda.pl\/en\/foreign-markets\/latvia-branch\/\",\"name\":\"Latvia branch - Budimex\",\"isPartOf\":{\"@id\":\"https:\/\/bdm-stg.mda.pl\/en\/#website\"},\"datePublished\":\"2024-03-19T08:59:49+00:00\",\"dateModified\":\"2025-07-07T22:16:22+00:00\",\"breadcrumb\":{\"@id\":\"https:\/\/bdm-stg.mda.pl\/en\/foreign-markets\/latvia-branch\/#breadcrumb\"},\"inLanguage\":\"en-US\",\"potentialAction\":[{\"@type\":\"ReadAction\",\"target\":[\"https:\/\/bdm-stg.mda.pl\/en\/foreign-markets\/latvia-branch\/\"]}]},{\"@type\":\"BreadcrumbList\",\"@id\":\"https:\/\/bdm-stg.mda.pl\/en\/foreign-markets\/latvia-branch\/#breadcrumb\",\"itemListElement\":[{\"@type\":\"ListItem\",\"position\":1,\"name\":\"Home\",\"item\":\"https:\/\/bdm-stg.mda.pl\/en\/\"},{\"@type\":\"ListItem\",\"position\":2,\"name\":\"Foreign markets\",\"item\":\"https:\/\/bdm-stg.mda.pl\/en\/foreign-markets\/\"},{\"@type\":\"ListItem\",\"position\":3,\"name\":\"Latvia branch\"}]},{\"@type\":\"WebSite\",\"@id\":\"https:\/\/bdm-stg.mda.pl\/en\/#website\",\"url\":\"https:\/\/bdm-stg.mda.pl\/en\/\",\"name\":\"Budimex\",\"description\":\"\",\"potentialAction\":[{\"@type\":\"SearchAction\",\"target\":{\"@type\":\"EntryPoint\",\"urlTemplate\":\"https:\/\/bdm-stg.mda.pl\/en\/?s={search_term_string}\"},\"query-input\":\"required name=search_term_string\"}],\"inLanguage\":\"en-US\"}]}<\/script>\n<!-- \/ Yoast SEO plugin. -->","yoast_head_json":{"title":"Latvia branch - Budimex","robots":{"index":"noindex","follow":"follow","max-snippet":"max-snippet:-1","max-image-preview":"max-image-preview:large","max-video-preview":"max-video-preview:-1"},"og_locale":"en_US","og_type":"article","og_title":"Latvia branch - Budimex","og_url":"https:\/\/bdm-stg.mda.pl\/en\/foreign-markets\/latvia-branch\/","og_site_name":"Budimex","article_modified_time":"2025-07-07T22:16:22+00:00","twitter_card":"summary_large_image","schema":{"@context":"https:\/\/schema.org","@graph":[{"@type":"WebPage","@id":"https:\/\/bdm-stg.mda.pl\/en\/foreign-markets\/latvia-branch\/","url":"https:\/\/bdm-stg.mda.pl\/en\/foreign-markets\/latvia-branch\/","name":"Latvia branch - Budimex","isPartOf":{"@id":"https:\/\/bdm-stg.mda.pl\/en\/#website"},"datePublished":"2024-03-19T08:59:49+00:00","dateModified":"2025-07-07T22:16:22+00:00","breadcrumb":{"@id":"https:\/\/bdm-stg.mda.pl\/en\/foreign-markets\/latvia-branch\/#breadcrumb"},"inLanguage":"en-US","potentialAction":[{"@type":"ReadAction","target":["https:\/\/bdm-stg.mda.pl\/en\/foreign-markets\/latvia-branch\/"]}]},{"@type":"BreadcrumbList","@id":"https:\/\/bdm-stg.mda.pl\/en\/foreign-markets\/latvia-branch\/#breadcrumb","itemListElement":[{"@type":"ListItem","position":1,"name":"Home","item":"https:\/\/bdm-stg.mda.pl\/en\/"},{"@type":"ListItem","position":2,"name":"Foreign markets","item":"https:\/\/bdm-stg.mda.pl\/en\/foreign-markets\/"},{"@type":"ListItem","position":3,"name":"Latvia branch"}]},{"@type":"WebSite","@id":"https:\/\/bdm-stg.mda.pl\/en\/#website","url":"https:\/\/bdm-stg.mda.pl\/en\/","name":"Budimex","description":"","potentialAction":[{"@type":"SearchAction","target":{"@type":"EntryPoint","urlTemplate":"https:\/\/bdm-stg.mda.pl\/en\/?s={search_term_string}"},"query-input":"required name=search_term_string"}],"inLanguage":"en-US"}]}},"_links":{"self":[{"href":"https:\/\/bdm-stg.mda.pl\/en\/wp-json\/wp\/v2\/pages\/135442"}],"collection":[{"href":"https:\/\/bdm-stg.mda.pl\/en\/wp-json\/wp\/v2\/pages"}],"about":[{"href":"https:\/\/bdm-stg.mda.pl\/en\/wp-json\/wp\/v2\/types\/page"}],"author":[{"embeddable":true,"href":"https:\/\/bdm-stg.mda.pl\/en\/wp-json\/wp\/v2\/users\/1"}],"replies":[{"embeddable":true,"href":"https:\/\/bdm-stg.mda.pl\/en\/wp-json\/wp\/v2\/comments?post=135442"}],"version-history":[{"count":3,"href":"https:\/\/bdm-stg.mda.pl\/en\/wp-json\/wp\/v2\/pages\/135442\/revisions"}],"predecessor-version":[{"id":142520,"href":"https:\/\/bdm-stg.mda.pl\/en\/wp-json\/wp\/v2\/pages\/135442\/revisions\/142520"}],"up":[{"embeddable":true,"href":"https:\/\/bdm-stg.mda.pl\/en\/wp-json\/wp\/v2\/pages\/135784"}],"wp:attachment":[{"href":"https:\/\/bdm-stg.mda.pl\/en\/wp-json\/wp\/v2\/media?parent=135442"}],"curies":[{"name":"wp","href":"https:\/\/api.w.org\/{rel}","templated":true}]}}