{"id":135607,"date":"2024-02-07T08:39:53","date_gmt":"2024-02-07T08:39:53","guid":{"rendered":"https:\/\/bdm-stg.mda.pl\/ppp-projects\/"},"modified":"2025-07-07T23:17:45","modified_gmt":"2025-07-07T22:17:45","slug":"ppp-projects","status":"publish","type":"page","link":"https:\/\/bdm-stg.mda.pl\/en\/offer\/ppp-projects\/","title":{"rendered":"PPP projects"},"content":{"rendered":"\n<section id=\"block_5b021b373ec5c266da9ae716eed0db72\" class=\"text-block   -hide-dots \">\n    <div class=\"container\">\n        <div class=\"row\">\n            <div class=\"col-24 col-lg-18\">\n                                                    <div class=\"text-block__top-texts under-h2\">\n                        <h2 class=\"text-block__title\">PPP projects<\/h2>\n                                            <\/div>\n                                                                            <\/div>\n                                                                                                                                <\/div>\n    <\/div>\n<\/section>\n<section id=\"block_eb4ec99053565d61aecdb98c027b0a99\" class=\"pages-content \" data-pages-content>\n    <input type=\"hidden\" name=\"\" value=\"135607\" data-pages-content-post-id>\n    <input type=\"hidden\" name=\"\" value=\"default\" data-pages-content-card-theme>\n    <input type=\"hidden\" name=\"\" value=\"-1\" data-pages-content-main-cat>\n    <div class=\"container\">\n        <div class=\"row\">\n            <div class=\"col-24\">\n                <div class=\"pages-content__categories\">\n                    <div class=\"pages-content__loader d-none\" data-pages-content-loader>\n                        <div class=\"loader  loader--theme-default \">\n    <div><\/div>\n    <div><\/div>\n    <div><\/div>\n    <div><\/div>\n<\/div>                    <\/div>\n                    \n<div \n    class=\"filter-switcher \"\n    data-filter-switcher\n                >\n        <div class=\"filter-switcher__item current\">\n            <button class=\"filter-switcher__button\" data-filter-switcher-current>\n                                <div class=\"filter-switcher__buttonIcon\">\n                    <img decoding=\"async\" src=\"https:\/\/bdm-stg.mda.pl\/app\/themes\/main\/dist\/img\/icon-category.svg\" alt=\"ikonka kategorii\" data-filter-switcher-current-icon>\n                <\/div>\n                                <p class=\"filter-switcher__buttonText\" data-filter-switcher-current-text>\n                    Select category                <\/p>\n                                    <div class=\"filter-switcher__toggle icon icon-arrow-down\"><\/div>\n                            <\/button>\n        <\/div>\n    <ul class=\"filter-switcher__wrapper columns-2\" data-filter-switcher-wrapper>\n                    <li class=\"filter-switcher__item\">\n            <button \n                class=\"filter-switcher__button \" \n                data-filter-switcher-item=\"135553\"\n                data-filter-switcher-settings=\"\"\n                data-filter-switcher-toggle-dependant=\"135553\"            >\n                                <p class=\"filter-switcher__buttonText\" data-filter-switcher-item-name>About our PPP projects<\/p>\n            <\/button>\n                    <\/li>\n                    <li class=\"filter-switcher__item\">\n            <button \n                class=\"filter-switcher__button \" \n                data-filter-switcher-item=\"135529\"\n                data-filter-switcher-settings=\"\"\n                data-filter-switcher-toggle-dependant=\"135529\"            >\n                                <p class=\"filter-switcher__buttonText\" data-filter-switcher-item-name>Budimex and Ferrovial under PPP<\/p>\n            <\/button>\n                    <\/li>\n        <\/ul>\n<\/div>                    <div class=\"pages-content__nested-categories\">\n                                            <\/div>\n                <\/div>\n            <\/div>\n        <\/div>\n    <\/div>\n    <div class=\"pages-content__content\">\n        <div class=\"pages-content__noResults d-none\" data-pages-content-no-results>\n            <div class=\"container\">\n                <span class=\"typo-h5 f-700 d-block under-h5\">No content to display.<\/span>\n            <\/div>\n        <\/div>\n        <div class=\"pages-content__grid\" data-pages-content-wrapper><\/div>\n    <\/div>\n<\/section>    <section id=\"block_87288b56bd47ba1e40317a2e1d896de3\" class=\"contact-box  dark \">\n        <div class=\"contact-box__wrapper\">\n            <div class=\"container\">\n                <div class=\"row align-items-center\">\n                    <div class=\"col-24 col-lg-6\">\n                        <div class=\"contact-box__text\">\n                            <div class=\"contact-box__header under-h3\">\n                                <h2 class=\"typo-h2\">Contact us!<\/h2>\n                            <\/div>\n                            <div class=\"contact-box__excerpt\">\n                                <p class=\"typo-24\">Contact details of persons responsible for communication with stakeholders.<\/p>\n                            <\/div>\n                                                    <\/div>\n                    <\/div>\n                    <div class=\"col-24 col-lg-18\">\n                        <div class=\"contact-box__contacts-list\">\n                            <div class=\"row swiper-wrapper contact-box__list-row\">\n                                                                    <div class=\"col-24 col-lg-8 swiper-slide contact-box__box-col\">\n                                                                                <div class=\"contact-box__person\">\n                                                                                            <div class=\"contact-box__personImage\">\n                                                    <img decoding=\"async\" src=\"https:\/\/bdm-stg.mda.pl\/app\/uploads\/2023\/10\/7ec331cd336dc0a3ff62b495762019f1-e1713530767363.png\" alt=\"\">\n                                                <\/div>\n                                                                                        <div class=\"contact-box__personData d-flex flex-column justify-content-between\">\n                                                <div>\n                                                    <h5 class=\"contact-box__personName\">Adam Skwarski<\/h5>\n                                                                                                            <p class=\"contact-box__personPosition\">Director of the Investment and Development Directorate<\/p>\n                                                                                                    <\/div>\n                                                <div>\n                                                                                                                                                                <a href=\"tel:+48 797 601 732\" class=\"contact-box__personEmail typo-14\"><i class=\"icon typo-18 icon-phone-outline d-flex color-gold-100\"><\/i>+48 797 601 732<\/a>\n                                                                                                                                                                <a href=\"mailto:adam.skwarski@budimex.pl\" class=\"contact-box__personEmail typo-14\"><i class=\"icon typo-18 icon-email d-flex color-gold-100\"><\/i>adam.skwarski@budimex.pl<\/a>\n                                                                                                    <\/div>\n                                            <\/div>\n                                        <\/div>\n                                    <\/div>\n                                                                    <div class=\"col-24 col-lg-8 swiper-slide contact-box__box-col\">\n                                                                                <div class=\"contact-box__person\">\n                                                                                            <div class=\"contact-box__personImage\">\n                                                    <img decoding=\"async\" src=\"https:\/\/bdm-stg.mda.pl\/app\/uploads\/2024\/02\/DUB07147prew-e1713530658945.jpg\" alt=\"\">\n                                                <\/div>\n                                                                                        <div class=\"contact-box__personData d-flex flex-column justify-content-between\">\n                                                <div>\n                                                    <h5 class=\"contact-box__personName\">Maciej \u0141\u0105czy\u0144ski<\/h5>\n                                                                                                            <p class=\"contact-box__personPosition\">Head of Affairs investment and development<\/p>\n                                                                                                    <\/div>\n                                                <div>\n                                                                                                                                                                <a href=\"tel:+48 571 332 466\" class=\"contact-box__personEmail typo-14\"><i class=\"icon typo-18 icon-phone-outline d-flex color-gold-100\"><\/i>+48 571 332 466<\/a>\n                                                                                                                                                                <a href=\"mailto:maciej.laczynski@budimex.pl\" class=\"contact-box__personEmail typo-14\"><i class=\"icon typo-18 icon-email d-flex color-gold-100\"><\/i>maciej.laczynski@budimex.pl<\/a>\n                                                                                                    <\/div>\n                                            <\/div>\n                                        <\/div>\n                                    <\/div>\n                                                            <\/div>\n                                                            <div class=\"d-lg-none contact-box__pagination-wrapper\">\n                                    <div class=\"swiper-pagination-contact-box bottom-pagination\"><\/div>\n                                <\/div>\n                                                    <\/div>\n                    <\/div>\n                <\/div>\n            <\/div>\n        <\/div>\n    <\/section>\n","protected":false},"excerpt":{"rendered":"","protected":false},"author":1,"featured_media":0,"parent":135753,"menu_order":45,"comment_status":"closed","ping_status":"closed","template":"page-templates\/page-offer.php","meta":{"_acf_changed":false,"inline_featured_image":false,"footnotes":""},"acf":[],"yoast_head":"<!-- This site is optimized with the Yoast SEO plugin v22.5 - https:\/\/yoast.com\/wordpress\/plugins\/seo\/ -->\n<title>PPP projects - Budimex<\/title>\n<meta name=\"robots\" content=\"noindex, follow, max-snippet:-1, max-image-preview:large, max-video-preview:-1\" \/>\n<meta property=\"og:locale\" content=\"en_US\" \/>\n<meta property=\"og:type\" content=\"article\" \/>\n<meta property=\"og:title\" content=\"PPP projects - Budimex\" \/>\n<meta property=\"og:url\" content=\"https:\/\/bdm-stg.mda.pl\/en\/offer\/ppp-projects\/\" \/>\n<meta property=\"og:site_name\" content=\"Budimex\" \/>\n<meta property=\"article:modified_time\" content=\"2025-07-07T22:17:45+00:00\" \/>\n<meta name=\"twitter:card\" content=\"summary_large_image\" \/>\n<script type=\"application\/ld+json\" class=\"yoast-schema-graph\">{\"@context\":\"https:\/\/schema.org\",\"@graph\":[{\"@type\":\"WebPage\",\"@id\":\"https:\/\/bdm-stg.mda.pl\/en\/offer\/ppp-projects\/\",\"url\":\"https:\/\/bdm-stg.mda.pl\/en\/offer\/ppp-projects\/\",\"name\":\"PPP projects - Budimex\",\"isPartOf\":{\"@id\":\"https:\/\/bdm-stg.mda.pl\/en\/#website\"},\"datePublished\":\"2024-02-07T08:39:53+00:00\",\"dateModified\":\"2025-07-07T22:17:45+00:00\",\"breadcrumb\":{\"@id\":\"https:\/\/bdm-stg.mda.pl\/en\/offer\/ppp-projects\/#breadcrumb\"},\"inLanguage\":\"en-US\",\"potentialAction\":[{\"@type\":\"ReadAction\",\"target\":[\"https:\/\/bdm-stg.mda.pl\/en\/offer\/ppp-projects\/\"]}]},{\"@type\":\"BreadcrumbList\",\"@id\":\"https:\/\/bdm-stg.mda.pl\/en\/offer\/ppp-projects\/#breadcrumb\",\"itemListElement\":[{\"@type\":\"ListItem\",\"position\":1,\"name\":\"Home\",\"item\":\"https:\/\/bdm-stg.mda.pl\/en\/\"},{\"@type\":\"ListItem\",\"position\":2,\"name\":\"Offer\",\"item\":\"https:\/\/bdm-stg.mda.pl\/en\/offer\/\"},{\"@type\":\"ListItem\",\"position\":3,\"name\":\"PPP projects\"}]},{\"@type\":\"WebSite\",\"@id\":\"https:\/\/bdm-stg.mda.pl\/en\/#website\",\"url\":\"https:\/\/bdm-stg.mda.pl\/en\/\",\"name\":\"Budimex\",\"description\":\"\",\"potentialAction\":[{\"@type\":\"SearchAction\",\"target\":{\"@type\":\"EntryPoint\",\"urlTemplate\":\"https:\/\/bdm-stg.mda.pl\/en\/?s={search_term_string}\"},\"query-input\":\"required name=search_term_string\"}],\"inLanguage\":\"en-US\"}]}<\/script>\n<!-- \/ Yoast SEO plugin. -->","yoast_head_json":{"title":"PPP projects - Budimex","robots":{"index":"noindex","follow":"follow","max-snippet":"max-snippet:-1","max-image-preview":"max-image-preview:large","max-video-preview":"max-video-preview:-1"},"og_locale":"en_US","og_type":"article","og_title":"PPP projects - Budimex","og_url":"https:\/\/bdm-stg.mda.pl\/en\/offer\/ppp-projects\/","og_site_name":"Budimex","article_modified_time":"2025-07-07T22:17:45+00:00","twitter_card":"summary_large_image","schema":{"@context":"https:\/\/schema.org","@graph":[{"@type":"WebPage","@id":"https:\/\/bdm-stg.mda.pl\/en\/offer\/ppp-projects\/","url":"https:\/\/bdm-stg.mda.pl\/en\/offer\/ppp-projects\/","name":"PPP projects - Budimex","isPartOf":{"@id":"https:\/\/bdm-stg.mda.pl\/en\/#website"},"datePublished":"2024-02-07T08:39:53+00:00","dateModified":"2025-07-07T22:17:45+00:00","breadcrumb":{"@id":"https:\/\/bdm-stg.mda.pl\/en\/offer\/ppp-projects\/#breadcrumb"},"inLanguage":"en-US","potentialAction":[{"@type":"ReadAction","target":["https:\/\/bdm-stg.mda.pl\/en\/offer\/ppp-projects\/"]}]},{"@type":"BreadcrumbList","@id":"https:\/\/bdm-stg.mda.pl\/en\/offer\/ppp-projects\/#breadcrumb","itemListElement":[{"@type":"ListItem","position":1,"name":"Home","item":"https:\/\/bdm-stg.mda.pl\/en\/"},{"@type":"ListItem","position":2,"name":"Offer","item":"https:\/\/bdm-stg.mda.pl\/en\/offer\/"},{"@type":"ListItem","position":3,"name":"PPP projects"}]},{"@type":"WebSite","@id":"https:\/\/bdm-stg.mda.pl\/en\/#website","url":"https:\/\/bdm-stg.mda.pl\/en\/","name":"Budimex","description":"","potentialAction":[{"@type":"SearchAction","target":{"@type":"EntryPoint","urlTemplate":"https:\/\/bdm-stg.mda.pl\/en\/?s={search_term_string}"},"query-input":"required name=search_term_string"}],"inLanguage":"en-US"}]}},"_links":{"self":[{"href":"https:\/\/bdm-stg.mda.pl\/en\/wp-json\/wp\/v2\/pages\/135607"}],"collection":[{"href":"https:\/\/bdm-stg.mda.pl\/en\/wp-json\/wp\/v2\/pages"}],"about":[{"href":"https:\/\/bdm-stg.mda.pl\/en\/wp-json\/wp\/v2\/types\/page"}],"author":[{"embeddable":true,"href":"https:\/\/bdm-stg.mda.pl\/en\/wp-json\/wp\/v2\/users\/1"}],"replies":[{"embeddable":true,"href":"https:\/\/bdm-stg.mda.pl\/en\/wp-json\/wp\/v2\/comments?post=135607"}],"version-history":[{"count":2,"href":"https:\/\/bdm-stg.mda.pl\/en\/wp-json\/wp\/v2\/pages\/135607\/revisions"}],"predecessor-version":[{"id":135612,"href":"https:\/\/bdm-stg.mda.pl\/en\/wp-json\/wp\/v2\/pages\/135607\/revisions\/135612"}],"up":[{"embeddable":true,"href":"https:\/\/bdm-stg.mda.pl\/en\/wp-json\/wp\/v2\/pages\/135753"}],"wp:attachment":[{"href":"https:\/\/bdm-stg.mda.pl\/en\/wp-json\/wp\/v2\/media?parent=135607"}],"curies":[{"name":"wp","href":"https:\/\/api.w.org\/{rel}","templated":true}]}}