{"id":135611,"date":"2024-02-20T10:26:59","date_gmt":"2024-02-20T10:26:59","guid":{"rendered":"https:\/\/bdm-stg.mda.pl\/health-and-safety-policy\/"},"modified":"2025-07-07T23:17:23","modified_gmt":"2025-07-07T22:17:23","slug":"health-and-safety-policy","status":"publish","type":"page","link":"https:\/\/bdm-stg.mda.pl\/en\/safety\/health-and-safety-policy\/","title":{"rendered":"Health and Safety Policy"},"content":{"rendered":"\n<section id=\"block_a69c702ebdbaf067c621b01c29f4d506\" class=\"text-block   -hide-dots section-margin-32\">\n    <div class=\"container\">\n        <div class=\"row\">\n            <div class=\"col-24 col-lg-16\">\n                                                    <div class=\"text-block__top-texts under-h2\">\n                        <h2 class=\"text-block__title\">Occupational health and safety policy<\/h2>\n                                            <\/div>\n                                                                            <\/div>\n                                                                                                                                <\/div>\n    <\/div>\n<\/section>\n\n\n<section id=\"block_4a52ab0f5e1f1f49f0fa5bbde3709a8a\" class=\"quote  quote--white section-margin-72 -safety\">\n        <div class=\"container p-relative\">\n                <div class=\"row\">\n            <div class=\"col-24\">\n                <div class=\"quote__wrapper  quote__row-white-section\">\n                                        <div class=\"row quote__row align-items-lg-start\">\n                        <div class=\"offset-lg-1 col-lg-8\">\n                                                            <img loading=\"lazy\" decoding=\"async\" width=\"800\" height=\"1200\" src=\"https:\/\/bdm-stg.mda.pl\/app\/uploads\/2024\/06\/2024_04_04_Budimex_0149_prev.jpg\" class=\"quote__image\" alt=\"\" srcset=\"https:\/\/bdm-stg.mda.pl\/app\/uploads\/2024\/06\/2024_04_04_Budimex_0149_prev.jpg 800w, https:\/\/bdm-stg.mda.pl\/app\/uploads\/2024\/06\/2024_04_04_Budimex_0149_prev-683x1024.jpg 683w\" sizes=\"(max-width: 800px) 100vw, 800px\" \/>                                                                                <\/div>\n                        <div class=\"offset-lg-1 col-lg-14\">\n                            <div class=\"quote__content -bigger-padding\">\n                                                                                                    <div class=\"quote__quote-wrapper quote__quote-wrapper--small\">\n                                        <p>Grupa Budimex wykorzystuje na\u00a0ka\u017cdym kroku inicjatyw\u0119, do\u015bwiadczenie,<br \/>\nnowe rozwi\u0105zania techniczne oraz\u00a0skuteczne systemy zarz\u0105dzania, aby:<\/p>\n<ul>\n<li>zapewni\u0107 bezpieczne i\u00a0higieniczne warunki pracy, kt\u00f3re w\u00a0spos\u00f3b efektywny b\u0119d\u0105 zapobiega\u0107 wypadkom, zdarzeniom potencjalnie wypadkowym i\u00a0chorobom zawodowym pracownik\u00f3w sp\u00f3\u0142ek i\u00a0podwykonawc\u00f3w oraz\u00a0utrzymywa\u0107 wysoki poziom bezpiecze\u0144stwa pracy<\/li>\n<li>zapewni\u0107 w\u0142a\u015bciwy do\u00a0zakresu prowadzonej dzia\u0142alno\u015bci kontekst organizacji, w\u00a0tym wszystkich zainteresowanych stron oraz\u00a0zwi\u0105zanych z\u00a0nimi ryzyk i\u00a0szans;<\/li>\n<li>zapewni\u0107 nadzorowanie oraz\u00a0redukcj\u0119 ryzyka BHP zgodnie z\u00a0zasad\u0105 hierarchii nadzoru;<\/li>\n<li>monitorowa\u0107 i\u00a0\u015bci\u015ble przestrzega\u0107 obowi\u0105zuj\u0105cych przepis\u00f3w prawnych i\u00a0innych z\u00a0dziedziny BHP, a\u00a0zwi\u0105zanych z\u00a0dzia\u0142alno\u015bci\u0105 danej sp\u00f3\u0142ki;<\/li>\n<li>zapewni\u0107 w\u0142a\u015bciwe szkolenia pracownikom sp\u00f3\u0142ek z\u00a0Grupy, aby ci\u0105gle podnosi\u0107 ich zaanga\u017cowanie oraz\u00a0\u015bwiadomo\u015b\u0107 na\u00a0rzecz poprawy warunk\u00f3w pracy oraz\u00a0budowania przyw\u00f3dztwa na\u00a0ka\u017cdym szczeblu organizacyjnym;<\/li>\n<li>stwarza\u0107 wszystkim pracownikom, ich przedstawicielom warunki do\u00a0konsultacji i\u00a0wsp\u00f3\u0142udzia\u0142u w\u00a0tworzeniu wsp\u00f3lnego bezpiecze\u0144stwa poprzez wspieranie inicjatyw na\u00a0rzecz doskonalenia proces\u00f3w BHP;<\/li>\n<li>nieustannie doskonali\u0107 system zarz\u0105dzania BHP poprzez wymian\u0119 najlepszych dost\u0119pnych praktyk w\u00a0celu zapobiegania incydentom i\u00a0budowania kultury BHP.<\/li>\n<\/ul>\n<p>Ka\u017cde dzia\u0142anie, kt\u00f3re mo\u017ce mie\u0107 pozytywny wp\u0142yw na\u00a0bezpiecze\u0144stwo i\u00a0higien\u0119 pracy jest wspierane przez\u00a0Zarz\u0105dy sp\u00f3\u0142ek z\u00a0Grupy. W\u00a0realizacji strategii kluczow\u0105 rol\u0119 odgrywa zarz\u0105dzanie zasobami ludzkimi, a\u00a0w\u00a0szczeg\u00f3lno\u015bci w\u0142a\u015bciwy dob\u00f3r dostawc\u00f3w oraz\u00a0zapewnienie kompetentnych s\u0142u\u017cb BHP, anga\u017cuj\u0105cych si\u0119 w\u00a0ci\u0105g\u0142e doskonalenie proces\u00f3w z\u00a0zakresu bezpiecze\u0144stwa i\u00a0higieny pracy. Polityka ma\u00a0zastosowanie wobec wszystkich pracownik\u00f3w sp\u00f3\u0142ek oraz\u00a0jej dostawc\u00f3w, kt\u00f3rzy\u00a0zostali zobowi\u0105zani do\u00a0stosowania standard\u00f3w, obowi\u0105zuj\u0105cych procedur, instrukcji, plan\u00f3w bezpiecze\u0144stwa oraz\u00a0w\u0142a\u015bciwych specyfice Plan\u00f3w BIOZ. Ka\u017cdy pracownik Grupy Budimex, niezale\u017cnie od\u00a0miejsca w\u00a0strukturze organizacyjnej sp\u00f3\u0142ki powinien by\u0107 oddany dzia\u0142aniom na\u00a0rzecz poprawy stanu bezpiecze\u0144stwa i\u00a0higieny pracy.<\/p>\n<p>Deklaruj\u0119 wdro\u017cenie Polityki BHP oraz\u00a0sta\u0142e jej doskonalenie.<\/p>\n<p>Artur Popko<\/p>                                    <\/div>\n                                                                                                                                                            <\/div>\n                        <\/div>\n                    <\/div>\n                <\/div>\n            <\/div>\n        <\/div>\n    <\/div>\n<\/section>\n\n\n<section id=\"block_0f5dfd9b26bff2f7e1f23b29cf90db69\" class=\"attachments section-margin-120\" data-attachments >\n    <div class=\"container\">\n        <div class=\"row attachments__content  -remove-margin\">\n            <div class=\"col-24\">\n                                                            <\/div>\n                    <\/div>\n                    <div class=\"row attachments__list attachments__list--3\">\n                                    <div class=\"col-24 col-lg-8 attachments__file\">\n                        <div class=\"attachments__fileItem\">\n                            \n<div class=\"card-attachment  card-attachment--preview -hide-inner\">\n            <div class=\"card-attachment__preview\">\n            \n                                            <a href=\"https:\/\/bdm-stg.mda.pl\/app\/uploads\/2024\/02\/budimex-2.png\">\n                    <img loading=\"lazy\" decoding=\"async\" width=\"164\" height=\"34\" src=\"https:\/\/bdm-stg.mda.pl\/app\/uploads\/2024\/02\/budimex-2.png\" class=\"attachment-full size-full\" alt=\"\" \/>                <\/a>\n                    <\/div>\n        <\/div>                        <\/div>\n                    <\/div>\n                                    <div class=\"col-24 col-lg-8 attachments__file\">\n                        <div class=\"attachments__fileItem\">\n                            \n<div class=\"card-attachment  card-attachment--preview -hide-inner\">\n            <div class=\"card-attachment__preview\">\n            \n                                            <a href=\"https:\/\/bdm-stg.mda.pl\/app\/uploads\/2024\/02\/Frame-16885.png\">\n                    <img loading=\"lazy\" decoding=\"async\" width=\"164\" height=\"64\" src=\"https:\/\/bdm-stg.mda.pl\/app\/uploads\/2024\/02\/Frame-16885.png\" class=\"attachment-full size-full\" alt=\"\" \/>                <\/a>\n                    <\/div>\n        <\/div>                        <\/div>\n                    <\/div>\n                                    <div class=\"col-24 col-lg-8 attachments__file\">\n                        <div class=\"attachments__fileItem\">\n                            \n<div class=\"card-attachment  card-attachment--preview -hide-inner\">\n            <div class=\"card-attachment__preview\">\n            \n                                            <a href=\"https:\/\/bdm-stg.mda.pl\/app\/uploads\/2024\/02\/Frame-2942.png\">\n                    <img loading=\"lazy\" decoding=\"async\" width=\"164\" height=\"60\" src=\"https:\/\/bdm-stg.mda.pl\/app\/uploads\/2024\/02\/Frame-2942.png\" class=\"attachment-full size-full\" alt=\"\" \/>                <\/a>\n                    <\/div>\n        <\/div>                        <\/div>\n                    <\/div>\n                                    <div class=\"col-24 col-lg-8 attachments__file\">\n                        <div class=\"attachments__fileItem\">\n                            \n<div class=\"card-attachment  card-attachment--preview -hide-inner\">\n            <div class=\"card-attachment__preview\">\n            \n                                            <a href=\"https:\/\/bdm-stg.mda.pl\/app\/uploads\/2024\/02\/Frame-16889.png\">\n                    <img loading=\"lazy\" decoding=\"async\" width=\"164\" height=\"64\" src=\"https:\/\/bdm-stg.mda.pl\/app\/uploads\/2024\/02\/Frame-16889.png\" class=\"attachment-full size-full\" alt=\"\" \/>                <\/a>\n                    <\/div>\n        <\/div>                        <\/div>\n                    <\/div>\n                                    <div class=\"col-24 col-lg-8 attachments__file\">\n                        <div class=\"attachments__fileItem\">\n                            \n<div class=\"card-attachment  card-attachment--preview -hide-inner\">\n            <div class=\"card-attachment__preview\">\n            \n                                            <a href=\"https:\/\/bdm-stg.mda.pl\/app\/uploads\/2024\/02\/Frame-16891.png\">\n                    <img loading=\"lazy\" decoding=\"async\" width=\"188\" height=\"60\" src=\"https:\/\/bdm-stg.mda.pl\/app\/uploads\/2024\/02\/Frame-16891.png\" class=\"attachment-full size-full\" alt=\"\" \/>                <\/a>\n                    <\/div>\n        <\/div>                        <\/div>\n                    <\/div>\n                                    <div class=\"col-24 col-lg-8 attachments__file\">\n                        <div class=\"attachments__fileItem\">\n                            \n<div class=\"card-attachment  card-attachment--preview -hide-inner\">\n            <div class=\"card-attachment__preview\">\n            \n                                            <a href=\"https:\/\/bdm-stg.mda.pl\/app\/uploads\/2024\/02\/Frame-16884.png\">\n                    <img loading=\"lazy\" decoding=\"async\" width=\"148\" height=\"34\" src=\"https:\/\/bdm-stg.mda.pl\/app\/uploads\/2024\/02\/Frame-16884.png\" class=\"attachment-full size-full\" alt=\"\" \/>                <\/a>\n                    <\/div>\n        <\/div>                        <\/div>\n                    <\/div>\n                            <\/div>\n                    <\/div>\n<\/section>\n\n\n<section id=\"block_c1671721d47c26861c21b6401b84e0a5\" class=\"attachments section-margin-120\" data-attachments >\n    <div class=\"container\">\n        <div class=\"row attachments__content  -remove-margin\">\n            <div class=\"col-24\">\n                                    <div class=\"attachments__header under-h2\" >\n                                                    <h2 class=\"typo-h2\">File to&nbsp;download<\/h2>\n                                            <\/div>\n                                                            <\/div>\n                    <\/div>\n                    <div class=\"row attachments__list attachments__list--3\">\n                                    <div class=\"col-24 col-lg-8 attachments__file\">\n                        <div class=\"attachments__fileItem\">\n                            \n<div class=\"card-attachment \">\n                <div class=\"card-attachment__inner\">\n            <div class=\"card-attachment__title\">\n                <p class=\"typo-h5 f-700\">Occupational health and safety policy<\/p>\n            <\/div>\n                        <div class=\"card-attachment__bottom\">\n                                    <a href=\"https:\/\/bdm-stg.mda.pl\/app\/uploads\/2024\/04\/Polityka-bezpieczenstwa-i-higieny-pracy.pdf\" class=\"card-attachment__icon\" target=\"_blank\" download>\n                        <img decoding=\"async\" src=\"https:\/\/bdm-stg.mda.pl\/app\/themes\/main\/src\/img\/icon_pdf.png\" alt=\"Download file - icon\">\n                    <\/a>\n                    <div class=\"card-attachment__download\">\n                        <a class=\"typo-14\" href=\"https:\/\/bdm-stg.mda.pl\/app\/uploads\/2024\/04\/Polityka-bezpieczenstwa-i-higieny-pracy.pdf\" target=\"_blank\" download>Download file PDF<\/a>\n                    <\/div>\n                            <\/div>\n                    <\/div>\n    <\/div>                        <\/div>\n                    <\/div>\n                            <\/div>\n                    <\/div>\n<\/section>","protected":false},"excerpt":{"rendered":"","protected":false},"author":1,"featured_media":0,"parent":135824,"menu_order":148,"comment_status":"closed","ping_status":"closed","template":"page-templates\/gutenberg-text-hero.php","meta":{"_acf_changed":false,"inline_featured_image":false,"footnotes":""},"acf":[],"yoast_head":"<!-- This site is optimized with the Yoast SEO plugin v22.5 - https:\/\/yoast.com\/wordpress\/plugins\/seo\/ -->\n<title>Health and Safety Policy - Budimex<\/title>\n<meta name=\"robots\" content=\"noindex, follow, max-snippet:-1, max-image-preview:large, max-video-preview:-1\" \/>\n<meta property=\"og:locale\" content=\"en_US\" \/>\n<meta property=\"og:type\" content=\"article\" \/>\n<meta property=\"og:title\" content=\"Health and Safety Policy - Budimex\" \/>\n<meta property=\"og:url\" content=\"https:\/\/bdm-stg.mda.pl\/en\/safety\/health-and-safety-policy\/\" \/>\n<meta property=\"og:site_name\" content=\"Budimex\" \/>\n<meta property=\"article:modified_time\" content=\"2025-07-07T22:17:23+00:00\" \/>\n<meta name=\"twitter:card\" content=\"summary_large_image\" \/>\n<script type=\"application\/ld+json\" class=\"yoast-schema-graph\">{\"@context\":\"https:\/\/schema.org\",\"@graph\":[{\"@type\":\"WebPage\",\"@id\":\"https:\/\/bdm-stg.mda.pl\/en\/safety\/health-and-safety-policy\/\",\"url\":\"https:\/\/bdm-stg.mda.pl\/en\/safety\/health-and-safety-policy\/\",\"name\":\"Health and Safety Policy - Budimex\",\"isPartOf\":{\"@id\":\"https:\/\/bdm-stg.mda.pl\/en\/#website\"},\"datePublished\":\"2024-02-20T10:26:59+00:00\",\"dateModified\":\"2025-07-07T22:17:23+00:00\",\"breadcrumb\":{\"@id\":\"https:\/\/bdm-stg.mda.pl\/en\/safety\/health-and-safety-policy\/#breadcrumb\"},\"inLanguage\":\"en-US\",\"potentialAction\":[{\"@type\":\"ReadAction\",\"target\":[\"https:\/\/bdm-stg.mda.pl\/en\/safety\/health-and-safety-policy\/\"]}]},{\"@type\":\"BreadcrumbList\",\"@id\":\"https:\/\/bdm-stg.mda.pl\/en\/safety\/health-and-safety-policy\/#breadcrumb\",\"itemListElement\":[{\"@type\":\"ListItem\",\"position\":1,\"name\":\"Home\",\"item\":\"https:\/\/bdm-stg.mda.pl\/en\/\"},{\"@type\":\"ListItem\",\"position\":2,\"name\":\"Safety\",\"item\":\"https:\/\/bdm-stg.mda.pl\/en\/safety\/\"},{\"@type\":\"ListItem\",\"position\":3,\"name\":\"Health and Safety Policy\"}]},{\"@type\":\"WebSite\",\"@id\":\"https:\/\/bdm-stg.mda.pl\/en\/#website\",\"url\":\"https:\/\/bdm-stg.mda.pl\/en\/\",\"name\":\"Budimex\",\"description\":\"\",\"potentialAction\":[{\"@type\":\"SearchAction\",\"target\":{\"@type\":\"EntryPoint\",\"urlTemplate\":\"https:\/\/bdm-stg.mda.pl\/en\/?s={search_term_string}\"},\"query-input\":\"required name=search_term_string\"}],\"inLanguage\":\"en-US\"}]}<\/script>\n<!-- \/ Yoast SEO plugin. -->","yoast_head_json":{"title":"Health and Safety Policy - Budimex","robots":{"index":"noindex","follow":"follow","max-snippet":"max-snippet:-1","max-image-preview":"max-image-preview:large","max-video-preview":"max-video-preview:-1"},"og_locale":"en_US","og_type":"article","og_title":"Health and Safety Policy - Budimex","og_url":"https:\/\/bdm-stg.mda.pl\/en\/safety\/health-and-safety-policy\/","og_site_name":"Budimex","article_modified_time":"2025-07-07T22:17:23+00:00","twitter_card":"summary_large_image","schema":{"@context":"https:\/\/schema.org","@graph":[{"@type":"WebPage","@id":"https:\/\/bdm-stg.mda.pl\/en\/safety\/health-and-safety-policy\/","url":"https:\/\/bdm-stg.mda.pl\/en\/safety\/health-and-safety-policy\/","name":"Health and Safety Policy - Budimex","isPartOf":{"@id":"https:\/\/bdm-stg.mda.pl\/en\/#website"},"datePublished":"2024-02-20T10:26:59+00:00","dateModified":"2025-07-07T22:17:23+00:00","breadcrumb":{"@id":"https:\/\/bdm-stg.mda.pl\/en\/safety\/health-and-safety-policy\/#breadcrumb"},"inLanguage":"en-US","potentialAction":[{"@type":"ReadAction","target":["https:\/\/bdm-stg.mda.pl\/en\/safety\/health-and-safety-policy\/"]}]},{"@type":"BreadcrumbList","@id":"https:\/\/bdm-stg.mda.pl\/en\/safety\/health-and-safety-policy\/#breadcrumb","itemListElement":[{"@type":"ListItem","position":1,"name":"Home","item":"https:\/\/bdm-stg.mda.pl\/en\/"},{"@type":"ListItem","position":2,"name":"Safety","item":"https:\/\/bdm-stg.mda.pl\/en\/safety\/"},{"@type":"ListItem","position":3,"name":"Health and Safety Policy"}]},{"@type":"WebSite","@id":"https:\/\/bdm-stg.mda.pl\/en\/#website","url":"https:\/\/bdm-stg.mda.pl\/en\/","name":"Budimex","description":"","potentialAction":[{"@type":"SearchAction","target":{"@type":"EntryPoint","urlTemplate":"https:\/\/bdm-stg.mda.pl\/en\/?s={search_term_string}"},"query-input":"required name=search_term_string"}],"inLanguage":"en-US"}]}},"_links":{"self":[{"href":"https:\/\/bdm-stg.mda.pl\/en\/wp-json\/wp\/v2\/pages\/135611"}],"collection":[{"href":"https:\/\/bdm-stg.mda.pl\/en\/wp-json\/wp\/v2\/pages"}],"about":[{"href":"https:\/\/bdm-stg.mda.pl\/en\/wp-json\/wp\/v2\/types\/page"}],"author":[{"embeddable":true,"href":"https:\/\/bdm-stg.mda.pl\/en\/wp-json\/wp\/v2\/users\/1"}],"replies":[{"embeddable":true,"href":"https:\/\/bdm-stg.mda.pl\/en\/wp-json\/wp\/v2\/comments?post=135611"}],"version-history":[{"count":3,"href":"https:\/\/bdm-stg.mda.pl\/en\/wp-json\/wp\/v2\/pages\/135611\/revisions"}],"predecessor-version":[{"id":190303,"href":"https:\/\/bdm-stg.mda.pl\/en\/wp-json\/wp\/v2\/pages\/135611\/revisions\/190303"}],"up":[{"embeddable":true,"href":"https:\/\/bdm-stg.mda.pl\/en\/wp-json\/wp\/v2\/pages\/135824"}],"wp:attachment":[{"href":"https:\/\/bdm-stg.mda.pl\/en\/wp-json\/wp\/v2\/media?parent=135611"}],"curies":[{"name":"wp","href":"https:\/\/api.w.org\/{rel}","templated":true}]}}