{"id":135648,"date":"2024-02-13T13:42:43","date_gmt":"2024-02-13T13:42:43","guid":{"rendered":"https:\/\/bdm-stg.mda.pl\/social-media\/"},"modified":"2025-07-07T23:17:44","modified_gmt":"2025-07-07T22:17:44","slug":"social-media","status":"publish","type":"page","link":"https:\/\/bdm-stg.mda.pl\/en\/media\/social-media\/","title":{"rendered":"Social media"},"content":{"rendered":"\n<section id=\"block_fbc1d8ced0087007a916a5df8e8f0567\" class=\"press-list  section-margin-120\" data-press-list data-press-list-settings='{\"per_page\":\"12\",\"post_type\":\"social_media\",\"is_first_highlighted\":false,\"is_show_date\":false,\"are_childrens\":false,\"current_page\":135648,\"is_gray_card\":false}'>\n    <div class=\"container\">\n                    <h2 class=\"under-h2\">Social media<\/h2>\n                        <div class=\"row press-list__posts\">\n            <div class=\"press-list__loader hide\" data-press-list-loader>\n                <div class=\"loader  loader--theme-default \">\n    <div><\/div>\n    <div><\/div>\n    <div><\/div>\n    <div><\/div>\n<\/div>            <\/div>\n            <div class=\"col-24\">\n                                <div class=\"row press-list__row\" data-press-list-wrapper>\n                     \n<div class=\"col-24 col-lg-8 under-h3\">\n    <div class=\"press-list__post  h-100\" data-press-list-item=\"23961\">\n                \n    <div class=\"card-social_media\">\n                    <a href=\"https:\/\/t.co\/J5Fe3Cdots\" class=\"card-social_media__link\" target=\"_blank\"><\/a>\n                    <div class=\"card-social_media__overlay\"><\/div>\n                            <div class=\"card-social_media__content\">\n                <div class=\"card-social_media__description\">\n                    To by\u0142by krok, dla obu stron procesu inwestycyjnego, w dobr\u0105 stron\u0119. Warto pami\u0119ta\u0107, \u017ce waloryzacja dzia\u0142a w obie strony + \u017ce jest limitowana warto\u015bci\u0105 50% kontraktu.                <\/div>\n            <\/div>\n                                    <div class=\"card-social_media__icon-wrapper\">\n                    <i class=\"d-flex icon icon-x-footer\"><\/i>\n                <\/div>\n                <\/div>\n\n            <\/div>\n<\/div>\n \n<div class=\"col-24 col-lg-8 under-h3\">\n    <div class=\"press-list__post  h-100\" data-press-list-item=\"23960\">\n                \n    <div class=\"card-social_media\">\n                    <div class=\"card-social_media__overlay\"><\/div>\n                            <div class=\"card-social_media__content\">\n                <div class=\"card-social_media__description\">\n                    Trwa XI #Kongres Infrastruktury Polskiej. Budimex jest partnerem tego wydarzenia. \ud83d\udcac W debacie otwarcia po\u015bwi\u0119conej kluczowym zmianom, jakich potrzebuj\u0105 #inwestycje infrastrukturalne w Polsce, udzia\u0142 wzi\u0105\u0142 prezes #Budimex, Artur&#8230;                <\/div>\n            <\/div>\n                                    <div class=\"card-social_media__icon-wrapper\">\n                    <i class=\"d-flex icon icon-instagram-footer\"><\/i>\n                <\/div>\n                <\/div>\n\n            <\/div>\n<\/div>\n \n<div class=\"col-24 col-lg-8 under-h3\">\n    <div class=\"press-list__post  h-100\" data-press-list-item=\"23924\">\n                \n    <div class=\"card-social_media\">\n                    <a href=\"https:\/\/t.co\/9NTYBQZzYO\" class=\"card-social_media__link\" target=\"_blank\"><\/a>\n                    <div class=\"card-social_media__overlay\"><\/div>\n                            <div class=\"card-social_media__content\">\n                <div class=\"card-social_media__description\">\n                    Od lat m\u00f3wi\u0119, \u017ce Polacy pracuj\u0105 najwi\u0119cej w ca\u0142ej Europie.                <\/div>\n            <\/div>\n                                    <div class=\"card-social_media__icon-wrapper\">\n                    <i class=\"d-flex icon icon-facebook-footer\"><\/i>\n                <\/div>\n                <\/div>\n\n            <\/div>\n<\/div>\n                <\/div>\n            <\/div>\n        <\/div>\n        <div class=\"row\">\n            <div class=\"col-24\">\n                <div class=\"press-list__pagination\">\n                    <div class=\"pagination\" data-pagination data-settings='{\"max_pages\":1,\"pages_visible\":4}'>\n    <div class=\"pagination__wrapper\">\n        <button class=\"pagination__nav pagination__nav--prev\"><i class=\"icon icon-arrow-left d-flex\"><\/i><\/button>\n        <div class=\"pagination__pages-wrapper\">\n            <div class=\"pagination__numbers\"><\/div>\n        <\/div>\n        <button class=\"pagination__nav pagination__nav--next\"><i class=\"icon icon-arrow-right d-flex\"><\/i><\/button>\n    <\/div>\n<\/div>                <\/div>\n            <\/div>\n        <\/div>\n    <\/div>\n<\/section>","protected":false},"excerpt":{"rendered":"","protected":false},"author":1,"featured_media":0,"parent":135803,"menu_order":115,"comment_status":"closed","ping_status":"closed","template":"page-templates\/gutenberg-text-hero.php","meta":{"_acf_changed":false,"inline_featured_image":false,"footnotes":""},"acf":[],"yoast_head":"<!-- This site is optimized with the Yoast SEO plugin v22.5 - https:\/\/yoast.com\/wordpress\/plugins\/seo\/ -->\n<title>Social media - Budimex<\/title>\n<meta name=\"robots\" content=\"noindex, follow, max-snippet:-1, max-image-preview:large, max-video-preview:-1\" \/>\n<meta property=\"og:locale\" content=\"en_US\" \/>\n<meta property=\"og:type\" content=\"article\" \/>\n<meta property=\"og:title\" content=\"Social media - Budimex\" \/>\n<meta property=\"og:url\" content=\"https:\/\/bdm-stg.mda.pl\/en\/media\/social-media\/\" \/>\n<meta property=\"og:site_name\" content=\"Budimex\" \/>\n<meta property=\"article:modified_time\" content=\"2025-07-07T22:17:44+00:00\" \/>\n<meta name=\"twitter:card\" content=\"summary_large_image\" \/>\n<script type=\"application\/ld+json\" class=\"yoast-schema-graph\">{\"@context\":\"https:\/\/schema.org\",\"@graph\":[{\"@type\":\"WebPage\",\"@id\":\"https:\/\/bdm-stg.mda.pl\/en\/media\/social-media\/\",\"url\":\"https:\/\/bdm-stg.mda.pl\/en\/media\/social-media\/\",\"name\":\"Social media - Budimex\",\"isPartOf\":{\"@id\":\"https:\/\/bdm-stg.mda.pl\/en\/#website\"},\"datePublished\":\"2024-02-13T13:42:43+00:00\",\"dateModified\":\"2025-07-07T22:17:44+00:00\",\"breadcrumb\":{\"@id\":\"https:\/\/bdm-stg.mda.pl\/en\/media\/social-media\/#breadcrumb\"},\"inLanguage\":\"en-US\",\"potentialAction\":[{\"@type\":\"ReadAction\",\"target\":[\"https:\/\/bdm-stg.mda.pl\/en\/media\/social-media\/\"]}]},{\"@type\":\"BreadcrumbList\",\"@id\":\"https:\/\/bdm-stg.mda.pl\/en\/media\/social-media\/#breadcrumb\",\"itemListElement\":[{\"@type\":\"ListItem\",\"position\":1,\"name\":\"Home\",\"item\":\"https:\/\/bdm-stg.mda.pl\/en\/\"},{\"@type\":\"ListItem\",\"position\":2,\"name\":\"Media\",\"item\":\"https:\/\/bdm-stg.mda.pl\/en\/media\/\"},{\"@type\":\"ListItem\",\"position\":3,\"name\":\"Social media\"}]},{\"@type\":\"WebSite\",\"@id\":\"https:\/\/bdm-stg.mda.pl\/en\/#website\",\"url\":\"https:\/\/bdm-stg.mda.pl\/en\/\",\"name\":\"Budimex\",\"description\":\"\",\"potentialAction\":[{\"@type\":\"SearchAction\",\"target\":{\"@type\":\"EntryPoint\",\"urlTemplate\":\"https:\/\/bdm-stg.mda.pl\/en\/?s={search_term_string}\"},\"query-input\":\"required name=search_term_string\"}],\"inLanguage\":\"en-US\"}]}<\/script>\n<!-- \/ Yoast SEO plugin. -->","yoast_head_json":{"title":"Social media - Budimex","robots":{"index":"noindex","follow":"follow","max-snippet":"max-snippet:-1","max-image-preview":"max-image-preview:large","max-video-preview":"max-video-preview:-1"},"og_locale":"en_US","og_type":"article","og_title":"Social media - Budimex","og_url":"https:\/\/bdm-stg.mda.pl\/en\/media\/social-media\/","og_site_name":"Budimex","article_modified_time":"2025-07-07T22:17:44+00:00","twitter_card":"summary_large_image","schema":{"@context":"https:\/\/schema.org","@graph":[{"@type":"WebPage","@id":"https:\/\/bdm-stg.mda.pl\/en\/media\/social-media\/","url":"https:\/\/bdm-stg.mda.pl\/en\/media\/social-media\/","name":"Social media - Budimex","isPartOf":{"@id":"https:\/\/bdm-stg.mda.pl\/en\/#website"},"datePublished":"2024-02-13T13:42:43+00:00","dateModified":"2025-07-07T22:17:44+00:00","breadcrumb":{"@id":"https:\/\/bdm-stg.mda.pl\/en\/media\/social-media\/#breadcrumb"},"inLanguage":"en-US","potentialAction":[{"@type":"ReadAction","target":["https:\/\/bdm-stg.mda.pl\/en\/media\/social-media\/"]}]},{"@type":"BreadcrumbList","@id":"https:\/\/bdm-stg.mda.pl\/en\/media\/social-media\/#breadcrumb","itemListElement":[{"@type":"ListItem","position":1,"name":"Home","item":"https:\/\/bdm-stg.mda.pl\/en\/"},{"@type":"ListItem","position":2,"name":"Media","item":"https:\/\/bdm-stg.mda.pl\/en\/media\/"},{"@type":"ListItem","position":3,"name":"Social media"}]},{"@type":"WebSite","@id":"https:\/\/bdm-stg.mda.pl\/en\/#website","url":"https:\/\/bdm-stg.mda.pl\/en\/","name":"Budimex","description":"","potentialAction":[{"@type":"SearchAction","target":{"@type":"EntryPoint","urlTemplate":"https:\/\/bdm-stg.mda.pl\/en\/?s={search_term_string}"},"query-input":"required name=search_term_string"}],"inLanguage":"en-US"}]}},"_links":{"self":[{"href":"https:\/\/bdm-stg.mda.pl\/en\/wp-json\/wp\/v2\/pages\/135648"}],"collection":[{"href":"https:\/\/bdm-stg.mda.pl\/en\/wp-json\/wp\/v2\/pages"}],"about":[{"href":"https:\/\/bdm-stg.mda.pl\/en\/wp-json\/wp\/v2\/types\/page"}],"author":[{"embeddable":true,"href":"https:\/\/bdm-stg.mda.pl\/en\/wp-json\/wp\/v2\/users\/1"}],"replies":[{"embeddable":true,"href":"https:\/\/bdm-stg.mda.pl\/en\/wp-json\/wp\/v2\/comments?post=135648"}],"version-history":[{"count":2,"href":"https:\/\/bdm-stg.mda.pl\/en\/wp-json\/wp\/v2\/pages\/135648\/revisions"}],"predecessor-version":[{"id":135653,"href":"https:\/\/bdm-stg.mda.pl\/en\/wp-json\/wp\/v2\/pages\/135648\/revisions\/135653"}],"up":[{"embeddable":true,"href":"https:\/\/bdm-stg.mda.pl\/en\/wp-json\/wp\/v2\/pages\/135803"}],"wp:attachment":[{"href":"https:\/\/bdm-stg.mda.pl\/en\/wp-json\/wp\/v2\/media?parent=135648"}],"curies":[{"name":"wp","href":"https:\/\/api.w.org\/{rel}","templated":true}]}}